{"id":29593,"date":"2022-04-13T08:55:51","date_gmt":"2022-04-13T06:55:51","guid":{"rendered":"https:\/\/miljoenenlijn.nl\/?page_id=29593"},"modified":"2022-07-06T11:03:15","modified_gmt":"2022-07-06T09:03:15","slug":"allgemeine-geschaeftsbedingungen","status":"publish","type":"page","link":"https:\/\/miljoenenlijn.nl\/de\/allgemeine-geschaeftsbedingungen\/","title":{"rendered":"Allgemeine Gesch\u00e4ftsbedingungen"},"content":{"rendered":"\n<div class=\"ghostkit-grid ghostkit-grid-gap-md\"><div class=\"ghostkit-grid-inner\">\n<div class=\"ghostkit-col ghostkit-col-lg-12 ghostkit-col-2 is-layout-flow wp-block-ghostkit-grid-column-is-layout-flow\"><div class=\"ghostkit-col-content\"><\/div><\/div>\n\n\n\n<div class=\"ghostkit-col ghostkit-col-lg-12 ghostkit-col-8\"><div class=\"ghostkit-col-content is-layout-flow wp-block-ghostkit-grid-column-is-layout-flow\">\n<h2 class=\"wp-block-heading\">Allgemeine Gesch\u00e4ftsbedingungen<\/h2>\n\n\n\n<p>Durch die Vornahme einer Reservierung, den Kauf von Fahrkarten oder das Betreten unserer Z\u00fcge oder Bahnh\u00f6fe (Bahnhofsgel\u00e4nde) stimmen Sie den in diesem Dokument beschriebenen allgemeinen Gesch\u00e4ftsbedingungen zu.<\/p>\n\n\n\n<p>Auszug aus den allgemeinen Gesch\u00e4ftsbedingungen f\u00fcr die Erbringung von Dienstleistungen und die Lieferung von Waren durch ZLSM, die in der Kanzlei des Gerichts Maastricht unter der Nummer 24\/95 hinterlegt sind<\/p>\n\n\n\r\n<div class=\"eye-block bsbutton mb-3 d-flex justify-content-start\" >\r\n            <a class=\"btn btn-secondary\" href=\"https:\/\/miljoenenlijn.nl\/wp-content\/uploads\/2022\/06\/AllgemeineGescha\u0308ftsbedingungenMiljoenenlijn.pdf\" target=\"\">Allgemeine Gesch\u00e4ftsbedingungen als PDF herunterladen<\/a>\r\n    <\/div>\n\n\n<h2 class=\"wp-block-heading\">Artikel 1. Begriffsbestimmung<\/h2>\n\n\n\n<ol class=\"wp-block-list\" type=\"1\"><li>ZLSM und Miljoenenlijn:<br>Die Stichting Zuid\u2010Limburgse Stoomtrein Maatschappij (ZLSM), eingetragen im niederl\u00e4ndischen Handelsregister unter der Nummer 41077697, wurde mit dem Zweck, das Limburger Bahnkulturerbe zu erhalten, gegr\u00fcndet. Sie macht dies unter dem Museumsnamen \u201eMiljoenenlijn\u201c.<br>Die Durchf\u00fchrung des Bahnbetriebs wurde an die Tochtergesellschaft Z.L.S.M.-Bedrijf B.V., eingetragen im niederl\u00e4ndischen Handelsregister unter der Nummer 14047562, ausgelagert.<br>Die Stichting ist 100 %iger Anteilseigner dieser Tochtergesellschaft.<\/li><li>Auftraggeber:<br>Die nat\u00fcrliche oder juristische Person, die ZLSM den Auftrag zur Erbringung einer Dienstleistung oder Lieferung einer Ware f\u00fcr eine Einzelperson oder eine Gruppe erteilt.<\/li><li>Fahrgast:<br>Eine Person oder Personengruppe, die die Bahnangebote von ZLSM nutzt oder an den Standorten anwesend ist (siehe \u201eStandorte\u201c).<\/li><li>Standorte:<br>Alle Z\u00fcge, Bahnh\u00f6fe, Bahnsteige, Parkpl\u00e4tze und Bahnhofsgel\u00e4nde.<\/li><li>Sonderfahrt(en):<br>Buchung und Einsatz von zus\u00e4tzlichen Z\u00fcgen jenseits des regul\u00e4ren Fahrplans.<\/li><\/ol>\n\n\n\n<h3 class=\"wp-block-heading\">Artikel 2. Allgemeines<\/h3>\n\n\n\n<h4 class=\"wp-block-heading\">Artikel 2.1. Allgemeine Rechte und Pflichten<\/h4>\n\n\n\n<ol class=\"wp-block-list\" type=\"1\"><li>Bei ZLSM gelten die niederl\u00e4ndischen Gesetze und die in den Niederlanden \u00fcblichen Werte und Normen.<\/li><li>Bitte achten Sie w\u00e4hrend Ihres Besuchs auf Ihre eigene Sicherheit und die Sicherheit anderer Personen sowie auf Ihr Eigentum und das Eigentum von ZLSM.<\/li><li>Vermeiden Sie gef\u00e4hrliche Situationen und gehen Sie immer respektvoll miteinander um. \u00dcbermut, Zerst\u00f6rung, Verunreinigung, Gewalt, unn\u00f6tiger L\u00e4rm oder anderes unerw\u00fcnschtes Verhalten werden nicht toleriert.<\/li><li>Es ist den Fahrg\u00e4sten strengstens verboten, die Gleise zu betreten.<\/li><li>Die Fahrg\u00e4ste sind verpflichtet, allen Anweisungen der als Mitarbeiter von ZLSM erkennbaren Personen genau Folge zu leisten.<\/li><li>Werbung, \u00f6ffentliche Umfragen, Z\u00e4hlungen, Spendensammlungen und das Angebot von Waren und Dienstleistungen an den Standorten sind nicht gestattet, es sei denn, es wurde hierf\u00fcr die schriftliche Einwilligung des Marketingmanagers oder Vorstands von ZLSM erhalten.<\/li><li>Alle Fahrg\u00e4ste im Zug mit Ausnahme von kostenlos bef\u00f6rderten Kindern (unter 3 Jahren) m\u00fcssen \u00fcber eine f\u00fcr sie g\u00fcltige Fahrkarte oder Eintrittskarte verf\u00fcgen.<\/li><li>ZLSM beh\u00e4lt sich das Recht vor, bei Zwischenf\u00e4llen oder technischen Gebrechen vom ver\u00f6ffentlichten Fahrplan abzuweichen oder Ersatzz\u00fcge bzw. Ersatzverkehr einzusetzen.<\/li><li>Das Betreten der Standorte von ZLSM erfolgt auf eigene Gefahr. Kinder bis 16 Jahre d\u00fcrfen die Standorte nur unter Aufsicht und in Begleitung eines Erwachsenen betreten.<\/li><li>In Innenr\u00e4umen (inkl. Eisenbahnwagen und Zuggarnituren) und an \u00fcberdachten Standorten herrscht Rauchverbot. Dieses gilt auch f\u00fcr E-Zigaretten und E-Shishas.<\/li><li>Das Tragen von Waffen, das Handeln unter Einfluss von Alkohol oder Drogen und der Besitz von Bet\u00e4ubungsmitteln sind verboten.<\/li><li>Es ist nicht erlaubt, Gegenst\u00e4nde wie Telefone, Drohnen, Action-Cams, Selfie-Sticks usw. auf gef\u00e4hrliche oder st\u00f6rende Weise zu verwenden.<\/li><li>Fotografieren und Filmen ist erlaubt, sofern dies ausschlie\u00dflich zu privaten Zwecken erfolgt.<\/li><li>Es kann sein, dass Sie als Gast fotografiert oder gefilmt werden. Wir behalten uns das Recht vor, dieses Material, auf dem Sie m\u00f6glicherweise zu sehen sind, f\u00fcr Werbe- und Marketingzwecke zu verwenden. Es k\u00f6nnen keine datenschutzrechtlichen oder anderen Anspr\u00fcche von den angefertigten und ver\u00f6ffentlichten Bildern abgeleitet werden.<\/li><li>Zu Ihrer und unserer Sicherheit und zum Schutz Ihres und unseres Eigentums werden die Standorte mittels Kameras \u00fcberwacht.<\/li><\/ol>\n\n\n\n<h4 class=\"wp-block-heading\">Artikel 2.2. Kleidung<\/h4>\n\n\n\n<ol class=\"wp-block-list\" type=\"1\"><li>Das Tragen von Badekleidung ist an unseren Standorten verboten.<\/li><li>Es ist verboten, sich nackt oder mit nacktem Oberk\u00f6rper an den Standorten aufzuhalten.<\/li><li>In den Z\u00fcgen sind verpflichtend Schuhe zu tragen.<\/li><li>Mit Blick auf religi\u00f6s begr\u00fcndete Kleidung gelten die Regeln, die in den niederl\u00e4ndischen Gesetzen vorgesehen sind.<\/li><li>Im Zusammenhang mit Sicherheit oder Hygiene k\u00f6nnen erg\u00e4nzende Einschr\u00e4nkungen erlassen werden.<\/li><\/ol>\n\n\n\n<h3 class=\"wp-block-heading\">Artikel 3. Fahrkarten<\/h3>\n\n\n\n<ol class=\"wp-block-list\" type=\"1\"><li>Internetbestellungen werden sofort nach der Zahlung bearbeitet und Sie erhalten umgehend eine E-Mail mit den digitalen Fahrkarten (E-Tickets) im Anhang.<\/li><li>F\u00fcr Internetbestellungen arbeitet ZLSM mit dem Ticketsystem \u201eTickli\u201c, das zu Visit Zuid-Limburg geh\u00f6rt.<\/li><li>F\u00fcr alle \u00fcber Tickli get\u00e4tigten Bestellungen gelten die allgemeinen Gesch\u00e4ftsbedingungen und die Datenschutzerkl\u00e4rung von Tickli.<\/li><\/ol>\n\n\n\n<p>Diese sind unter www.tickli.nl\/uploads\/Algemene_voorwaarden.pdf bzw. <a href=\"http:\/\/www.tickli.nl\/uploads\/Privacyverklaring_Tickli.pdf\">www.tickli.nl\/uploads\/Privacyverklaring_Tickli.pdf<\/a> zu finden.<\/p>\n\n\n\n<ul class=\"wp-block-list\"><li>Sollten Sie Probleme bei der Bestellung von Fahrkarten im Internet haben, k\u00f6nnen Sie sich unter +31 43 6098536 an den Kundendienst von Tickli wenden, erreichbar von Montag bis Samstag von 9:00 Uhr bis 17:00 Uhr.<\/li><li>Die E-Tickets werden am Fahrkartenschalter in Simpelveld oder im Zug vom Zugbegleiter gescannt und Sie erhalten eine g\u00fcltige Miljoenenlijn-Fahrkarte.<\/li><li>Bereits gescannte Tickets verlieren ihre G\u00fcltigkeit.<\/li><li>Jede Fahrkarte (ausgen. Familienkarten) r\u00e4umt einer Person das Recht auf Zutritt zu den Z\u00fcgen von ZLSM ein.<\/li><li>E-Tickets im Rahmen von Arrangements werden nur am Fahrkartenschalter am Bahnhof Simpelveld entgegengenommen.<\/li><li>Fahr- oder Eintrittskarten sind nur an dem auf dem Ticket angegebenen Tag oder f\u00fcr den auf dem Ticket angegebenen Zeitraum g\u00fcltig.<\/li><li>Fahr- oder Eintrittskarten k\u00f6nnen nicht gegen Bargeld oder andere Dienstleistungen von ZLSM getauscht werden.<\/li><li>Abhanden gekommene, verlorene, besch\u00e4digte, vergessene oder gestohlene Fahr- oder Eintrittskarten werden von ZLSM nicht ersetzt\/erstattet.<\/li><li>Es kann vorkommen, dass bei ZLSM erworbene Fahrkarten von Dritten zu einem h\u00f6heren als dem urspr\u00fcnglichen Preis weiterverkauft werden. ZLSM lehnt solche Vorgehensweisen ab. Wenden Sie sich am besten immer an die offiziellen Verkaufsstellen.<\/li><li>ZLSM haftet nicht f\u00fcr Fahrkarten, die au\u00dferhalb der regul\u00e4ren Verkaufskan\u00e4le erworben wurden. Es ist verboten, neue oder bereits gebrauchte Fahr- oder Eintrittskarten (weiter) zu verkaufen.<\/li><\/ul>\n\n\n\n<h3 class=\"wp-block-heading\">Artikel 4. Lieferbedingungen f\u00fcr Sonderbuchungen und Gruppen<\/h3>\n\n\n\n<h4 class=\"wp-block-heading\">Artikel 4.1. Allgemeines<\/h4>\n\n\n\n<ol class=\"wp-block-list\" type=\"1\"><li>Unter Sonderbuchungen und Gruppen wird verstanden: Sonderfahrten, Gruppenbuchungen und Buchungen durch Reiseveranstalter und Busunternehmen.<\/li><li>Der Auftraggeber ist verpflichtet, von ihm selbst oder von zu seiner Gruppe geh\u00f6renden Personen verursachte Sch\u00e4den und die daraus hervorgehenden direkten oder indirekten Kosten unverz\u00fcglich zu ersetzen. <strong><br><\/strong><\/li><\/ol>\n\n\n\n<h4 class=\"wp-block-heading\">Artikel 4.2. Anzahlung<\/h4>\n\n\n\n<ol class=\"wp-block-list\" type=\"1\"><li>ZLSM ist berechtigt, vom Auftraggeber eine Anzahlung f\u00fcr den vereinbarten Betrag in H\u00f6he von maximal 50 % des Gesamtbetrags zu verlangen.<\/li><li>Die Endabrechnung erfolgt am Tag des Besuchs am Fahrkartenschalter am Bahnhof Simpelveld, sofern nicht schriftlich etwas anderes vereinbart wurde.<\/li><\/ol>\n\n\n\n<h4 class=\"wp-block-heading\">Artikel 4.3. Preis\u00e4nderungen<\/h4>\n\n\n\n<ol class=\"wp-block-list\" type=\"1\"><li>Die Lieferung von Waren und die Erbringung von Dienstleistungen durch ZLSM erfolgen zu den im Fahrplan, auf Preislisten und anderswo angegebenen, f\u00fcr das Jahr, in dem der genannte Fahrplan und die genannten Preislisten in Kraft sind, geltenden Preisen.<\/li><li>Abweichende Fahrpreise oder sonstige Preise gelten nur, wenn sie vor der Dienstleistung schriftlich von ZLSM best\u00e4tigt wurden.<\/li><li>Im Fall einer Preiserh\u00f6hung f\u00fcr das folgende Jahr hat der Auftraggeber das Recht, innerhalb eines Monats nach Bekanntgabe der ge\u00e4nderten Preise kostenlos von einem bereits geschlossenen Vertrag zur\u00fcckzutreten. Der Auftraggeber hat sodann Anspruch auf R\u00fcckzahlung bereits get\u00e4tigter Anzahlungen.<\/li><\/ol>\n\n\n\n<h4 class=\"wp-block-heading\">Artikel 4.4. Stornierung<\/h4>\n\n\n\n<ol class=\"wp-block-list\" type=\"1\"><li>Wenn der Auftraggeber aus irgendeinem anderen als dem in Artikel 5 genannten Grund den Vertrag storniert, werden die folgenden Stornogeb\u00fchren f\u00e4llig:<ol><li>bis 30 Tage vor der Leistungserbringung: keine Kosten<\/li><\/ol><ol><li>30 bis mehr als 10 Tage vor der Leistungserbringung: 10 % des vereinbarten Preises<\/li><\/ol><ol><li>10 bis mehr als 2 Tage vor der Leistungserbringung: 25 % des vereinbarten Preises<\/li><\/ol><ol><li>weniger als 48 Stunden vor der Leistungserbringung: 50 % des vereinbarten Preises<\/li><\/ol><ol><li>w\u00e4hrend der Leistungserbringung: Gesamtpreis<\/li><\/ol><ol><li>Eine Stornierung kann ausschlie\u00dflich schriftlich vor Beginn der Leistungserbringung erfolgen und gilt ab der Best\u00e4tigung durch ZLSM.<\/li><\/ol><\/li><\/ol>\n\n\n\n<h3 class=\"wp-block-heading\">Artikel 5. Haftung von ZLSM<\/h3>\n\n\n\n<ol class=\"wp-block-list\" type=\"1\"><li>ZLSM haftet innerhalb der Grenzen des niederl\u00e4ndischen \u201eBurgerlijk Wetboek\u201c (\u201eB\u00fcrgerliches Gesetzbuch\u201c), der niederl\u00e4ndischen \u201eSpoorwegwetgeving\u201c (\u201eEisenbahngesetz\u201c) und des niederl\u00e4ndischen \u201eWet Personenvervoer\u201c (\u201ePersonenbef\u00f6rderungsgesetz\u201c) f\u00fcr alle Sch\u00e4den, die von Mitarbeitern von ZLSM verursacht wurden.<\/li><li>ZLSM \u00fcbernimmt keine Haftung f\u00fcr Sch\u00e4den infolge von Versp\u00e4tungen oder Ausfall organisierter Fahrten in einer H\u00f6he, die den f\u00fcr die genannten Fahrten bereits nachweislich gezahlten Betrag \u00fcbersteigt.<\/li><li>ZLSM haftet in diesem Fall nur f\u00fcr Sch\u00e4den an Kleidung und mitgef\u00fchrtem Gep\u00e4ck der Fahrg\u00e4ste, sofern der Fahrgast das Verschulden von ZLSM oder der Mitarbeiter von ZLSM nachweist.<\/li><\/ol>\n\n\n\n<ul class=\"wp-block-list\"><li>Die Haftung von ZLSM f\u00fcr Sch\u00e4den an Kleidung oder Gep\u00e4ck von Fahrg\u00e4sten ist in jedem Fall auf einen Betrag von maximal 50,00 \u20ac pro Kleidungs-\/Gep\u00e4cksst\u00fcck und maximal 500,00 \u20ac pro Fahrgast beschr\u00e4nkt.<\/li><li>Fahrg\u00e4ste m\u00fcssen Sch\u00e4den innerhalb von 48 Stunden nach Beendigung der jeweiligen Fahrt unter Angabe der Art und des Ausma\u00dfes des Schadens bei ZLSM melden. <strong><\/strong><\/li><\/ul>\n\n\n\n<h3 class=\"wp-block-heading\">Artikel 6. Veranstaltungen<\/h3>\n\n\n\n<ol class=\"wp-block-list\" type=\"1\"><li>F\u00fcr Veranstaltungen oder Teile des Veranstaltungsgel\u00e4ndes kann eine zus\u00e4tzliche Eintrittsgeb\u00fchr verlangt werden.<\/li><li>F\u00fcr Veranstaltungen gilt eine Beschr\u00e4nkung der maximal erh\u00e4ltlichen Karten (ausgebucht ist ausgebucht).<\/li><li>Alle Kartenbestellungen f\u00fcr Veranstaltungen werden in der Reihenfolge ihres Eintreffens bearbeitet.<\/li><li>Reklamationen \u00fcber eine vermeintlich nicht korrekte Abwicklung von Bestellungen werden sp\u00e4testens 3 Wochen nach deren Versand bearbeitet.<\/li><li>Sofern angegeben, m\u00fcssen E-Tickets an unserer Kasse in Armb\u00e4nder umgetauscht werden. Diese Armb\u00e4nder m\u00fcssen bei Betreten des ZLSM-Gel\u00e4ndes am Armgelenk der Besucher befestigt sein.<\/li><li>Eintrittskarten (ausgen. \u201eBahnsteigkarten\u201c) berechtigen zum Zutritt zu allen ZLSM-Bahnh\u00f6fen, zur Teilnahme an den angebotenen Aktivit\u00e4ten und zur Mitfahrt in allen ZLSM-Z\u00fcgen.<\/li><\/ol>\n\n\n\n<h3 class=\"wp-block-heading\">Artikel 7. Streitigkeiten<\/h3>\n\n\n\n<p>Etwaige Streitigkeiten zwischen Auftraggeber\/Fahrgast und ZLSM werden ausschlie\u00dflich vom zust\u00e4ndigen Richter am Gericht Limburg, Standort Maastricht, behandelt.<\/p>\n\n\n\n<h2 class=\"wp-block-heading\">Datenschutzerkl\u00e4rung<\/h2>\n\n\n\n<p>Der Schutz der Daten unserer Fahrg\u00e4ste ist uns ein gro\u00dfes Anliegen und wir sorgen daher daf\u00fcr, dass personenbezogene Daten, die uns \u00fcbermittelt werden, vertraulich behandelt werden. Unsere Mitarbeiter und Ehrenamtliche sind \u00fcber den sorgsamen Umgang mit sensiblen Informationen, die dem Datenschutz unterliegen, informiert. Die Verarbeitung personenbezogener Daten erfolgt in \u00dcbereinstimmung mit den Anforderungen des niederl\u00e4ndischen Datenschutzgesetzes (\u201eWet Bescherming Persoonsgegevens\u201c).<\/p>\n\n\n\n<p>Wenn Sie eine Bestellung t\u00e4tigen, \u00fcbermitteln Sie auch personenbezogene Daten an Zuid-Limburgse Stoomtrein Maatschappij. Diese Daten werden von uns zum Zweck des Schlie\u00dfens und der Erf\u00fcllung von Vertr\u00e4gen \u00fcber Rechtsdienstleistungen und der Verwaltung der daraus hervorgehenden Beziehungen einschlie\u00dflich der Durchf\u00fchrung von Aktivit\u00e4ten, die auf die Ausweitung des Kundenbestands ausgerichtet sind, verwendet.<br>Die Daten sind ausschlie\u00dflich f\u00fcr den internen Gebrauch bestimmt und werden nicht an Dritte \u00fcbermittelt.<\/p>\n\n\n\n<p>Wir behalten uns das Recht vor, diese Datenschutzerkl\u00e4rung zu \u00e4ndern. \u00c4nderungen werden auf der Website www.miljoenenlijn.nl ver\u00f6ffentlicht.<\/p>\n\n\n\n<p>Erg\u00e4nzungen zu dieser Datenschutzerkl\u00e4rung in Bezug auf unsere Website (deren Nutzung) sind auf unserer Website <a href=\"http:\/\/www.miljoenenlijn.nl\">www.miljoenenlijn.nl<\/a> zu finden.<\/p>\n\n\n\n<p>Wir w\u00fcnschen Ihnen viel Spa\u00df und einen angenehmen Aufenthalt bei Miljoenenlijn!<\/p>\n\n\n\n<p>Vorstand und Ehrenamtliche von ZLSM<\/p>\n\n\n\n<p>Zuid-Limburgse Stoomtrein Maatschappij<br>Exploitant van De Miljoenenlijn<br>Stationstraat 20<br>NL-6369 VJ Simpelveld<\/p>\n\n\n\n<p>Die allgemeinen Gesch\u00e4ftsbedingungen und die Datenschutzerkl\u00e4rung liegen zur Einsichtnahme am Fahrkartenschalter am Bahnhof Simpelveld aus und sind auf unserer Website unter <a href=\"http:\/\/www.miljoenenlijn.nl\/algemene-voorwaarden\">www.miljoenenlijn.nl\/algemene-voorwaarden<\/a> zu finden.<\/p>\n\n\n\n<h3 class=\"wp-block-heading\">Cookies oder \u00e4hnliche Technologien, die wir verwenden<\/h3>\n\n\n\n<p>Die ZLSM verwendet funktionale, analytische und Tracking-Cookies. Ein Cookie ist eine kleine Textdatei, die im Browser Ihres Computers, Tablets oder Smartphones gespeichert wird, wenn Sie diese Website zum ersten Mal besuchen. Die ZLSM verwendet Cookies mit einer rein technischen Funktion. Sie stellen sicher, dass die Website ordnungsgem\u00e4\u00df funktioniert und dass beispielsweise Ihre Pr\u00e4ferenzen gespeichert werden. Diese Cookies werden auch verwendet, um das Funktionieren der Website zu gew\u00e4hrleisten und sie zu optimieren. Wir platzieren auch Cookies, die Ihr Surfverhalten verfolgen, damit wir Ihnen ma\u00dfgeschneiderte Inhalte und Werbung anbieten k\u00f6nnen.<\/p>\n\n\n\n<p>Sie k\u00f6nnen Cookies ablehnen, indem Sie Ihren Internet-Browser so konfigurieren, dass er keine Cookies mehr speichert. Dar\u00fcber hinaus k\u00f6nnen Sie alle zuvor gespeicherten Informationen \u00fcber Ihre Browsereinstellungen l\u00f6schen. F\u00fcr eine Erkl\u00e4rung siehe: <a href=\"https:\/\/veiliginternetten.nl\/themes\/situatie\/cookies-wat-zijn-het-en-wat-doe-ik-ermee\/\">https:\/\/veiliginternetten.nl\/themes\/situatie\/cookies-wat-zijn-het-en-wat-doe-ik-ermee\/<\/a><\/p>\n\n\n\n<p>Cookies werden auch von Dritten auf dieser Website platziert. Dies sind zum Beispiel Werbetreibende und\/oder Social-Media-Unternehmen. Nachfolgend ein \u00dcberblick:<\/p>\n\n\n\n<ul class=\"wp-block-list\"><li><strong>Cookie: Google Analytics<br><\/strong>Name: _utma<br>Funktion: Analytisches Cookie zur Messung des Website-Verkehrs<br>Speicherdauer: 2 Jahre<\/li><\/ul>\n\n\n\n<p><span id=\"ga-opt-out-container\">Sie k\u00f6nnen Google-Cookies \u00fcber <a id=\"ga-opt-out\" href=\"#\">diesen Link deaktivieren<\/a><\/span><\/p>\n\n\n\n<p><em>Fassung: 22. Februar 2022; 10:00 Uhr<\/em><\/p>\n<\/div><\/div>\n\n\n\n<div class=\"ghostkit-col ghostkit-col-lg-12 ghostkit-col-2 is-layout-flow wp-block-ghostkit-grid-column-is-layout-flow\"><div class=\"ghostkit-col-content\"><\/div><\/div>\n<\/div><\/div>\n","protected":false},"excerpt":{"rendered":"","protected":false},"author":1,"featured_media":0,"parent":0,"menu_order":0,"comment_status":"closed","ping_status":"closed","template":"","meta":{"_acf_changed":false,"ghostkit_customizer_options":"","ghostkit_custom_css":"","ghostkit_custom_js_head":"","ghostkit_custom_js_foot":"","ghostkit_typography":"","footnotes":""},"class_list":["post-29593","page","type-page","status-publish","hentry"],"acf":[],"yoast_head":"<!-- This site is optimized with the Yoast SEO plugin v27.3 - https:\/\/yoast.com\/product\/yoast-seo-wordpress\/ -->\n<title>Allgemeine Gesch\u00e4ftsbedingungen - De Miljoenenlijn<\/title>\n<meta name=\"robots\" content=\"index, follow, max-snippet:-1, max-image-preview:large, max-video-preview:-1\" \/>\n<link rel=\"canonical\" href=\"https:\/\/miljoenenlijn.nl\/de\/allgemeine-geschaeftsbedingungen\/\" \/>\n<meta property=\"og:locale\" content=\"de_DE\" \/>\n<meta property=\"og:type\" content=\"article\" \/>\n<meta property=\"og:title\" content=\"Allgemeine Gesch\u00e4ftsbedingungen - De Miljoenenlijn\" \/>\n<meta property=\"og:url\" content=\"https:\/\/miljoenenlijn.nl\/de\/allgemeine-geschaeftsbedingungen\/\" \/>\n<meta property=\"og:site_name\" content=\"De Miljoenenlijn\" \/>\n<meta property=\"article:publisher\" content=\"https:\/\/www.facebook.com\/miljoenenlijn\" \/>\n<meta property=\"article:modified_time\" content=\"2022-07-06T09:03:15+00:00\" \/>\n<meta name=\"twitter:card\" content=\"summary_large_image\" \/>\n<meta name=\"twitter:site\" content=\"@Miljoenenlijn\" \/>\n<meta name=\"twitter:label1\" content=\"Gesch\u00e4tzte Lesezeit\" \/>\n\t<meta name=\"twitter:data1\" content=\"9\u00a0Minuten\" \/>\n<script type=\"application\/ld+json\" class=\"yoast-schema-graph\">{\"@context\":\"https:\\\/\\\/schema.org\",\"@graph\":[{\"@type\":\"WebPage\",\"@id\":\"https:\\\/\\\/miljoenenlijn.nl\\\/de\\\/allgemeine-geschaeftsbedingungen\\\/\",\"url\":\"https:\\\/\\\/miljoenenlijn.nl\\\/de\\\/allgemeine-geschaeftsbedingungen\\\/\",\"name\":\"Allgemeine Gesch\u00e4ftsbedingungen - De Miljoenenlijn\",\"isPartOf\":{\"@id\":\"https:\\\/\\\/miljoenenlijn.nl\\\/de\\\/#website\"},\"datePublished\":\"2022-04-13T06:55:51+00:00\",\"dateModified\":\"2022-07-06T09:03:15+00:00\",\"breadcrumb\":{\"@id\":\"https:\\\/\\\/miljoenenlijn.nl\\\/de\\\/allgemeine-geschaeftsbedingungen\\\/#breadcrumb\"},\"inLanguage\":\"de\",\"potentialAction\":[{\"@type\":\"ReadAction\",\"target\":[\"https:\\\/\\\/miljoenenlijn.nl\\\/de\\\/allgemeine-geschaeftsbedingungen\\\/\"]}]},{\"@type\":\"BreadcrumbList\",\"@id\":\"https:\\\/\\\/miljoenenlijn.nl\\\/de\\\/allgemeine-geschaeftsbedingungen\\\/#breadcrumb\",\"itemListElement\":[{\"@type\":\"ListItem\",\"position\":1,\"name\":\"Home\",\"item\":\"https:\\\/\\\/miljoenenlijn.nl\\\/de\\\/\"},{\"@type\":\"ListItem\",\"position\":2,\"name\":\"Allgemeine Gesch\u00e4ftsbedingungen\"}]},{\"@type\":\"WebSite\",\"@id\":\"https:\\\/\\\/miljoenenlijn.nl\\\/de\\\/#website\",\"url\":\"https:\\\/\\\/miljoenenlijn.nl\\\/de\\\/\",\"name\":\"De Miljoenenlijn\",\"description\":\"E\u00e9n van de mooiste spoorlijnen van Nederland!\",\"publisher\":{\"@id\":\"https:\\\/\\\/miljoenenlijn.nl\\\/de\\\/#organization\"},\"potentialAction\":[{\"@type\":\"SearchAction\",\"target\":{\"@type\":\"EntryPoint\",\"urlTemplate\":\"https:\\\/\\\/miljoenenlijn.nl\\\/de\\\/?s={search_term_string}\"},\"query-input\":{\"@type\":\"PropertyValueSpecification\",\"valueRequired\":true,\"valueName\":\"search_term_string\"}}],\"inLanguage\":\"de\"},{\"@type\":\"Organization\",\"@id\":\"https:\\\/\\\/miljoenenlijn.nl\\\/de\\\/#organization\",\"name\":\"De Miljoenenlijn\",\"url\":\"https:\\\/\\\/miljoenenlijn.nl\\\/de\\\/\",\"logo\":{\"@type\":\"ImageObject\",\"inLanguage\":\"de\",\"@id\":\"https:\\\/\\\/miljoenenlijn.nl\\\/de\\\/#\\\/schema\\\/logo\\\/image\\\/\",\"url\":\"https:\\\/\\\/miljoenenlijn.nl\\\/wp-content\\\/uploads\\\/2022\\\/07\\\/logo-footer-2018.png\",\"contentUrl\":\"https:\\\/\\\/miljoenenlijn.nl\\\/wp-content\\\/uploads\\\/2022\\\/07\\\/logo-footer-2018.png\",\"width\":700,\"height\":593,\"caption\":\"De Miljoenenlijn\"},\"image\":{\"@id\":\"https:\\\/\\\/miljoenenlijn.nl\\\/de\\\/#\\\/schema\\\/logo\\\/image\\\/\"},\"sameAs\":[\"https:\\\/\\\/www.facebook.com\\\/miljoenenlijn\",\"https:\\\/\\\/x.com\\\/Miljoenenlijn\",\"https:\\\/\\\/www.instagram.com\\\/miljoenenlijn\\\/\",\"https:\\\/\\\/www.youtube.com\\\/user\\\/ZLSMMiljoenenlijn\"]}]}<\/script>\n<!-- \/ Yoast SEO plugin. -->","yoast_head_json":{"title":"Allgemeine Gesch\u00e4ftsbedingungen - De Miljoenenlijn","robots":{"index":"index","follow":"follow","max-snippet":"max-snippet:-1","max-image-preview":"max-image-preview:large","max-video-preview":"max-video-preview:-1"},"canonical":"https:\/\/miljoenenlijn.nl\/de\/allgemeine-geschaeftsbedingungen\/","og_locale":"de_DE","og_type":"article","og_title":"Allgemeine Gesch\u00e4ftsbedingungen - De Miljoenenlijn","og_url":"https:\/\/miljoenenlijn.nl\/de\/allgemeine-geschaeftsbedingungen\/","og_site_name":"De Miljoenenlijn","article_publisher":"https:\/\/www.facebook.com\/miljoenenlijn","article_modified_time":"2022-07-06T09:03:15+00:00","twitter_card":"summary_large_image","twitter_site":"@Miljoenenlijn","twitter_misc":{"Gesch\u00e4tzte Lesezeit":"9\u00a0Minuten"},"schema":{"@context":"https:\/\/schema.org","@graph":[{"@type":"WebPage","@id":"https:\/\/miljoenenlijn.nl\/de\/allgemeine-geschaeftsbedingungen\/","url":"https:\/\/miljoenenlijn.nl\/de\/allgemeine-geschaeftsbedingungen\/","name":"Allgemeine Gesch\u00e4ftsbedingungen - De Miljoenenlijn","isPartOf":{"@id":"https:\/\/miljoenenlijn.nl\/de\/#website"},"datePublished":"2022-04-13T06:55:51+00:00","dateModified":"2022-07-06T09:03:15+00:00","breadcrumb":{"@id":"https:\/\/miljoenenlijn.nl\/de\/allgemeine-geschaeftsbedingungen\/#breadcrumb"},"inLanguage":"de","potentialAction":[{"@type":"ReadAction","target":["https:\/\/miljoenenlijn.nl\/de\/allgemeine-geschaeftsbedingungen\/"]}]},{"@type":"BreadcrumbList","@id":"https:\/\/miljoenenlijn.nl\/de\/allgemeine-geschaeftsbedingungen\/#breadcrumb","itemListElement":[{"@type":"ListItem","position":1,"name":"Home","item":"https:\/\/miljoenenlijn.nl\/de\/"},{"@type":"ListItem","position":2,"name":"Allgemeine Gesch\u00e4ftsbedingungen"}]},{"@type":"WebSite","@id":"https:\/\/miljoenenlijn.nl\/de\/#website","url":"https:\/\/miljoenenlijn.nl\/de\/","name":"De Miljoenenlijn","description":"E\u00e9n van de mooiste spoorlijnen van Nederland!","publisher":{"@id":"https:\/\/miljoenenlijn.nl\/de\/#organization"},"potentialAction":[{"@type":"SearchAction","target":{"@type":"EntryPoint","urlTemplate":"https:\/\/miljoenenlijn.nl\/de\/?s={search_term_string}"},"query-input":{"@type":"PropertyValueSpecification","valueRequired":true,"valueName":"search_term_string"}}],"inLanguage":"de"},{"@type":"Organization","@id":"https:\/\/miljoenenlijn.nl\/de\/#organization","name":"De Miljoenenlijn","url":"https:\/\/miljoenenlijn.nl\/de\/","logo":{"@type":"ImageObject","inLanguage":"de","@id":"https:\/\/miljoenenlijn.nl\/de\/#\/schema\/logo\/image\/","url":"https:\/\/miljoenenlijn.nl\/wp-content\/uploads\/2022\/07\/logo-footer-2018.png","contentUrl":"https:\/\/miljoenenlijn.nl\/wp-content\/uploads\/2022\/07\/logo-footer-2018.png","width":700,"height":593,"caption":"De Miljoenenlijn"},"image":{"@id":"https:\/\/miljoenenlijn.nl\/de\/#\/schema\/logo\/image\/"},"sameAs":["https:\/\/www.facebook.com\/miljoenenlijn","https:\/\/x.com\/Miljoenenlijn","https:\/\/www.instagram.com\/miljoenenlijn\/","https:\/\/www.youtube.com\/user\/ZLSMMiljoenenlijn"]}]}},"_links":{"self":[{"href":"https:\/\/miljoenenlijn.nl\/de\/wp-json\/wp\/v2\/pages\/29593","targetHints":{"allow":["GET"]}}],"collection":[{"href":"https:\/\/miljoenenlijn.nl\/de\/wp-json\/wp\/v2\/pages"}],"about":[{"href":"https:\/\/miljoenenlijn.nl\/de\/wp-json\/wp\/v2\/types\/page"}],"author":[{"embeddable":true,"href":"https:\/\/miljoenenlijn.nl\/de\/wp-json\/wp\/v2\/users\/1"}],"replies":[{"embeddable":true,"href":"https:\/\/miljoenenlijn.nl\/de\/wp-json\/wp\/v2\/comments?post=29593"}],"version-history":[{"count":8,"href":"https:\/\/miljoenenlijn.nl\/de\/wp-json\/wp\/v2\/pages\/29593\/revisions"}],"predecessor-version":[{"id":30609,"href":"https:\/\/miljoenenlijn.nl\/de\/wp-json\/wp\/v2\/pages\/29593\/revisions\/30609"}],"wp:attachment":[{"href":"https:\/\/miljoenenlijn.nl\/de\/wp-json\/wp\/v2\/media?parent=29593"}],"curies":[{"name":"wp","href":"https:\/\/api.w.org\/{rel}","templated":true}]}}