{"id":29653,"date":"2022-05-05T17:05:21","date_gmt":"2022-05-05T15:05:21","guid":{"rendered":"https:\/\/miljoenenlijn.nl\/?page_id=29653"},"modified":"2026-01-04T15:37:57","modified_gmt":"2026-01-04T14:37:57","slug":"fahrpreise","status":"publish","type":"page","link":"https:\/\/miljoenenlijn.nl\/de\/praktische-information\/fahrpreise\/","title":{"rendered":"Fahrpreise"},"content":{"rendered":"\n<div class=\"ghostkit-grid ghostkit-grid-gap-md\"><div class=\"ghostkit-grid-inner\">\n<div class=\"ghostkit-col ghostkit-col-lg-12 ghostkit-col-2 is-layout-flow wp-block-ghostkit-grid-column-is-layout-flow\"><div class=\"ghostkit-col-content\"><\/div><\/div>\n\n\n\n<div class=\"ghostkit-col ghostkit-col-lg-12 ghostkit-col-8\"><div class=\"ghostkit-col-content is-layout-flow wp-block-ghostkit-grid-column-is-layout-flow\">\n<h2 class=\"wp-block-heading\" id=\"fahrpreise-fahrkarten\">Fahrpreise &amp; Fahrkarten<\/h2>\n\n\n\n<p>Entdecken Sie bei einer Reise auf der Miljoenenlijn durch das S\u00fcd-Limburgische H\u00fcgelland die Nostalgie der Eisenbahn. Hier finden Sie unsere aktuellen Fahrpreise.<\/p>\n\n\n\n<h4 class=\"wp-block-heading\" id=\"preise-2025\">Preise 2026<\/h4>\n\n\n\n<p>Jede Art von Fahrkarte gilt f\u00fcr Zugfahrten auf unserer Museumslinie ab dem gew\u00e4hlten Zeitfenster. Diese Zeitauswahl kann im Ticketshop getroffen werden.<\/p>\n\n\n\n<figure class=\"wp-block-table is-style-stripes\"><table><thead><tr><th>Ticket<\/th><th class=\"has-text-align-right\" data-align=\"right\">Online<\/th><th class=\"has-text-align-right\" data-align=\"right\">Schalter<\/th><\/tr><\/thead><tbody><tr><td><strong>Tageskarte Erwachsene<br><\/strong>ab 12 Jahren<\/td><td class=\"has-text-align-right\" data-align=\"right\"><strong>\u20ac 21,50<\/strong><\/td><td class=\"has-text-align-right\" data-align=\"right\"><strong>\u20ac 24,00<\/strong><\/td><\/tr><tr><td><strong>Tageskarte Kinder<br><\/strong>von 3 bis 11 Jahren<\/td><td class=\"has-text-align-right\" data-align=\"right\"><strong>\u20ac 11,50<\/strong><\/td><td class=\"has-text-align-right\" data-align=\"right\"><strong>\u20ac 14,00<\/strong><\/td><\/tr><tr><td><strong>Tageskarte Kinder<strong><br><\/strong><\/strong>bis 2 Jahren<\/td><td class=\"has-text-align-right\" data-align=\"right\"><strong>gratis<\/strong><\/td><td class=\"has-text-align-right\" data-align=\"right\"><strong>gratis<\/strong><\/td><\/tr><tr><td><strong>Tageskarte Familie<\/strong><br>2 Erwachsene + 2 Kinder<\/td><td class=\"has-text-align-right\" data-align=\"right\"><strong>\u20ac 54,00<\/strong><\/td><td class=\"has-text-align-right\" data-align=\"right\"><strong>\u20ac 63,00<\/strong><\/td><\/tr><tr><td><strong>Gruppenkarte<\/strong><br>ab 20 Personen, mehr Informationen zu Reisen in <a href=\"\/de\/gruppen\">Gruppen finden Sie hier<\/a><\/td><td class=\"has-text-align-right\" data-align=\"right\"><strong>\u20ac 19,50<\/strong><\/td><td class=\"has-text-align-right\" data-align=\"right\"><strong>\u20ac 22,00<\/strong><\/td><\/tr><\/tbody><\/table><\/figure>\n\n\n\r\n<div class=\"eye-block eye_empty_space eye_empty_space--small pt-md-3 pb-md-3 pt-2 pb-2\" ><\/div>\n\n\r\n<div class=\"eye-block card bg--yellow \">\r\n            <div class=\"card__icon\">\r\n            <i class=\"fa-light fa-ticket\"><\/i>\r\n        <\/div>\r\n    \r\n    <div class=\"card__content\">\r\n        <p>Bitte beachten Sie: Unser Dampfzug hat eine maximale Kapazit\u00e4t von 5 Waggons. Wenn diese Pl\u00e4tze innerhalb eines Zeitfensters belegt sind, ist es nicht mehr m\u00f6glich, f\u00fcr dieses Zeitfenster Karten zu bestellen. Nicht einmal am Ticketschalter in Simpelveld.<\/p>\n    <\/div>\r\n<\/div>\n\n\r\n<div class=\"eye-block eye_empty_space eye_empty_space--medium pt-md-4 pb-md-4 pt-3 pb-3\" ><\/div>\n\n\n<h4 class=\"wp-block-heading\" id=\"einsteigen-oder-aussteigen-an-einer-beliebigen-station-der-miljoenenlijn\">Einsteigen oder Aussteigen an einer beliebigen Station der Miljoenenlijn<\/h4>\n\n\n\n<p>Mit Hilfe des <a href=\"https:\/\/miljoenenlijn.nl\/de\/fahrtage\/\">Fahrplans<\/a> entscheiden Sie, welchen Zug Sie nehmen und wo Sie ein- und aussteigen. Die Miljoenenlijn verkehrt auf den folgenden Strecken:<\/p>\n\n\n\n<ul class=\"wp-block-list is-style-default\">\n<li><a href=\"\/de\/haltestellen\/\">Simpelveld \u2013 Schin op Geul \u2013 (Valkenburg)<\/a><\/li>\n\n\n\n<li><a href=\"\/de\/haltestellen\/\">Simpelveld \u2013 Kerkrade<\/a><\/li>\n\n\n\n<li><a href=\"\/de\/haltestellen\/\">Simpelveld \u2013 Vetschau (D)<\/a><\/li>\n<\/ul>\n\n\n\n<h4 class=\"wp-block-heading\" id=\"eingeschlossen-entdecken-sie-sudlimburg-mit-arriva\">Eingeschlossen: Entdecken Sie S\u00fcdlimburg mit Arriva!<\/h4>\n\n\n\n<p>Mit allen Zugtickets der Miljoenenlijn (siehe Preistabelle oben) fahren Sie mit Arriva kostenlos zwischen Schin op Geul und Valkenburg!<\/p>\n\n\n\n<p>M\u00f6chten Sie weiter durch S\u00fcdlimburg reisen? Mit unseren Fahrkarte (sowohl E-Tickets als auch Schaltertickets) k\u00f6nnen Sie auch mit Arriva zwischen Maastricht Randwyck, Schin op Geul und Kerkrade Centrum (Zentrum) reisen. Dies sind die folgenden Strecken:<\/p>\n\n\n\n<ul class=\"wp-block-list\">\n<li>Heerlen &#8211; Kerkrade Centrum (S3)<\/li>\n\n\n\n<li>Maastricht Randwyck &#8211; Valkenburg &#8211; Schin op Geul &#8211; Heerlen (S4 &amp; S5)<\/li>\n<\/ul>\n\n\n\n<p>Den aktuellen Arriva-Fahrplan finden Sie unter&nbsp;<a href=\"https:\/\/www.arriva.nl\/verbraucher.htm\" target=\"_blank\" rel=\"noreferrer noopener\">www.arriva.nl<\/a>.<\/p>\n\n\n\r\n<div class=\"eye-block eye_empty_space eye_empty_space--small pt-md-3 pb-md-3 pt-2 pb-2\" ><\/div>\n\n\r\n<div class=\"eye-block card bg--darkgreen \">\r\n            <div class=\"card__icon\">\r\n            <i class=\"fa-light fa-triangle-exclamation\"><\/i>\r\n        <\/div>\r\n    \r\n    <div class=\"card__content\">\r\n        <p>Alle auf dieser Seite genannten Tarife gelten an regul\u00e4ren Fahrtagen.<br \/>\nDie Preise f\u00fcr <a href=\"https:\/\/miljoenenlijn.nl\/en\/events\/\">Eventtage<\/a> k\u00f6nnen abweichen.<\/p>\n    <\/div>\r\n<\/div>\n\n\r\n<div class=\"eye-block eye_empty_space eye_empty_space--medium pt-md-4 pb-md-4 pt-3 pb-3\" ><\/div><\/div><\/div>\n\n\n\n<div class=\"ghostkit-col ghostkit-col-lg-12 ghostkit-col-2 is-layout-flow wp-block-ghostkit-grid-column-is-layout-flow\"><div class=\"ghostkit-col-content\"><\/div><\/div>\n<\/div><\/div>\n","protected":false},"excerpt":{"rendered":"","protected":false},"author":1,"featured_media":0,"parent":29641,"menu_order":0,"comment_status":"closed","ping_status":"closed","template":"","meta":{"_acf_changed":false,"ghostkit_customizer_options":"","ghostkit_custom_css":"","ghostkit_custom_js_head":"","ghostkit_custom_js_foot":"","ghostkit_typography":"","footnotes":""},"class_list":["post-29653","page","type-page","status-publish","hentry"],"acf":[],"yoast_head":"<!-- This site is optimized with the Yoast SEO plugin v26.7 - https:\/\/yoast.com\/wordpress\/plugins\/seo\/ -->\n<title>Fahrpreise - De Miljoenenlijn<\/title>\n<meta name=\"robots\" content=\"index, follow, max-snippet:-1, max-image-preview:large, max-video-preview:-1\" \/>\n<link rel=\"canonical\" href=\"https:\/\/miljoenenlijn.nl\/de\/praktische-information\/fahrpreise\/\" \/>\n<meta property=\"og:locale\" content=\"de_DE\" \/>\n<meta property=\"og:type\" content=\"article\" \/>\n<meta property=\"og:title\" content=\"Fahrpreise - De Miljoenenlijn\" \/>\n<meta property=\"og:url\" content=\"https:\/\/miljoenenlijn.nl\/de\/praktische-information\/fahrpreise\/\" \/>\n<meta property=\"og:site_name\" content=\"De Miljoenenlijn\" \/>\n<meta property=\"article:publisher\" content=\"https:\/\/www.facebook.com\/miljoenenlijn\" \/>\n<meta property=\"article:modified_time\" content=\"2026-01-04T14:37:57+00:00\" \/>\n<meta name=\"twitter:card\" content=\"summary_large_image\" \/>\n<meta name=\"twitter:site\" content=\"@Miljoenenlijn\" \/>\n<meta name=\"twitter:label1\" content=\"Gesch\u00e4tzte Lesezeit\" \/>\n\t<meta name=\"twitter:data1\" content=\"2\u00a0Minuten\" \/>\n<script type=\"application\/ld+json\" class=\"yoast-schema-graph\">{\"@context\":\"https:\/\/schema.org\",\"@graph\":[{\"@type\":\"WebPage\",\"@id\":\"https:\/\/miljoenenlijn.nl\/de\/praktische-information\/fahrpreise\/\",\"url\":\"https:\/\/miljoenenlijn.nl\/de\/praktische-information\/fahrpreise\/\",\"name\":\"Fahrpreise - De Miljoenenlijn\",\"isPartOf\":{\"@id\":\"https:\/\/miljoenenlijn.nl\/de\/#website\"},\"datePublished\":\"2022-05-05T15:05:21+00:00\",\"dateModified\":\"2026-01-04T14:37:57+00:00\",\"breadcrumb\":{\"@id\":\"https:\/\/miljoenenlijn.nl\/de\/praktische-information\/fahrpreise\/#breadcrumb\"},\"inLanguage\":\"de\",\"potentialAction\":[{\"@type\":\"ReadAction\",\"target\":[\"https:\/\/miljoenenlijn.nl\/de\/praktische-information\/fahrpreise\/\"]}]},{\"@type\":\"BreadcrumbList\",\"@id\":\"https:\/\/miljoenenlijn.nl\/de\/praktische-information\/fahrpreise\/#breadcrumb\",\"itemListElement\":[{\"@type\":\"ListItem\",\"position\":1,\"name\":\"Home\",\"item\":\"https:\/\/miljoenenlijn.nl\/de\/\"},{\"@type\":\"ListItem\",\"position\":2,\"name\":\"Praktische Information\",\"item\":\"https:\/\/miljoenenlijn.nl\/de\/praktische-information\/\"},{\"@type\":\"ListItem\",\"position\":3,\"name\":\"Fahrpreise\"}]},{\"@type\":\"WebSite\",\"@id\":\"https:\/\/miljoenenlijn.nl\/de\/#website\",\"url\":\"https:\/\/miljoenenlijn.nl\/de\/\",\"name\":\"De Miljoenenlijn\",\"description\":\"E\u00e9n van de mooiste spoorlijnen van Nederland!\",\"publisher\":{\"@id\":\"https:\/\/miljoenenlijn.nl\/de\/#organization\"},\"potentialAction\":[{\"@type\":\"SearchAction\",\"target\":{\"@type\":\"EntryPoint\",\"urlTemplate\":\"https:\/\/miljoenenlijn.nl\/de\/?s={search_term_string}\"},\"query-input\":{\"@type\":\"PropertyValueSpecification\",\"valueRequired\":true,\"valueName\":\"search_term_string\"}}],\"inLanguage\":\"de\"},{\"@type\":\"Organization\",\"@id\":\"https:\/\/miljoenenlijn.nl\/de\/#organization\",\"name\":\"De Miljoenenlijn\",\"url\":\"https:\/\/miljoenenlijn.nl\/de\/\",\"logo\":{\"@type\":\"ImageObject\",\"inLanguage\":\"de\",\"@id\":\"https:\/\/miljoenenlijn.nl\/de\/#\/schema\/logo\/image\/\",\"url\":\"https:\/\/miljoenenlijn.nl\/wp-content\/uploads\/2022\/07\/logo-footer-2018.png\",\"contentUrl\":\"https:\/\/miljoenenlijn.nl\/wp-content\/uploads\/2022\/07\/logo-footer-2018.png\",\"width\":700,\"height\":593,\"caption\":\"De Miljoenenlijn\"},\"image\":{\"@id\":\"https:\/\/miljoenenlijn.nl\/de\/#\/schema\/logo\/image\/\"},\"sameAs\":[\"https:\/\/www.facebook.com\/miljoenenlijn\",\"https:\/\/x.com\/Miljoenenlijn\",\"https:\/\/www.instagram.com\/miljoenenlijn\/\",\"https:\/\/www.youtube.com\/user\/ZLSMMiljoenenlijn\"]}]}<\/script>\n<!-- \/ Yoast SEO plugin. -->","yoast_head_json":{"title":"Fahrpreise - De Miljoenenlijn","robots":{"index":"index","follow":"follow","max-snippet":"max-snippet:-1","max-image-preview":"max-image-preview:large","max-video-preview":"max-video-preview:-1"},"canonical":"https:\/\/miljoenenlijn.nl\/de\/praktische-information\/fahrpreise\/","og_locale":"de_DE","og_type":"article","og_title":"Fahrpreise - De Miljoenenlijn","og_url":"https:\/\/miljoenenlijn.nl\/de\/praktische-information\/fahrpreise\/","og_site_name":"De Miljoenenlijn","article_publisher":"https:\/\/www.facebook.com\/miljoenenlijn","article_modified_time":"2026-01-04T14:37:57+00:00","twitter_card":"summary_large_image","twitter_site":"@Miljoenenlijn","twitter_misc":{"Gesch\u00e4tzte Lesezeit":"2\u00a0Minuten"},"schema":{"@context":"https:\/\/schema.org","@graph":[{"@type":"WebPage","@id":"https:\/\/miljoenenlijn.nl\/de\/praktische-information\/fahrpreise\/","url":"https:\/\/miljoenenlijn.nl\/de\/praktische-information\/fahrpreise\/","name":"Fahrpreise - De Miljoenenlijn","isPartOf":{"@id":"https:\/\/miljoenenlijn.nl\/de\/#website"},"datePublished":"2022-05-05T15:05:21+00:00","dateModified":"2026-01-04T14:37:57+00:00","breadcrumb":{"@id":"https:\/\/miljoenenlijn.nl\/de\/praktische-information\/fahrpreise\/#breadcrumb"},"inLanguage":"de","potentialAction":[{"@type":"ReadAction","target":["https:\/\/miljoenenlijn.nl\/de\/praktische-information\/fahrpreise\/"]}]},{"@type":"BreadcrumbList","@id":"https:\/\/miljoenenlijn.nl\/de\/praktische-information\/fahrpreise\/#breadcrumb","itemListElement":[{"@type":"ListItem","position":1,"name":"Home","item":"https:\/\/miljoenenlijn.nl\/de\/"},{"@type":"ListItem","position":2,"name":"Praktische Information","item":"https:\/\/miljoenenlijn.nl\/de\/praktische-information\/"},{"@type":"ListItem","position":3,"name":"Fahrpreise"}]},{"@type":"WebSite","@id":"https:\/\/miljoenenlijn.nl\/de\/#website","url":"https:\/\/miljoenenlijn.nl\/de\/","name":"De Miljoenenlijn","description":"E\u00e9n van de mooiste spoorlijnen van Nederland!","publisher":{"@id":"https:\/\/miljoenenlijn.nl\/de\/#organization"},"potentialAction":[{"@type":"SearchAction","target":{"@type":"EntryPoint","urlTemplate":"https:\/\/miljoenenlijn.nl\/de\/?s={search_term_string}"},"query-input":{"@type":"PropertyValueSpecification","valueRequired":true,"valueName":"search_term_string"}}],"inLanguage":"de"},{"@type":"Organization","@id":"https:\/\/miljoenenlijn.nl\/de\/#organization","name":"De Miljoenenlijn","url":"https:\/\/miljoenenlijn.nl\/de\/","logo":{"@type":"ImageObject","inLanguage":"de","@id":"https:\/\/miljoenenlijn.nl\/de\/#\/schema\/logo\/image\/","url":"https:\/\/miljoenenlijn.nl\/wp-content\/uploads\/2022\/07\/logo-footer-2018.png","contentUrl":"https:\/\/miljoenenlijn.nl\/wp-content\/uploads\/2022\/07\/logo-footer-2018.png","width":700,"height":593,"caption":"De Miljoenenlijn"},"image":{"@id":"https:\/\/miljoenenlijn.nl\/de\/#\/schema\/logo\/image\/"},"sameAs":["https:\/\/www.facebook.com\/miljoenenlijn","https:\/\/x.com\/Miljoenenlijn","https:\/\/www.instagram.com\/miljoenenlijn\/","https:\/\/www.youtube.com\/user\/ZLSMMiljoenenlijn"]}]}},"_links":{"self":[{"href":"https:\/\/miljoenenlijn.nl\/de\/wp-json\/wp\/v2\/pages\/29653","targetHints":{"allow":["GET"]}}],"collection":[{"href":"https:\/\/miljoenenlijn.nl\/de\/wp-json\/wp\/v2\/pages"}],"about":[{"href":"https:\/\/miljoenenlijn.nl\/de\/wp-json\/wp\/v2\/types\/page"}],"author":[{"embeddable":true,"href":"https:\/\/miljoenenlijn.nl\/de\/wp-json\/wp\/v2\/users\/1"}],"replies":[{"embeddable":true,"href":"https:\/\/miljoenenlijn.nl\/de\/wp-json\/wp\/v2\/comments?post=29653"}],"version-history":[{"count":16,"href":"https:\/\/miljoenenlijn.nl\/de\/wp-json\/wp\/v2\/pages\/29653\/revisions"}],"predecessor-version":[{"id":34563,"href":"https:\/\/miljoenenlijn.nl\/de\/wp-json\/wp\/v2\/pages\/29653\/revisions\/34563"}],"up":[{"embeddable":true,"href":"https:\/\/miljoenenlijn.nl\/de\/wp-json\/wp\/v2\/pages\/29641"}],"wp:attachment":[{"href":"https:\/\/miljoenenlijn.nl\/de\/wp-json\/wp\/v2\/media?parent=29653"}],"curies":[{"name":"wp","href":"https:\/\/api.w.org\/{rel}","templated":true}]}}