{"id":29658,"date":"2022-05-05T17:08:08","date_gmt":"2022-05-05T15:08:08","guid":{"rendered":"https:\/\/miljoenenlijn.nl\/?page_id=29658"},"modified":"2022-07-15T09:42:52","modified_gmt":"2022-07-15T07:42:52","slug":"parken","status":"publish","type":"page","link":"https:\/\/miljoenenlijn.nl\/de\/praktische-information\/parken\/","title":{"rendered":"Parken"},"content":{"rendered":"\n<div class=\"ghostkit-grid ghostkit-grid-gap-md\"><div class=\"ghostkit-grid-inner\">\n<div class=\"ghostkit-col ghostkit-col-lg-12 ghostkit-col-2 is-layout-flow wp-block-ghostkit-grid-column-is-layout-flow\"><div class=\"ghostkit-col-content\"><\/div><\/div>\n\n\n\n<div class=\"ghostkit-col ghostkit-col-lg-12 ghostkit-col-8\"><div class=\"ghostkit-col-content is-layout-flow wp-block-ghostkit-grid-column-is-layout-flow\">\n<h2 class=\"wp-block-heading\">Parken<\/h2>\n\n\n\n<p><strong>An beinahe allen Bahnh\u00f6fen der Miljoenenlijn gibt es die M\u00f6glichkeit mit dem Auto zu parken. Schauen Sie sich hierzu die untenstehenden Informationen zu den einzelnen Haltestellen an.<\/strong><\/p>\n\n\n\n<p>F\u00fcr alle verf\u00fcgbaren Parkpl\u00e4tze gilt: Parken auf eigenes Risiko.<\/p>\n\n\n\n<p>Parken ist bei uns kostenlos!<\/p>\n\n\n\n<h4 class=\"wp-block-heading\">Bahnhof Simpelveld<\/h4>\n\n\n\n<p>Am Bahnhof Simpelveld, dem Hauptbahnhof der Miljoenenlijn, steht ein Parkplatz direkt am Bahnhofsgeb\u00e4ude zur Verf\u00fcgung.<\/p>\n\n\n\n<p>Sowohl Autos, als auch Motorr\u00e4der, Reisebus und Busse k\u00f6nnen hier parken. Direkt am Anfang des Parkplatzes sind zwei Parkpl\u00e4tze f\u00fcr Rollstuhlfahrer zu finden.<\/p>\n\n\n\n<h4 class=\"wp-block-heading\">Bahnhof&nbsp;Eys-Wittem<\/h4>\n\n\n\n<p>Direkt neben dem Bahnhof in Eys stehen 3 Parkpl\u00e4tze zur Verf\u00fcgung. Passen Sie bei der Abfahrt auf, die Kreuzung ist gef\u00e4hrlich!<\/p>\n\n\n\n<h4 class=\"wp-block-heading\">Bahnhof Wijlre-Gulpen<\/h4>\n\n\n\n<p>Der Parkplatz in Wijlre, direkt vor dem Bahnhof gelegen, bietet eine Vielzahl von Parkpl\u00e4tzen f\u00fcr Autos und Reisebus.<\/p>\n\n\n\n<h4 class=\"wp-block-heading\">Bahnhof Schin op Geul<\/h4>\n\n\n\n<p>In Schin op Geul befinden sich neben dem Bahnsteig der Miljoenenlijn einige Parkpl\u00e4tze. Der Bahnsteig ist \u00fcber eine Treppe oder die ebenerdige Terrasse erreichbar.<\/p>\n\n\n\r\n<div class=\"eye-block card bg--lightgray \">\r\n            <div class=\"card__icon\">\r\n            <i class=\"fa-light fa-circle-info\"><\/i>\r\n        <\/div>\r\n    \r\n    <div class=\"card__content\">\r\n        <p>Achtung: Ab dem 1. Januar 2019 ist der Parkplatz am Bahnhof Schin op Geul f\u00fcr Reisebus und Busse nicht mehr zug\u00e4nglich. Diese m\u00fcssen nebenan an der Vinkenverstraat in Schin op Geul oder eine Station weiter am <a href=\"\/de\/haltestellen\">Bahnhof Wijlre-Gulpen<\/a> halten.<\/p>\n    <\/div>\r\n<\/div>\n\n\n<h4 class=\"wp-block-heading\">Bahnhof Spekholzerheide<\/h4>\n\n\n\n<p>Die Haltestelle Spekholzerheide hat keinen eigenen Parkplatz.<\/p>\n\n\n\n<h4 class=\"wp-block-heading\">Bahnhof Kerkrade-ZLSM<\/h4>\n\n\n\n<p>Der Bahnhof Kerkrade ZLSM hat keinen eigenen Parkplatz. Sie k\u00f6nnen aber auf dem Parkplatz vom Continium, ca. 80 Meter von Bahnsteig entfernt, ihr Auto abstellen.<\/p>\n\n\n\n<h4 class=\"wp-block-heading\">Bahnhof Bocholtz<\/h4>\n\n\n\n<p>Die Haltestelle Bocholtz hat keinen eigenen Parkplatz.<\/p>\n\n\n\n<h4 class=\"wp-block-heading\">Bahnhof Vetschau<\/h4>\n\n\n\n<p>Etwa 20 Meter entfernt vom Bahnsteig in Vetschau befindet sich ein breiter Parkstreifen f\u00fcr Autos.<\/p>\n<\/div><\/div>\n\n\n\n<div class=\"ghostkit-col ghostkit-col-lg-12 ghostkit-col-2 is-layout-flow wp-block-ghostkit-grid-column-is-layout-flow\"><div class=\"ghostkit-col-content\"><\/div><\/div>\n<\/div><\/div>\n","protected":false},"excerpt":{"rendered":"","protected":false},"author":1,"featured_media":0,"parent":29641,"menu_order":0,"comment_status":"closed","ping_status":"closed","template":"","meta":{"_acf_changed":false,"ghostkit_customizer_options":"","ghostkit_custom_css":"","ghostkit_custom_js_head":"","ghostkit_custom_js_foot":"","ghostkit_typography":"","footnotes":""},"class_list":["post-29658","page","type-page","status-publish","hentry"],"acf":[],"yoast_head":"<!-- This site is optimized with the Yoast SEO plugin v27.3 - https:\/\/yoast.com\/product\/yoast-seo-wordpress\/ -->\n<title>Parken - De Miljoenenlijn<\/title>\n<meta name=\"robots\" content=\"index, follow, max-snippet:-1, max-image-preview:large, max-video-preview:-1\" \/>\n<link rel=\"canonical\" href=\"https:\/\/miljoenenlijn.nl\/de\/praktische-information\/parken\/\" \/>\n<meta property=\"og:locale\" content=\"de_DE\" \/>\n<meta property=\"og:type\" content=\"article\" \/>\n<meta property=\"og:title\" content=\"Parken - De Miljoenenlijn\" \/>\n<meta property=\"og:url\" content=\"https:\/\/miljoenenlijn.nl\/de\/praktische-information\/parken\/\" \/>\n<meta property=\"og:site_name\" content=\"De Miljoenenlijn\" \/>\n<meta property=\"article:publisher\" content=\"https:\/\/www.facebook.com\/miljoenenlijn\" \/>\n<meta property=\"article:modified_time\" content=\"2022-07-15T07:42:52+00:00\" \/>\n<meta name=\"twitter:card\" content=\"summary_large_image\" \/>\n<meta name=\"twitter:site\" content=\"@Miljoenenlijn\" \/>\n<meta name=\"twitter:label1\" content=\"Gesch\u00e4tzte Lesezeit\" \/>\n\t<meta name=\"twitter:data1\" content=\"2\u00a0Minuten\" \/>\n<script type=\"application\/ld+json\" class=\"yoast-schema-graph\">{\"@context\":\"https:\\\/\\\/schema.org\",\"@graph\":[{\"@type\":\"WebPage\",\"@id\":\"https:\\\/\\\/miljoenenlijn.nl\\\/de\\\/praktische-information\\\/parken\\\/\",\"url\":\"https:\\\/\\\/miljoenenlijn.nl\\\/de\\\/praktische-information\\\/parken\\\/\",\"name\":\"Parken - De Miljoenenlijn\",\"isPartOf\":{\"@id\":\"https:\\\/\\\/miljoenenlijn.nl\\\/de\\\/#website\"},\"datePublished\":\"2022-05-05T15:08:08+00:00\",\"dateModified\":\"2022-07-15T07:42:52+00:00\",\"breadcrumb\":{\"@id\":\"https:\\\/\\\/miljoenenlijn.nl\\\/de\\\/praktische-information\\\/parken\\\/#breadcrumb\"},\"inLanguage\":\"de\",\"potentialAction\":[{\"@type\":\"ReadAction\",\"target\":[\"https:\\\/\\\/miljoenenlijn.nl\\\/de\\\/praktische-information\\\/parken\\\/\"]}]},{\"@type\":\"BreadcrumbList\",\"@id\":\"https:\\\/\\\/miljoenenlijn.nl\\\/de\\\/praktische-information\\\/parken\\\/#breadcrumb\",\"itemListElement\":[{\"@type\":\"ListItem\",\"position\":1,\"name\":\"Home\",\"item\":\"https:\\\/\\\/miljoenenlijn.nl\\\/de\\\/\"},{\"@type\":\"ListItem\",\"position\":2,\"name\":\"Praktische Information\",\"item\":\"https:\\\/\\\/miljoenenlijn.nl\\\/de\\\/praktische-information\\\/\"},{\"@type\":\"ListItem\",\"position\":3,\"name\":\"Parken\"}]},{\"@type\":\"WebSite\",\"@id\":\"https:\\\/\\\/miljoenenlijn.nl\\\/de\\\/#website\",\"url\":\"https:\\\/\\\/miljoenenlijn.nl\\\/de\\\/\",\"name\":\"De Miljoenenlijn\",\"description\":\"E\u00e9n van de mooiste spoorlijnen van Nederland!\",\"publisher\":{\"@id\":\"https:\\\/\\\/miljoenenlijn.nl\\\/de\\\/#organization\"},\"potentialAction\":[{\"@type\":\"SearchAction\",\"target\":{\"@type\":\"EntryPoint\",\"urlTemplate\":\"https:\\\/\\\/miljoenenlijn.nl\\\/de\\\/?s={search_term_string}\"},\"query-input\":{\"@type\":\"PropertyValueSpecification\",\"valueRequired\":true,\"valueName\":\"search_term_string\"}}],\"inLanguage\":\"de\"},{\"@type\":\"Organization\",\"@id\":\"https:\\\/\\\/miljoenenlijn.nl\\\/de\\\/#organization\",\"name\":\"De Miljoenenlijn\",\"url\":\"https:\\\/\\\/miljoenenlijn.nl\\\/de\\\/\",\"logo\":{\"@type\":\"ImageObject\",\"inLanguage\":\"de\",\"@id\":\"https:\\\/\\\/miljoenenlijn.nl\\\/de\\\/#\\\/schema\\\/logo\\\/image\\\/\",\"url\":\"https:\\\/\\\/miljoenenlijn.nl\\\/wp-content\\\/uploads\\\/2022\\\/07\\\/logo-footer-2018.png\",\"contentUrl\":\"https:\\\/\\\/miljoenenlijn.nl\\\/wp-content\\\/uploads\\\/2022\\\/07\\\/logo-footer-2018.png\",\"width\":700,\"height\":593,\"caption\":\"De Miljoenenlijn\"},\"image\":{\"@id\":\"https:\\\/\\\/miljoenenlijn.nl\\\/de\\\/#\\\/schema\\\/logo\\\/image\\\/\"},\"sameAs\":[\"https:\\\/\\\/www.facebook.com\\\/miljoenenlijn\",\"https:\\\/\\\/x.com\\\/Miljoenenlijn\",\"https:\\\/\\\/www.instagram.com\\\/miljoenenlijn\\\/\",\"https:\\\/\\\/www.youtube.com\\\/user\\\/ZLSMMiljoenenlijn\"]}]}<\/script>\n<!-- \/ Yoast SEO plugin. -->","yoast_head_json":{"title":"Parken - De Miljoenenlijn","robots":{"index":"index","follow":"follow","max-snippet":"max-snippet:-1","max-image-preview":"max-image-preview:large","max-video-preview":"max-video-preview:-1"},"canonical":"https:\/\/miljoenenlijn.nl\/de\/praktische-information\/parken\/","og_locale":"de_DE","og_type":"article","og_title":"Parken - De Miljoenenlijn","og_url":"https:\/\/miljoenenlijn.nl\/de\/praktische-information\/parken\/","og_site_name":"De Miljoenenlijn","article_publisher":"https:\/\/www.facebook.com\/miljoenenlijn","article_modified_time":"2022-07-15T07:42:52+00:00","twitter_card":"summary_large_image","twitter_site":"@Miljoenenlijn","twitter_misc":{"Gesch\u00e4tzte Lesezeit":"2\u00a0Minuten"},"schema":{"@context":"https:\/\/schema.org","@graph":[{"@type":"WebPage","@id":"https:\/\/miljoenenlijn.nl\/de\/praktische-information\/parken\/","url":"https:\/\/miljoenenlijn.nl\/de\/praktische-information\/parken\/","name":"Parken - De Miljoenenlijn","isPartOf":{"@id":"https:\/\/miljoenenlijn.nl\/de\/#website"},"datePublished":"2022-05-05T15:08:08+00:00","dateModified":"2022-07-15T07:42:52+00:00","breadcrumb":{"@id":"https:\/\/miljoenenlijn.nl\/de\/praktische-information\/parken\/#breadcrumb"},"inLanguage":"de","potentialAction":[{"@type":"ReadAction","target":["https:\/\/miljoenenlijn.nl\/de\/praktische-information\/parken\/"]}]},{"@type":"BreadcrumbList","@id":"https:\/\/miljoenenlijn.nl\/de\/praktische-information\/parken\/#breadcrumb","itemListElement":[{"@type":"ListItem","position":1,"name":"Home","item":"https:\/\/miljoenenlijn.nl\/de\/"},{"@type":"ListItem","position":2,"name":"Praktische Information","item":"https:\/\/miljoenenlijn.nl\/de\/praktische-information\/"},{"@type":"ListItem","position":3,"name":"Parken"}]},{"@type":"WebSite","@id":"https:\/\/miljoenenlijn.nl\/de\/#website","url":"https:\/\/miljoenenlijn.nl\/de\/","name":"De Miljoenenlijn","description":"E\u00e9n van de mooiste spoorlijnen van Nederland!","publisher":{"@id":"https:\/\/miljoenenlijn.nl\/de\/#organization"},"potentialAction":[{"@type":"SearchAction","target":{"@type":"EntryPoint","urlTemplate":"https:\/\/miljoenenlijn.nl\/de\/?s={search_term_string}"},"query-input":{"@type":"PropertyValueSpecification","valueRequired":true,"valueName":"search_term_string"}}],"inLanguage":"de"},{"@type":"Organization","@id":"https:\/\/miljoenenlijn.nl\/de\/#organization","name":"De Miljoenenlijn","url":"https:\/\/miljoenenlijn.nl\/de\/","logo":{"@type":"ImageObject","inLanguage":"de","@id":"https:\/\/miljoenenlijn.nl\/de\/#\/schema\/logo\/image\/","url":"https:\/\/miljoenenlijn.nl\/wp-content\/uploads\/2022\/07\/logo-footer-2018.png","contentUrl":"https:\/\/miljoenenlijn.nl\/wp-content\/uploads\/2022\/07\/logo-footer-2018.png","width":700,"height":593,"caption":"De Miljoenenlijn"},"image":{"@id":"https:\/\/miljoenenlijn.nl\/de\/#\/schema\/logo\/image\/"},"sameAs":["https:\/\/www.facebook.com\/miljoenenlijn","https:\/\/x.com\/Miljoenenlijn","https:\/\/www.instagram.com\/miljoenenlijn\/","https:\/\/www.youtube.com\/user\/ZLSMMiljoenenlijn"]}]}},"_links":{"self":[{"href":"https:\/\/miljoenenlijn.nl\/de\/wp-json\/wp\/v2\/pages\/29658","targetHints":{"allow":["GET"]}}],"collection":[{"href":"https:\/\/miljoenenlijn.nl\/de\/wp-json\/wp\/v2\/pages"}],"about":[{"href":"https:\/\/miljoenenlijn.nl\/de\/wp-json\/wp\/v2\/types\/page"}],"author":[{"embeddable":true,"href":"https:\/\/miljoenenlijn.nl\/de\/wp-json\/wp\/v2\/users\/1"}],"replies":[{"embeddable":true,"href":"https:\/\/miljoenenlijn.nl\/de\/wp-json\/wp\/v2\/comments?post=29658"}],"version-history":[{"count":8,"href":"https:\/\/miljoenenlijn.nl\/de\/wp-json\/wp\/v2\/pages\/29658\/revisions"}],"predecessor-version":[{"id":30670,"href":"https:\/\/miljoenenlijn.nl\/de\/wp-json\/wp\/v2\/pages\/29658\/revisions\/30670"}],"up":[{"embeddable":true,"href":"https:\/\/miljoenenlijn.nl\/de\/wp-json\/wp\/v2\/pages\/29641"}],"wp:attachment":[{"href":"https:\/\/miljoenenlijn.nl\/de\/wp-json\/wp\/v2\/media?parent=29658"}],"curies":[{"name":"wp","href":"https:\/\/api.w.org\/{rel}","templated":true}]}}