{"id":29673,"date":"2022-05-05T17:08:18","date_gmt":"2022-05-05T15:08:18","guid":{"rendered":"https:\/\/miljoenenlijn.nl\/?page_id=29673"},"modified":"2022-07-15T09:44:28","modified_gmt":"2022-07-15T07:44:28","slug":"barrierefreiheit","status":"publish","type":"page","link":"https:\/\/miljoenenlijn.nl\/de\/praktische-information\/barrierefreiheit\/","title":{"rendered":"Barrierefreiheit"},"content":{"rendered":"\n<div class=\"ghostkit-grid ghostkit-grid-gap-md\"><div class=\"ghostkit-grid-inner\">\n<div class=\"ghostkit-col ghostkit-col-lg-12 ghostkit-col-2 is-layout-flow wp-block-ghostkit-grid-column-is-layout-flow\"><div class=\"ghostkit-col-content\"><\/div><\/div>\n\n\n\n<div class=\"ghostkit-col ghostkit-col-lg-12 ghostkit-col-8\"><div class=\"ghostkit-col-content is-layout-flow wp-block-ghostkit-grid-column-is-layout-flow\">\n<h2 class=\"wp-block-heading\">Barrierefreiheit<\/h2>\n\n\n\n<p><strong>Die Freiwilligen der Miljoenenlijn m\u00f6chten, dass jeder eine Fahrt mit dem Dampfzug machen kann.<\/strong><\/p>\n\n\n\n<p>Es gibt spezielle Einrichtungen, um die Reise f\u00fcr G\u00e4ste mit einer Behinderung oder f\u00fcr (Gro\u00df-)Eltern mit kleinen Kindern so angenehm und sicher wie m\u00f6glich zu gestalten. Au\u00dferdem sind die Freiwilligen immer bereit, mit anzupacken.<\/p>\n\n\n\n<h3 class=\"wp-block-heading\">Z\u00fcge<\/h3>\n\n\n<div class=\"wp-block-image\">\n<figure class=\"aligncenter size-full\"><img decoding=\"async\" width=\"260\" height=\"200\" src=\"https:\/\/miljoenenlijn.nl\/wp-content\/uploads\/2022\/04\/toegankelijkheid-site.jpg\" alt=\"\" class=\"wp-image-366\"\/><\/figure>\n<\/div>\n\n\n<div class=\"wp-block-columns is-layout-flex wp-container-core-columns-is-layout-9d6595d7 wp-block-columns-is-layout-flex\">\n<div class=\"wp-block-column is-layout-flow wp-block-column-is-layout-flow\" style=\"flex-basis:100%\">\n<p class=\"has-text-align-left\">Die Dampfeisenbahn ist auch f\u00fcr Menschen mit k\u00f6rperlichen Behinderungen gut zug\u00e4nglich. Zu diesem Zweck haben wir in einem der Waggons eine spezielle Rampe eingebaut und die Zwischent\u00fcr verbreitert. Auch kleine Kinder und Eltern mit Kinderwagen k\u00f6nnen hier problemlos ein- und aussteigen.&nbsp;Im Wagen selbst ist genug Platz f\u00fcr eine angenehme Zugfahrt durch die h\u00fcgelige Landschaft S\u00fcdlimburgs.<\/p>\n<\/div>\n<\/div>\n\n\n\r\n<div class=\"eye-block card bg--yellow \">\r\n            <div class=\"card__icon\">\r\n            <i class=\"fa-light fa-circle-info\"><\/i>\r\n        <\/div>\r\n    \r\n    <div class=\"card__content\">\r\n        <p>Aufgrund des maximalen H\u00f6henunterschieds zwischen Bahnsteig und Wagen kann die Rampe <strong>nur in Simpelveld und Schin op Geul<\/strong> ausgeklappt werden. Das Einsteigen mit einem Rollstuhl, Rollator oder Kinderwagen ist daher nur an diesen beiden Bahnh\u00f6fen m\u00f6glich.<\/p>\n    <\/div>\r\n<\/div>\n\n\n<p><br>Zurzeit ist der Schienenbus noch nicht mit einem Rollstuhl, Rollator oder Kinderwagen befahrbar. Auch hier wird demn\u00e4chst eine Rampe installiert.<\/p>\n\n\n\n<h3 class=\"wp-block-heading\">Parken<\/h3>\n\n\n\n<p>Die Miljoenenlijn verf\u00fcgt \u00fcber drei Parkpl\u00e4tze f\u00fcr behinderte G\u00e4ste am Bahnhof Simpelveld. Zwei befinden sich an der Vorderseite des Parkplatzes, der dritte ist in der Stationstraat, direkt vor unserer Brasserie. Auch an den Bahnh\u00f6fen Wijlre-Gulpen und Schin op Geul gibt es Sonderparkpl\u00e4tze.<\/p>\n\n\n\n<p>Jeder, der im Besitz eines Europ\u00e4ischen Parkausweises f\u00fcr Behinderte ist, kann ihn benutzen.<\/p>\n\n\n\n<h3 class=\"wp-block-heading\">Zug\u00e4nglichkeit mit einem Assistenz- oder Blindenhund<\/h3>\n\n\n\n<p>Assistenz- und Blindenhunde sind auf der Miljoenenlijn willkommen. Assistenzhunde und Blindenhunde m\u00fcssen an ihrer Jacke erkennbar sein. Hunde sind in allen Z\u00fcgen erlaubt und im Restaurant und im Laden willkommen.<\/p>\n\n\n\n<h3 class=\"wp-block-heading\">Toiletten<\/h3>\n\n\n\n<h4 class=\"wp-block-heading\">Reisende mit Behinderungen<\/h4>\n\n\n\n<p>Am Bahnhof Simpelveld gibt es eine behindertengerechte Toilette f\u00fcr unsere Reisenden. Diese Toilette ist mit einer extra breiten T\u00fcr, Armlehnen und einem Notfallalarm ausgestattet.<\/p>\n\n\n\n<h4 class=\"wp-block-heading\">Babypflege<\/h4>\n\n\n\n<p>Unsere Toiletten im Bahnhof Simpelveld haben einen separaten Umkleidebereich. Es gibt einen Abfalleimer f\u00fcr schmutzige Windeln.<\/p>\n\n\n\n<p><\/p>\n<\/div><\/div>\n\n\n\n<div class=\"ghostkit-col ghostkit-col-lg-12 ghostkit-col-2 is-layout-flow wp-block-ghostkit-grid-column-is-layout-flow\"><div class=\"ghostkit-col-content\"><\/div><\/div>\n<\/div><\/div>\n","protected":false},"excerpt":{"rendered":"","protected":false},"author":1,"featured_media":30352,"parent":29641,"menu_order":0,"comment_status":"closed","ping_status":"closed","template":"","meta":{"_acf_changed":false,"ghostkit_customizer_options":"","ghostkit_custom_css":"","ghostkit_custom_js_head":"","ghostkit_custom_js_foot":"","ghostkit_typography":"","footnotes":""},"class_list":["post-29673","page","type-page","status-publish","has-post-thumbnail","hentry"],"acf":[],"yoast_head":"<!-- This site is optimized with the Yoast SEO plugin v27.3 - https:\/\/yoast.com\/product\/yoast-seo-wordpress\/ -->\n<title>Barrierefreiheit - De Miljoenenlijn<\/title>\n<meta name=\"robots\" content=\"index, follow, max-snippet:-1, max-image-preview:large, max-video-preview:-1\" \/>\n<link rel=\"canonical\" href=\"https:\/\/miljoenenlijn.nl\/de\/praktische-information\/barrierefreiheit\/\" \/>\n<meta property=\"og:locale\" content=\"de_DE\" \/>\n<meta property=\"og:type\" content=\"article\" \/>\n<meta property=\"og:title\" content=\"Barrierefreiheit - De Miljoenenlijn\" \/>\n<meta property=\"og:url\" content=\"https:\/\/miljoenenlijn.nl\/de\/praktische-information\/barrierefreiheit\/\" \/>\n<meta property=\"og:site_name\" content=\"De Miljoenenlijn\" \/>\n<meta property=\"article:publisher\" content=\"https:\/\/www.facebook.com\/miljoenenlijn\" \/>\n<meta property=\"article:modified_time\" content=\"2022-07-15T07:44:28+00:00\" \/>\n<meta property=\"og:image\" content=\"https:\/\/miljoenenlijn.nl\/wp-content\/uploads\/2022\/07\/toegankelijkheid.jpg\" \/>\n\t<meta property=\"og:image:width\" content=\"1920\" \/>\n\t<meta property=\"og:image:height\" content=\"1280\" \/>\n\t<meta property=\"og:image:type\" content=\"image\/jpeg\" \/>\n<meta name=\"twitter:card\" content=\"summary_large_image\" \/>\n<meta name=\"twitter:site\" content=\"@Miljoenenlijn\" \/>\n<meta name=\"twitter:label1\" content=\"Gesch\u00e4tzte Lesezeit\" \/>\n\t<meta name=\"twitter:data1\" content=\"2\u00a0Minuten\" \/>\n<script type=\"application\/ld+json\" class=\"yoast-schema-graph\">{\"@context\":\"https:\\\/\\\/schema.org\",\"@graph\":[{\"@type\":\"WebPage\",\"@id\":\"https:\\\/\\\/miljoenenlijn.nl\\\/de\\\/praktische-information\\\/barrierefreiheit\\\/\",\"url\":\"https:\\\/\\\/miljoenenlijn.nl\\\/de\\\/praktische-information\\\/barrierefreiheit\\\/\",\"name\":\"Barrierefreiheit - De Miljoenenlijn\",\"isPartOf\":{\"@id\":\"https:\\\/\\\/miljoenenlijn.nl\\\/de\\\/#website\"},\"primaryImageOfPage\":{\"@id\":\"https:\\\/\\\/miljoenenlijn.nl\\\/de\\\/praktische-information\\\/barrierefreiheit\\\/#primaryimage\"},\"image\":{\"@id\":\"https:\\\/\\\/miljoenenlijn.nl\\\/de\\\/praktische-information\\\/barrierefreiheit\\\/#primaryimage\"},\"thumbnailUrl\":\"https:\\\/\\\/miljoenenlijn.nl\\\/wp-content\\\/uploads\\\/2022\\\/07\\\/toegankelijkheid.jpg\",\"datePublished\":\"2022-05-05T15:08:18+00:00\",\"dateModified\":\"2022-07-15T07:44:28+00:00\",\"breadcrumb\":{\"@id\":\"https:\\\/\\\/miljoenenlijn.nl\\\/de\\\/praktische-information\\\/barrierefreiheit\\\/#breadcrumb\"},\"inLanguage\":\"de\",\"potentialAction\":[{\"@type\":\"ReadAction\",\"target\":[\"https:\\\/\\\/miljoenenlijn.nl\\\/de\\\/praktische-information\\\/barrierefreiheit\\\/\"]}]},{\"@type\":\"ImageObject\",\"inLanguage\":\"de\",\"@id\":\"https:\\\/\\\/miljoenenlijn.nl\\\/de\\\/praktische-information\\\/barrierefreiheit\\\/#primaryimage\",\"url\":\"https:\\\/\\\/miljoenenlijn.nl\\\/wp-content\\\/uploads\\\/2022\\\/07\\\/toegankelijkheid.jpg\",\"contentUrl\":\"https:\\\/\\\/miljoenenlijn.nl\\\/wp-content\\\/uploads\\\/2022\\\/07\\\/toegankelijkheid.jpg\",\"width\":1920,\"height\":1280},{\"@type\":\"BreadcrumbList\",\"@id\":\"https:\\\/\\\/miljoenenlijn.nl\\\/de\\\/praktische-information\\\/barrierefreiheit\\\/#breadcrumb\",\"itemListElement\":[{\"@type\":\"ListItem\",\"position\":1,\"name\":\"Home\",\"item\":\"https:\\\/\\\/miljoenenlijn.nl\\\/de\\\/\"},{\"@type\":\"ListItem\",\"position\":2,\"name\":\"Praktische Information\",\"item\":\"https:\\\/\\\/miljoenenlijn.nl\\\/de\\\/praktische-information\\\/\"},{\"@type\":\"ListItem\",\"position\":3,\"name\":\"Barrierefreiheit\"}]},{\"@type\":\"WebSite\",\"@id\":\"https:\\\/\\\/miljoenenlijn.nl\\\/de\\\/#website\",\"url\":\"https:\\\/\\\/miljoenenlijn.nl\\\/de\\\/\",\"name\":\"De Miljoenenlijn\",\"description\":\"E\u00e9n van de mooiste spoorlijnen van Nederland!\",\"publisher\":{\"@id\":\"https:\\\/\\\/miljoenenlijn.nl\\\/de\\\/#organization\"},\"potentialAction\":[{\"@type\":\"SearchAction\",\"target\":{\"@type\":\"EntryPoint\",\"urlTemplate\":\"https:\\\/\\\/miljoenenlijn.nl\\\/de\\\/?s={search_term_string}\"},\"query-input\":{\"@type\":\"PropertyValueSpecification\",\"valueRequired\":true,\"valueName\":\"search_term_string\"}}],\"inLanguage\":\"de\"},{\"@type\":\"Organization\",\"@id\":\"https:\\\/\\\/miljoenenlijn.nl\\\/de\\\/#organization\",\"name\":\"De Miljoenenlijn\",\"url\":\"https:\\\/\\\/miljoenenlijn.nl\\\/de\\\/\",\"logo\":{\"@type\":\"ImageObject\",\"inLanguage\":\"de\",\"@id\":\"https:\\\/\\\/miljoenenlijn.nl\\\/de\\\/#\\\/schema\\\/logo\\\/image\\\/\",\"url\":\"https:\\\/\\\/miljoenenlijn.nl\\\/wp-content\\\/uploads\\\/2022\\\/07\\\/logo-footer-2018.png\",\"contentUrl\":\"https:\\\/\\\/miljoenenlijn.nl\\\/wp-content\\\/uploads\\\/2022\\\/07\\\/logo-footer-2018.png\",\"width\":700,\"height\":593,\"caption\":\"De Miljoenenlijn\"},\"image\":{\"@id\":\"https:\\\/\\\/miljoenenlijn.nl\\\/de\\\/#\\\/schema\\\/logo\\\/image\\\/\"},\"sameAs\":[\"https:\\\/\\\/www.facebook.com\\\/miljoenenlijn\",\"https:\\\/\\\/x.com\\\/Miljoenenlijn\",\"https:\\\/\\\/www.instagram.com\\\/miljoenenlijn\\\/\",\"https:\\\/\\\/www.youtube.com\\\/user\\\/ZLSMMiljoenenlijn\"]}]}<\/script>\n<!-- \/ Yoast SEO plugin. -->","yoast_head_json":{"title":"Barrierefreiheit - De Miljoenenlijn","robots":{"index":"index","follow":"follow","max-snippet":"max-snippet:-1","max-image-preview":"max-image-preview:large","max-video-preview":"max-video-preview:-1"},"canonical":"https:\/\/miljoenenlijn.nl\/de\/praktische-information\/barrierefreiheit\/","og_locale":"de_DE","og_type":"article","og_title":"Barrierefreiheit - De Miljoenenlijn","og_url":"https:\/\/miljoenenlijn.nl\/de\/praktische-information\/barrierefreiheit\/","og_site_name":"De Miljoenenlijn","article_publisher":"https:\/\/www.facebook.com\/miljoenenlijn","article_modified_time":"2022-07-15T07:44:28+00:00","og_image":[{"width":1920,"height":1280,"url":"https:\/\/miljoenenlijn.nl\/wp-content\/uploads\/2022\/07\/toegankelijkheid.jpg","type":"image\/jpeg"}],"twitter_card":"summary_large_image","twitter_site":"@Miljoenenlijn","twitter_misc":{"Gesch\u00e4tzte Lesezeit":"2\u00a0Minuten"},"schema":{"@context":"https:\/\/schema.org","@graph":[{"@type":"WebPage","@id":"https:\/\/miljoenenlijn.nl\/de\/praktische-information\/barrierefreiheit\/","url":"https:\/\/miljoenenlijn.nl\/de\/praktische-information\/barrierefreiheit\/","name":"Barrierefreiheit - De Miljoenenlijn","isPartOf":{"@id":"https:\/\/miljoenenlijn.nl\/de\/#website"},"primaryImageOfPage":{"@id":"https:\/\/miljoenenlijn.nl\/de\/praktische-information\/barrierefreiheit\/#primaryimage"},"image":{"@id":"https:\/\/miljoenenlijn.nl\/de\/praktische-information\/barrierefreiheit\/#primaryimage"},"thumbnailUrl":"https:\/\/miljoenenlijn.nl\/wp-content\/uploads\/2022\/07\/toegankelijkheid.jpg","datePublished":"2022-05-05T15:08:18+00:00","dateModified":"2022-07-15T07:44:28+00:00","breadcrumb":{"@id":"https:\/\/miljoenenlijn.nl\/de\/praktische-information\/barrierefreiheit\/#breadcrumb"},"inLanguage":"de","potentialAction":[{"@type":"ReadAction","target":["https:\/\/miljoenenlijn.nl\/de\/praktische-information\/barrierefreiheit\/"]}]},{"@type":"ImageObject","inLanguage":"de","@id":"https:\/\/miljoenenlijn.nl\/de\/praktische-information\/barrierefreiheit\/#primaryimage","url":"https:\/\/miljoenenlijn.nl\/wp-content\/uploads\/2022\/07\/toegankelijkheid.jpg","contentUrl":"https:\/\/miljoenenlijn.nl\/wp-content\/uploads\/2022\/07\/toegankelijkheid.jpg","width":1920,"height":1280},{"@type":"BreadcrumbList","@id":"https:\/\/miljoenenlijn.nl\/de\/praktische-information\/barrierefreiheit\/#breadcrumb","itemListElement":[{"@type":"ListItem","position":1,"name":"Home","item":"https:\/\/miljoenenlijn.nl\/de\/"},{"@type":"ListItem","position":2,"name":"Praktische Information","item":"https:\/\/miljoenenlijn.nl\/de\/praktische-information\/"},{"@type":"ListItem","position":3,"name":"Barrierefreiheit"}]},{"@type":"WebSite","@id":"https:\/\/miljoenenlijn.nl\/de\/#website","url":"https:\/\/miljoenenlijn.nl\/de\/","name":"De Miljoenenlijn","description":"E\u00e9n van de mooiste spoorlijnen van Nederland!","publisher":{"@id":"https:\/\/miljoenenlijn.nl\/de\/#organization"},"potentialAction":[{"@type":"SearchAction","target":{"@type":"EntryPoint","urlTemplate":"https:\/\/miljoenenlijn.nl\/de\/?s={search_term_string}"},"query-input":{"@type":"PropertyValueSpecification","valueRequired":true,"valueName":"search_term_string"}}],"inLanguage":"de"},{"@type":"Organization","@id":"https:\/\/miljoenenlijn.nl\/de\/#organization","name":"De Miljoenenlijn","url":"https:\/\/miljoenenlijn.nl\/de\/","logo":{"@type":"ImageObject","inLanguage":"de","@id":"https:\/\/miljoenenlijn.nl\/de\/#\/schema\/logo\/image\/","url":"https:\/\/miljoenenlijn.nl\/wp-content\/uploads\/2022\/07\/logo-footer-2018.png","contentUrl":"https:\/\/miljoenenlijn.nl\/wp-content\/uploads\/2022\/07\/logo-footer-2018.png","width":700,"height":593,"caption":"De Miljoenenlijn"},"image":{"@id":"https:\/\/miljoenenlijn.nl\/de\/#\/schema\/logo\/image\/"},"sameAs":["https:\/\/www.facebook.com\/miljoenenlijn","https:\/\/x.com\/Miljoenenlijn","https:\/\/www.instagram.com\/miljoenenlijn\/","https:\/\/www.youtube.com\/user\/ZLSMMiljoenenlijn"]}]}},"_links":{"self":[{"href":"https:\/\/miljoenenlijn.nl\/de\/wp-json\/wp\/v2\/pages\/29673","targetHints":{"allow":["GET"]}}],"collection":[{"href":"https:\/\/miljoenenlijn.nl\/de\/wp-json\/wp\/v2\/pages"}],"about":[{"href":"https:\/\/miljoenenlijn.nl\/de\/wp-json\/wp\/v2\/types\/page"}],"author":[{"embeddable":true,"href":"https:\/\/miljoenenlijn.nl\/de\/wp-json\/wp\/v2\/users\/1"}],"replies":[{"embeddable":true,"href":"https:\/\/miljoenenlijn.nl\/de\/wp-json\/wp\/v2\/comments?post=29673"}],"version-history":[{"count":5,"href":"https:\/\/miljoenenlijn.nl\/de\/wp-json\/wp\/v2\/pages\/29673\/revisions"}],"predecessor-version":[{"id":30671,"href":"https:\/\/miljoenenlijn.nl\/de\/wp-json\/wp\/v2\/pages\/29673\/revisions\/30671"}],"up":[{"embeddable":true,"href":"https:\/\/miljoenenlijn.nl\/de\/wp-json\/wp\/v2\/pages\/29641"}],"wp:featuredmedia":[{"embeddable":true,"href":"https:\/\/miljoenenlijn.nl\/de\/wp-json\/wp\/v2\/media\/30352"}],"wp:attachment":[{"href":"https:\/\/miljoenenlijn.nl\/de\/wp-json\/wp\/v2\/media?parent=29673"}],"curies":[{"name":"wp","href":"https:\/\/api.w.org\/{rel}","templated":true}]}}