{"id":29674,"date":"2022-05-05T17:10:13","date_gmt":"2022-05-05T15:10:13","guid":{"rendered":"https:\/\/miljoenenlijn.nl\/?page_id=29674"},"modified":"2022-07-15T09:45:35","modified_gmt":"2022-07-15T07:45:35","slug":"haeufig-gestellte-fragen","status":"publish","type":"page","link":"https:\/\/miljoenenlijn.nl\/de\/praktische-information\/haeufig-gestellte-fragen\/","title":{"rendered":"H\u00e4ufig gestellte Fragen"},"content":{"rendered":"\n<div class=\"ghostkit-grid ghostkit-grid-gap-md\"><div class=\"ghostkit-grid-inner\">\n<div class=\"ghostkit-col ghostkit-col-lg-12 ghostkit-col-2 is-layout-flow wp-block-ghostkit-grid-column-is-layout-flow\"><div class=\"ghostkit-col-content\"><\/div><\/div>\n\n\n\n<div class=\"ghostkit-col ghostkit-col-lg-12 ghostkit-col-8\"><div class=\"ghostkit-col-content is-layout-flow wp-block-ghostkit-grid-column-is-layout-flow\">\n<h2 class=\"wp-block-heading\">H\u00e4ufig gestellte Fragen<\/h2>\n\n\n\n<p>Haben Sie eine Frage oder m\u00f6chten Sie mehr \u00fcber einen Tagesausflug mit dem Zug erfahren? Vielleicht finden Sie Ihre Antwort hier\u2026<a href=\"https:\/\/www.miljoenenlijn.nl\/informatie\/veelgestelde-vragen\/\"><\/a><\/p>\n\n\n\n<div class=\"ghostkit-accordion ghostkit-accordion-10\">\n<div class=\"ghostkit-accordion-item\"><a href=\"#accordion-wo-kann-ich-fahrkarten-kaufen\" class=\"ghostkit-accordion-item-heading\"><span class=\"ghostkit-accordion-item-label\">Wo kann ich Fahrkarten kaufen?<\/span><span class=\"ghostkit-accordion-item-collapse\"><svg class=\"ghostkit-svg-icon\" width=\"24\" height=\"24\" viewBox=\"0 0 24 24\" fill=\"none\" xmlns=\"http:\/\/www.w3.org\/2000\/svg\"><path d=\"M9.21967 6.2197C9.51256 5.9268 9.98744 5.9268 10.2803 6.2197L15.5303 11.4697C15.8232 11.7626 15.8232 12.2374 15.5303 12.5303L10.2803 17.7803C9.98744 18.0732 9.51256 18.0732 9.21967 17.7803C8.92678 17.4874 8.92678 17.0126 9.21967 16.7197L13.9393 12L9.21967 7.2803C8.92678 6.9874 8.92678 6.5126 9.21967 6.2197Z\" fill=\"currentColor\"><\/path><\/svg><\/span><\/a><div class=\"ghostkit-accordion-item-content is-layout-flow wp-block-ghostkit-accordion-item-is-layout-flow\">\n<p>Fahrkarten f\u00fcr unsere Z\u00fcge k\u00f6nnen sie <a href=\"\/de\/tickets\/\">online als E-Ticket<\/a> (mit Rabatt!) oder am Fahrkartenschalter im Bahnhof Simpelveld kaufen. Wenn Sie an unseren anderen Haltestellen einsteigen, k\u00f6nnen Sie Fahrkarten beim Schaffner im Zug erwerben.<\/p>\n<\/div><\/div>\n\n\n\n<div class=\"ghostkit-accordion-item\"><a href=\"#accordion-was-kann-ich-alles-mit-einer-tageskarte-tun\" class=\"ghostkit-accordion-item-heading\"><span class=\"ghostkit-accordion-item-label\">Was kann ich alles mit einer Tageskarte tun?<\/span><span class=\"ghostkit-accordion-item-collapse\"><svg class=\"ghostkit-svg-icon\" width=\"24\" height=\"24\" viewBox=\"0 0 24 24\" fill=\"none\" xmlns=\"http:\/\/www.w3.org\/2000\/svg\"><path d=\"M9.21967 6.2197C9.51256 5.9268 9.98744 5.9268 10.2803 6.2197L15.5303 11.4697C15.8232 11.7626 15.8232 12.2374 15.5303 12.5303L10.2803 17.7803C9.98744 18.0732 9.51256 18.0732 9.21967 17.7803C8.92678 17.4874 8.92678 17.0126 9.21967 16.7197L13.9393 12L9.21967 7.2803C8.92678 6.9874 8.92678 6.5126 9.21967 6.2197Z\" fill=\"currentColor\"><\/path><\/svg><\/span><\/a><div class=\"ghostkit-accordion-item-content is-layout-flow wp-block-ghostkit-accordion-item-is-layout-flow\">\n<p>Mit einer Tageskarte der Miljoenenlijn k\u00f6nnen Sie den ganzen Tag mit Dampfz\u00fcgen und dem Schienenbus auf all unseren Strecken fahren und mit Arriva Z\u00fcgen durch S\u00fcd-Limburg reisen. Mit Hilfe des <a href=\"\/de\/fahrtage\">Fahrplans<\/a> entscheiden Sie selbst, welche Z\u00fcge Sie nutzen und wo Sie ein- und aussteigen.<\/p>\n\n\n\n<ul class=\"wp-block-list\"><li><a href=\"https:\/\/miljoenenlijn.nl\/de\/haltestellen\/\">Simpelveld \u2013 Schin op Geul \u2013 (Valkenburg)<\/a><\/li><li><a href=\"https:\/\/miljoenenlijn.nl\/de\/haltestellen\/\">Simpelveld \u2013 Kerkrade<\/a><\/li><li><a href=\"https:\/\/miljoenenlijn.nl\/de\/haltestellen\/\">Simpelveld \u2013 Vetschau (D)<\/a><\/li><\/ul>\n\n\n\n<p>Mit einer Tageskarte k\u00f6nnen Sie ebenfalls mit Arriva Z\u00fcgen zwischen Kerkrade, Schin op Geul und Maastricht fahren. Dies sind folgende Verbindungen:<\/p>\n\n\n\n<ul class=\"wp-block-list\"><li>Heerlen \u2013 Kerkrade Centrum (S3)**<\/li><li>Maastricht Randwyck \u2013 Valkenburg \u2013 Schin op Geul \u2013 Heerlen (S4 &amp; S5)*<\/li><\/ul>\n\n\n\n<p>Den aktuellen Fahrplan finden Sie auf <a href=\"https:\/\/www.arriva.nl\/verbraucher.htm\">www.arriva.nl<\/a>.<\/p>\n\n\n\n<p>* Mit allen&nbsp;<a href=\"\/de\/praktische-information\/fahrpreise\/\">Fahrkarten<\/a>&nbsp;der Miljoenenlijn fahren Sie mit Arriva kostenlos zwischen Schin op Geul und Valkenburg.<br>** Nur Fahrten zwischen Kerkrade Centrum und Heerlen, eine Weiterfahrt Richtung Sittard ist mit unseren Fahrkarten nicht m\u00f6glich.<\/p>\n<\/div><\/div>\n\n\n\n<div class=\"ghostkit-accordion-item ghostkit-accordion-item-active\"><a href=\"#accordion-muss-ich-eine-fahrkarte-kaufen-um-auf-die-bahnhofe-zu-durfen\" class=\"ghostkit-accordion-item-heading\"><span class=\"ghostkit-accordion-item-label\">Muss ich eine Fahrkarte kaufen, um auf die Bahnh\u00f6fe zu d\u00fcrfen?<\/span><span class=\"ghostkit-accordion-item-collapse\"><svg class=\"ghostkit-svg-icon\" width=\"24\" height=\"24\" viewBox=\"0 0 24 24\" fill=\"none\" xmlns=\"http:\/\/www.w3.org\/2000\/svg\"><path d=\"M9.21967 6.2197C9.51256 5.9268 9.98744 5.9268 10.2803 6.2197L15.5303 11.4697C15.8232 11.7626 15.8232 12.2374 15.5303 12.5303L10.2803 17.7803C9.98744 18.0732 9.51256 18.0732 9.21967 17.7803C8.92678 17.4874 8.92678 17.0126 9.21967 16.7197L13.9393 12L9.21967 7.2803C8.92678 6.9874 8.92678 6.5126 9.21967 6.2197Z\" fill=\"currentColor\"><\/path><\/svg><\/span><\/a><div class=\"ghostkit-accordion-item-content is-layout-flow wp-block-ghostkit-accordion-item-is-layout-flow\">\n<p>Nein, all unsere Bahnh\u00f6fe und Haltestellen sind frei zug\u00e4nglich*, inklusive unseres Hauptbahnhofs Simpelveld, wo es f\u00fcr Jung und Alt vieles zu entdecken gibt.<\/p>\n\n\n\n<p>* W\u00e4hrend einiger&nbsp;<a href=\"https:\/\/www.miljoenenlijn.de\/evenementen\/\">Events<\/a>&nbsp;wird f\u00fcr den Besuch des Bahnhofs Simpelveld ohne g\u00fcltige Fahrkarte ein Eintrittspreis erhoben. Der Bahnhof und die Bahnsteige sind an diesen Tagen nicht kostenlos zug\u00e4nglich. Diese Events erkennen Sie an der roten Farbgebung im&nbsp;<a href=\"\/de\/fahrtage\/\">Fahrplan<\/a>.<\/p>\n<\/div><\/div>\n\n\n\n<div class=\"ghostkit-accordion-item ghostkit-accordion-item-active\"><a href=\"#accordion-ist-die-museumskarte-bei-der-miljoenenlijn-gultig\" class=\"ghostkit-accordion-item-heading\"><span class=\"ghostkit-accordion-item-label\">Ist die Museumskarte bei der Miljoenenlijn g\u00fcltig?<\/span><span class=\"ghostkit-accordion-item-collapse\"><svg class=\"ghostkit-svg-icon\" width=\"24\" height=\"24\" viewBox=\"0 0 24 24\" fill=\"none\" xmlns=\"http:\/\/www.w3.org\/2000\/svg\"><path d=\"M9.21967 6.2197C9.51256 5.9268 9.98744 5.9268 10.2803 6.2197L15.5303 11.4697C15.8232 11.7626 15.8232 12.2374 15.5303 12.5303L10.2803 17.7803C9.98744 18.0732 9.51256 18.0732 9.21967 17.7803C8.92678 17.4874 8.92678 17.0126 9.21967 16.7197L13.9393 12L9.21967 7.2803C8.92678 6.9874 8.92678 6.5126 9.21967 6.2197Z\" fill=\"currentColor\"><\/path><\/svg><\/span><\/a><div class=\"ghostkit-accordion-item-content is-layout-flow wp-block-ghostkit-accordion-item-is-layout-flow\">\n<p>Leider ist die Museumskarte bei der Miljoenenlijn nicht g\u00fcltig.<\/p>\n<\/div><\/div>\n\n\n\n<div class=\"ghostkit-accordion-item\"><a href=\"#accordion-kann-ich-mit-ec-karte-bezahlen\" class=\"ghostkit-accordion-item-heading\"><span class=\"ghostkit-accordion-item-label\">Kann ich mit EC-Karte bezahlen?<\/span><span class=\"ghostkit-accordion-item-collapse\"><svg class=\"ghostkit-svg-icon\" width=\"24\" height=\"24\" viewBox=\"0 0 24 24\" fill=\"none\" xmlns=\"http:\/\/www.w3.org\/2000\/svg\"><path d=\"M9.21967 6.2197C9.51256 5.9268 9.98744 5.9268 10.2803 6.2197L15.5303 11.4697C15.8232 11.7626 15.8232 12.2374 15.5303 12.5303L10.2803 17.7803C9.98744 18.0732 9.51256 18.0732 9.21967 17.7803C8.92678 17.4874 8.92678 17.0126 9.21967 16.7197L13.9393 12L9.21967 7.2803C8.92678 6.9874 8.92678 6.5126 9.21967 6.2197Z\" fill=\"currentColor\"><\/path><\/svg><\/span><\/a><div class=\"ghostkit-accordion-item-content is-layout-flow wp-block-ghostkit-accordion-item-is-layout-flow\">\n<p><strong><strong>Fahrkarten<\/strong><\/strong><br>Ihre Fahrkarten k\u00f6nnen Sie am Fahrkartenschalter im Bahnhof Simpelveld sowohl bar als auch mit EC-Karte bezahlen. Wenn Sie an einer anderen Haltestelle einsteigen, kaufen Sie ihre Fahrkarte beim Schaffner. Hier k\u00f6nnen Sie nur bar bezahlen, am besten passend.<\/p>\n\n\n\n<p><strong><strong>Restaurants<\/strong><br><\/strong>In unserer Brasserie \u201cPerron 4\u201d im Bahnhof Simpelveld k\u00f6nnen Sie sowohl bar, als auch mit EC-Karte bezahlen. Auch im Restaurant-Wagon vom Zug k\u00f6nnen Sie sowohl bar, als mit EC-Karte bezahlen.<\/p>\n\n\n\n<p><strong><strong>Souvenir-Laden<\/strong><\/strong><\/p>\n\n\n\n<p>In unserem Souvenir-Laden \u201c\u2019t Winkeltje\u201d im Bahnhof Simpelveld k\u00f6nnen Sie sowohl bar, als auch mit EC-Karte bezahlen.<\/p>\n\n\n\n<p>F\u00fcr alle hier genannten Orte gilt, dass Kreditkarten nicht akzeptiert werden.<\/p>\n<\/div><\/div>\n\n\n\n<div class=\"ghostkit-accordion-item ghostkit-accordion-item-active\"><a href=\"#accordion-kann-ich-auch-mit-der-ov-chipkaart-oder-der-ns-business-card-reisen\" class=\"ghostkit-accordion-item-heading\"><span class=\"ghostkit-accordion-item-label\">Kann ich auch mit der OV-chipkaart oder der <strong>NS-Business Card<\/strong> reisen?<\/span><span class=\"ghostkit-accordion-item-collapse\"><svg class=\"ghostkit-svg-icon\" width=\"24\" height=\"24\" viewBox=\"0 0 24 24\" fill=\"none\" xmlns=\"http:\/\/www.w3.org\/2000\/svg\"><path d=\"M9.21967 6.2197C9.51256 5.9268 9.98744 5.9268 10.2803 6.2197L15.5303 11.4697C15.8232 11.7626 15.8232 12.2374 15.5303 12.5303L10.2803 17.7803C9.98744 18.0732 9.51256 18.0732 9.21967 17.7803C8.92678 17.4874 8.92678 17.0126 9.21967 16.7197L13.9393 12L9.21967 7.2803C8.92678 6.9874 8.92678 6.5126 9.21967 6.2197Z\" fill=\"currentColor\"><\/path><\/svg><\/span><\/a><div class=\"ghostkit-accordion-item-content is-layout-flow wp-block-ghostkit-accordion-item-is-layout-flow\">\n<p>Leider nein, die OV-chipkaart, NS-Business Card oder vergleichbare Fahrkarten Systeme sind bei der Miljoenenlijn nicht g\u00fcltig. Allerdings w\u00fcrden unsere Schaffner auf Wunsch diese Karten lochen\u2026 ????<\/p>\n<\/div><\/div>\n\n\n\n<div class=\"ghostkit-accordion-item\"><a href=\"#accordion-sind-die-zuge-der-miljoenenlijn-barrierefrei\" class=\"ghostkit-accordion-item-heading\"><span class=\"ghostkit-accordion-item-label\">Sind die Z\u00fcge der Miljoenenlijn barrierefrei?<\/span><span class=\"ghostkit-accordion-item-collapse\"><svg class=\"ghostkit-svg-icon\" width=\"24\" height=\"24\" viewBox=\"0 0 24 24\" fill=\"none\" xmlns=\"http:\/\/www.w3.org\/2000\/svg\"><path d=\"M9.21967 6.2197C9.51256 5.9268 9.98744 5.9268 10.2803 6.2197L15.5303 11.4697C15.8232 11.7626 15.8232 12.2374 15.5303 12.5303L10.2803 17.7803C9.98744 18.0732 9.51256 18.0732 9.21967 17.7803C8.92678 17.4874 8.92678 17.0126 9.21967 16.7197L13.9393 12L9.21967 7.2803C8.92678 6.9874 8.92678 6.5126 9.21967 6.2197Z\" fill=\"currentColor\"><\/path><\/svg><\/span><\/a><div class=\"ghostkit-accordion-item-content is-layout-flow wp-block-ghostkit-accordion-item-is-layout-flow\">\n<p>Der Dampfzug auf der Miljoenenlijn verf\u00fcgt \u00fcber einen barrierefreien Wagon mit Rampe, die von unseren Freiwilligen bedient wird. Ein- und Aussteigen ist nur an den Bahnh\u00f6fen Simpelveld und Schin op Geul m\u00f6glich. Eine <a href=\"\/de\/kontakt\">Reservierung<\/a> wird empfohlen. Der Schienenbus der Miljoenenlijn ist leider noch nicht barrierefrei.<\/p>\n\n\n\n<p>Der Bahnhof Simpelveld verf\u00fcgt \u00fcber eine Rollstuhltoilette und mehrere rollstuhlgerechte Parkpl\u00e4tze.<\/p>\n\n\n\n<p>Mehr Informationen zur Barrierefreiheit mit Rollstuhl, Rollator und Kinderwagen finden Sie auf unserer Informationsseite \u201c<a href=\"\/de\/praktische-information\/barrierefreiheit\/\">Barrierefreiheit<\/a>\u201d.<\/p>\n<\/div><\/div>\n\n\n\n<div class=\"ghostkit-accordion-item\"><a href=\"#accordion-darf-ich-selber-etwas-zu-trinken-mitnehmen\" class=\"ghostkit-accordion-item-heading\"><span class=\"ghostkit-accordion-item-label\">Darf ich selber etwas zu Trinken mitnehmen?<\/span><span class=\"ghostkit-accordion-item-collapse\"><svg class=\"ghostkit-svg-icon\" width=\"24\" height=\"24\" viewBox=\"0 0 24 24\" fill=\"none\" xmlns=\"http:\/\/www.w3.org\/2000\/svg\"><path d=\"M9.21967 6.2197C9.51256 5.9268 9.98744 5.9268 10.2803 6.2197L15.5303 11.4697C15.8232 11.7626 15.8232 12.2374 15.5303 12.5303L10.2803 17.7803C9.98744 18.0732 9.51256 18.0732 9.21967 17.7803C8.92678 17.4874 8.92678 17.0126 9.21967 16.7197L13.9393 12L9.21967 7.2803C8.92678 6.9874 8.92678 6.5126 9.21967 6.2197Z\" fill=\"currentColor\"><\/path><\/svg><\/span><\/a><div class=\"ghostkit-accordion-item-content is-layout-flow wp-block-ghostkit-accordion-item-is-layout-flow\">\n<p>Eigene Getr\u00e4nke und Essen mitzunehmen ist erlaubt. Es ist allerdings nicht erlaubt, mitgebrachte Nahrungsmittel im Bereich unseres Restaurant \u201cBrasserie Perron 4\u201d und der dazugeh\u00f6rigen Terrasse zu sich zunehmen.<\/p>\n\n\n\n<p>Sowohl auf den Bahnh\u00f6fen, als auch in den Z\u00fcgen ist es daf\u00fcr erlaubt mitgebrachtes Essen und Getr\u00e4nke zu genie\u00dfen. Am Bahnhof Simpelveld gibt es auch die M\u00f6glichkeit f\u00fcr ein Picknick.<\/p>\n\n\n\n<p>Im Dampfzug f\u00e4hrt ein extra Restaurant-Wagon mit, in dem diverse Getr\u00e4nke und Snacks erworben werden k\u00f6nnen.<\/p>\n<\/div><\/div>\n\n\n\n<div class=\"ghostkit-accordion-item ghostkit-accordion-item-active\"><a href=\"#accordion-darf-ich-meinen-hund-in-den-zugen-mitnehmen\" class=\"ghostkit-accordion-item-heading\"><span class=\"ghostkit-accordion-item-label\">Darf ich meinen Hund in den Z\u00fcgen mitnehmen?<\/span><span class=\"ghostkit-accordion-item-collapse\"><svg class=\"ghostkit-svg-icon\" width=\"24\" height=\"24\" viewBox=\"0 0 24 24\" fill=\"none\" xmlns=\"http:\/\/www.w3.org\/2000\/svg\"><path d=\"M9.21967 6.2197C9.51256 5.9268 9.98744 5.9268 10.2803 6.2197L15.5303 11.4697C15.8232 11.7626 15.8232 12.2374 15.5303 12.5303L10.2803 17.7803C9.98744 18.0732 9.51256 18.0732 9.21967 17.7803C8.92678 17.4874 8.92678 17.0126 9.21967 16.7197L13.9393 12L9.21967 7.2803C8.92678 6.9874 8.92678 6.5126 9.21967 6.2197Z\" fill=\"currentColor\"><\/path><\/svg><\/span><\/a><div class=\"ghostkit-accordion-item-content is-layout-flow wp-block-ghostkit-accordion-item-is-layout-flow\">\n<p>Ihren Hund k\u00f6nnen Sie kostenlos im Zug mitnehmen, so lange dieser angeleint ist und die anderen Fahrg\u00e4ste\/Reisenden nicht st\u00f6rt. Nicht erlaubt ist allerdings, den Hund auf die Sitze zu lassen\/setzen.<\/p>\n\n\n\n<p>W\u00e4hrend der \u201c<a href=\"\/de\/praktische-information\/kulinarisch\/\">Culinaire Ritten<\/a>\u201d, den kulinarischen Fahrten, im historischen Pullman Wagon ist das Mitbringen von Hunden nicht erlaubt.<\/p>\n\n\n\n<p><em><strong>Achtung:&nbsp;<\/strong>Wenn Sie mit unserer Tageskarte weiter durch S\u00fcd-Limburg mit Arriva-Z\u00fcgen reisen, gelten&nbsp;<a href=\"https:\/\/www.arriva.nl\/verbraucher\/kundendienst-kontakt\/ich-habe-eine-frage.htm\">abweichende<\/a><a href=\"https:\/\/www.arriva.nl\/limburg\/service-contact\/ik-heb-een-vraag.htm?regioid=153857\"> Regeln<\/a>&nbsp;f\u00fcr die Mitnahme von Haustieren.<\/em><\/p>\n<\/div><\/div>\n\n\n\n<div class=\"ghostkit-accordion-item\"><a href=\"#accordion-kann-ich-ehrenamtler-vrijwilliger-bei-der-miljoenenlijn-werden\" class=\"ghostkit-accordion-item-heading\"><span class=\"ghostkit-accordion-item-label\">Kann ich Ehrenamtler (vrijwilliger) bei der Miljoenenlijn werden?<\/span><span class=\"ghostkit-accordion-item-collapse\"><svg class=\"ghostkit-svg-icon\" width=\"24\" height=\"24\" viewBox=\"0 0 24 24\" fill=\"none\" xmlns=\"http:\/\/www.w3.org\/2000\/svg\"><path d=\"M9.21967 6.2197C9.51256 5.9268 9.98744 5.9268 10.2803 6.2197L15.5303 11.4697C15.8232 11.7626 15.8232 12.2374 15.5303 12.5303L10.2803 17.7803C9.98744 18.0732 9.51256 18.0732 9.21967 17.7803C8.92678 17.4874 8.92678 17.0126 9.21967 16.7197L13.9393 12L9.21967 7.2803C8.92678 6.9874 8.92678 6.5126 9.21967 6.2197Z\" fill=\"currentColor\"><\/path><\/svg><\/span><\/a><div class=\"ghostkit-accordion-item-content is-layout-flow wp-block-ghostkit-accordion-item-is-layout-flow\">\n<p>Ja klar! Die Zuid-Limburgse Stoomtrein Maatschappij ist eine Stiftung die fast vollst\u00e4ndig von unseren rund 200 Ehrenamtlern (vrijwilligers) betrieben wird. Wir sind immer auf der Suche nach enthusiastischen Menschen, die unser Team verst\u00e4rken. Ohne Ehrenamtler w\u00fcrde die Miljoenenlijn zum Stillstand kommen.<\/p>\n\n\n\n<p>Sie haben Interesse oder wollen einfach mal reinschauen? Z\u00f6gern Sie nicht und treten Sie mit uns in&nbsp;<a href=\"\/de\/kontakt\/\">Kontakt<\/a>. Auch wenn sie nicht in der N\u00e4he wohnen oder nicht allzu h\u00e4ufig kommen k\u00f6nnen; f\u00fcr jeden gibt es einen Platz bei der Miljoenenlijn! Nirgendwo anders finden Sie so unterschiedliche Menschen oder gr\u00f6\u00dferen Zusammenhalt als bei uns.<\/p>\n\n\n\n<p>Schauen Sie doch mal auf unsere Seite zur&nbsp;<a href=\"\/de\/stellenangebote\/\">ehrenamtlichen Mitarbeit<\/a>. Oder machen Sie einen Tag unverbindlich mit, Sie sind herzlich willkommen!<\/p>\n<\/div><\/div>\n<\/div>\n<\/div><\/div>\n\n\n\n<div class=\"ghostkit-col ghostkit-col-lg-12 ghostkit-col-2 is-layout-flow wp-block-ghostkit-grid-column-is-layout-flow\"><div class=\"ghostkit-col-content\"><\/div><\/div>\n<\/div><\/div>\n","protected":false},"excerpt":{"rendered":"","protected":false},"author":1,"featured_media":0,"parent":29641,"menu_order":0,"comment_status":"closed","ping_status":"closed","template":"","meta":{"_acf_changed":false,"ghostkit_customizer_options":"","ghostkit_custom_css":"","ghostkit_custom_js_head":"","ghostkit_custom_js_foot":"","ghostkit_typography":"","footnotes":""},"class_list":["post-29674","page","type-page","status-publish","hentry"],"acf":[],"yoast_head":"<!-- This site is optimized with the Yoast SEO plugin v27.3 - https:\/\/yoast.com\/product\/yoast-seo-wordpress\/ -->\n<title>H\u00e4ufig gestellte Fragen - De Miljoenenlijn<\/title>\n<meta name=\"robots\" content=\"index, follow, max-snippet:-1, max-image-preview:large, max-video-preview:-1\" \/>\n<link rel=\"canonical\" href=\"https:\/\/miljoenenlijn.nl\/de\/praktische-information\/haeufig-gestellte-fragen\/\" \/>\n<meta property=\"og:locale\" content=\"de_DE\" \/>\n<meta property=\"og:type\" content=\"article\" \/>\n<meta property=\"og:title\" content=\"H\u00e4ufig gestellte Fragen - De Miljoenenlijn\" \/>\n<meta property=\"og:url\" content=\"https:\/\/miljoenenlijn.nl\/de\/praktische-information\/haeufig-gestellte-fragen\/\" \/>\n<meta property=\"og:site_name\" content=\"De Miljoenenlijn\" \/>\n<meta property=\"article:publisher\" content=\"https:\/\/www.facebook.com\/miljoenenlijn\" \/>\n<meta property=\"article:modified_time\" content=\"2022-07-15T07:45:35+00:00\" \/>\n<meta name=\"twitter:card\" content=\"summary_large_image\" \/>\n<meta name=\"twitter:site\" content=\"@Miljoenenlijn\" \/>\n<meta name=\"twitter:label1\" content=\"Gesch\u00e4tzte Lesezeit\" \/>\n\t<meta name=\"twitter:data1\" content=\"4\u00a0Minuten\" \/>\n<script type=\"application\/ld+json\" class=\"yoast-schema-graph\">{\"@context\":\"https:\\\/\\\/schema.org\",\"@graph\":[{\"@type\":\"WebPage\",\"@id\":\"https:\\\/\\\/miljoenenlijn.nl\\\/de\\\/praktische-information\\\/haeufig-gestellte-fragen\\\/\",\"url\":\"https:\\\/\\\/miljoenenlijn.nl\\\/de\\\/praktische-information\\\/haeufig-gestellte-fragen\\\/\",\"name\":\"H\u00e4ufig gestellte Fragen - De Miljoenenlijn\",\"isPartOf\":{\"@id\":\"https:\\\/\\\/miljoenenlijn.nl\\\/de\\\/#website\"},\"datePublished\":\"2022-05-05T15:10:13+00:00\",\"dateModified\":\"2022-07-15T07:45:35+00:00\",\"breadcrumb\":{\"@id\":\"https:\\\/\\\/miljoenenlijn.nl\\\/de\\\/praktische-information\\\/haeufig-gestellte-fragen\\\/#breadcrumb\"},\"inLanguage\":\"de\",\"potentialAction\":[{\"@type\":\"ReadAction\",\"target\":[\"https:\\\/\\\/miljoenenlijn.nl\\\/de\\\/praktische-information\\\/haeufig-gestellte-fragen\\\/\"]}]},{\"@type\":\"BreadcrumbList\",\"@id\":\"https:\\\/\\\/miljoenenlijn.nl\\\/de\\\/praktische-information\\\/haeufig-gestellte-fragen\\\/#breadcrumb\",\"itemListElement\":[{\"@type\":\"ListItem\",\"position\":1,\"name\":\"Home\",\"item\":\"https:\\\/\\\/miljoenenlijn.nl\\\/de\\\/\"},{\"@type\":\"ListItem\",\"position\":2,\"name\":\"Praktische Information\",\"item\":\"https:\\\/\\\/miljoenenlijn.nl\\\/de\\\/praktische-information\\\/\"},{\"@type\":\"ListItem\",\"position\":3,\"name\":\"H\u00e4ufig gestellte Fragen\"}]},{\"@type\":\"WebSite\",\"@id\":\"https:\\\/\\\/miljoenenlijn.nl\\\/de\\\/#website\",\"url\":\"https:\\\/\\\/miljoenenlijn.nl\\\/de\\\/\",\"name\":\"De Miljoenenlijn\",\"description\":\"E\u00e9n van de mooiste spoorlijnen van Nederland!\",\"publisher\":{\"@id\":\"https:\\\/\\\/miljoenenlijn.nl\\\/de\\\/#organization\"},\"potentialAction\":[{\"@type\":\"SearchAction\",\"target\":{\"@type\":\"EntryPoint\",\"urlTemplate\":\"https:\\\/\\\/miljoenenlijn.nl\\\/de\\\/?s={search_term_string}\"},\"query-input\":{\"@type\":\"PropertyValueSpecification\",\"valueRequired\":true,\"valueName\":\"search_term_string\"}}],\"inLanguage\":\"de\"},{\"@type\":\"Organization\",\"@id\":\"https:\\\/\\\/miljoenenlijn.nl\\\/de\\\/#organization\",\"name\":\"De Miljoenenlijn\",\"url\":\"https:\\\/\\\/miljoenenlijn.nl\\\/de\\\/\",\"logo\":{\"@type\":\"ImageObject\",\"inLanguage\":\"de\",\"@id\":\"https:\\\/\\\/miljoenenlijn.nl\\\/de\\\/#\\\/schema\\\/logo\\\/image\\\/\",\"url\":\"https:\\\/\\\/miljoenenlijn.nl\\\/wp-content\\\/uploads\\\/2022\\\/07\\\/logo-footer-2018.png\",\"contentUrl\":\"https:\\\/\\\/miljoenenlijn.nl\\\/wp-content\\\/uploads\\\/2022\\\/07\\\/logo-footer-2018.png\",\"width\":700,\"height\":593,\"caption\":\"De Miljoenenlijn\"},\"image\":{\"@id\":\"https:\\\/\\\/miljoenenlijn.nl\\\/de\\\/#\\\/schema\\\/logo\\\/image\\\/\"},\"sameAs\":[\"https:\\\/\\\/www.facebook.com\\\/miljoenenlijn\",\"https:\\\/\\\/x.com\\\/Miljoenenlijn\",\"https:\\\/\\\/www.instagram.com\\\/miljoenenlijn\\\/\",\"https:\\\/\\\/www.youtube.com\\\/user\\\/ZLSMMiljoenenlijn\"]}]}<\/script>\n<!-- \/ Yoast SEO plugin. -->","yoast_head_json":{"title":"H\u00e4ufig gestellte Fragen - De Miljoenenlijn","robots":{"index":"index","follow":"follow","max-snippet":"max-snippet:-1","max-image-preview":"max-image-preview:large","max-video-preview":"max-video-preview:-1"},"canonical":"https:\/\/miljoenenlijn.nl\/de\/praktische-information\/haeufig-gestellte-fragen\/","og_locale":"de_DE","og_type":"article","og_title":"H\u00e4ufig gestellte Fragen - De Miljoenenlijn","og_url":"https:\/\/miljoenenlijn.nl\/de\/praktische-information\/haeufig-gestellte-fragen\/","og_site_name":"De Miljoenenlijn","article_publisher":"https:\/\/www.facebook.com\/miljoenenlijn","article_modified_time":"2022-07-15T07:45:35+00:00","twitter_card":"summary_large_image","twitter_site":"@Miljoenenlijn","twitter_misc":{"Gesch\u00e4tzte Lesezeit":"4\u00a0Minuten"},"schema":{"@context":"https:\/\/schema.org","@graph":[{"@type":"WebPage","@id":"https:\/\/miljoenenlijn.nl\/de\/praktische-information\/haeufig-gestellte-fragen\/","url":"https:\/\/miljoenenlijn.nl\/de\/praktische-information\/haeufig-gestellte-fragen\/","name":"H\u00e4ufig gestellte Fragen - De Miljoenenlijn","isPartOf":{"@id":"https:\/\/miljoenenlijn.nl\/de\/#website"},"datePublished":"2022-05-05T15:10:13+00:00","dateModified":"2022-07-15T07:45:35+00:00","breadcrumb":{"@id":"https:\/\/miljoenenlijn.nl\/de\/praktische-information\/haeufig-gestellte-fragen\/#breadcrumb"},"inLanguage":"de","potentialAction":[{"@type":"ReadAction","target":["https:\/\/miljoenenlijn.nl\/de\/praktische-information\/haeufig-gestellte-fragen\/"]}]},{"@type":"BreadcrumbList","@id":"https:\/\/miljoenenlijn.nl\/de\/praktische-information\/haeufig-gestellte-fragen\/#breadcrumb","itemListElement":[{"@type":"ListItem","position":1,"name":"Home","item":"https:\/\/miljoenenlijn.nl\/de\/"},{"@type":"ListItem","position":2,"name":"Praktische Information","item":"https:\/\/miljoenenlijn.nl\/de\/praktische-information\/"},{"@type":"ListItem","position":3,"name":"H\u00e4ufig gestellte Fragen"}]},{"@type":"WebSite","@id":"https:\/\/miljoenenlijn.nl\/de\/#website","url":"https:\/\/miljoenenlijn.nl\/de\/","name":"De Miljoenenlijn","description":"E\u00e9n van de mooiste spoorlijnen van Nederland!","publisher":{"@id":"https:\/\/miljoenenlijn.nl\/de\/#organization"},"potentialAction":[{"@type":"SearchAction","target":{"@type":"EntryPoint","urlTemplate":"https:\/\/miljoenenlijn.nl\/de\/?s={search_term_string}"},"query-input":{"@type":"PropertyValueSpecification","valueRequired":true,"valueName":"search_term_string"}}],"inLanguage":"de"},{"@type":"Organization","@id":"https:\/\/miljoenenlijn.nl\/de\/#organization","name":"De Miljoenenlijn","url":"https:\/\/miljoenenlijn.nl\/de\/","logo":{"@type":"ImageObject","inLanguage":"de","@id":"https:\/\/miljoenenlijn.nl\/de\/#\/schema\/logo\/image\/","url":"https:\/\/miljoenenlijn.nl\/wp-content\/uploads\/2022\/07\/logo-footer-2018.png","contentUrl":"https:\/\/miljoenenlijn.nl\/wp-content\/uploads\/2022\/07\/logo-footer-2018.png","width":700,"height":593,"caption":"De Miljoenenlijn"},"image":{"@id":"https:\/\/miljoenenlijn.nl\/de\/#\/schema\/logo\/image\/"},"sameAs":["https:\/\/www.facebook.com\/miljoenenlijn","https:\/\/x.com\/Miljoenenlijn","https:\/\/www.instagram.com\/miljoenenlijn\/","https:\/\/www.youtube.com\/user\/ZLSMMiljoenenlijn"]}]}},"_links":{"self":[{"href":"https:\/\/miljoenenlijn.nl\/de\/wp-json\/wp\/v2\/pages\/29674","targetHints":{"allow":["GET"]}}],"collection":[{"href":"https:\/\/miljoenenlijn.nl\/de\/wp-json\/wp\/v2\/pages"}],"about":[{"href":"https:\/\/miljoenenlijn.nl\/de\/wp-json\/wp\/v2\/types\/page"}],"author":[{"embeddable":true,"href":"https:\/\/miljoenenlijn.nl\/de\/wp-json\/wp\/v2\/users\/1"}],"replies":[{"embeddable":true,"href":"https:\/\/miljoenenlijn.nl\/de\/wp-json\/wp\/v2\/comments?post=29674"}],"version-history":[{"count":15,"href":"https:\/\/miljoenenlijn.nl\/de\/wp-json\/wp\/v2\/pages\/29674\/revisions"}],"predecessor-version":[{"id":30672,"href":"https:\/\/miljoenenlijn.nl\/de\/wp-json\/wp\/v2\/pages\/29674\/revisions\/30672"}],"up":[{"embeddable":true,"href":"https:\/\/miljoenenlijn.nl\/de\/wp-json\/wp\/v2\/pages\/29641"}],"wp:attachment":[{"href":"https:\/\/miljoenenlijn.nl\/de\/wp-json\/wp\/v2\/media?parent=29674"}],"curies":[{"name":"wp","href":"https:\/\/api.w.org\/{rel}","templated":true}]}}