{"id":29706,"date":"2022-05-05T17:10:37","date_gmt":"2022-05-05T15:10:37","guid":{"rendered":"https:\/\/miljoenenlijn.nl\/?page_id=29706"},"modified":"2022-06-28T13:29:45","modified_gmt":"2022-06-28T11:29:45","slug":"kontakt","status":"publish","type":"page","link":"https:\/\/miljoenenlijn.nl\/de\/kontakt\/","title":{"rendered":"Kontakt"},"content":{"rendered":"\n<div class=\"ghostkit-grid ghostkit-grid-gap-md\"><div class=\"ghostkit-grid-inner\">\n<div class=\"ghostkit-col ghostkit-col-md-12 ghostkit-col-lg-6 ghostkit-col-1 is-layout-flow wp-block-ghostkit-grid-column-is-layout-flow\"><div class=\"ghostkit-col-content\"><\/div><\/div>\n\n\n\n<div class=\"ghostkit-col ghostkit-col-md-12 ghostkit-col-lg-6 ghostkit-col-6\"><div class=\"ghostkit-col-content is-layout-flow wp-block-ghostkit-grid-column-is-layout-flow\">\n<h2 class=\"wp-block-heading\">G\u00e4steservice<\/h2>\n<\/div><\/div>\n\n\n\n<div class=\"ghostkit-col ghostkit-col-md-12 ghostkit-col-lg-6 ghostkit-col-1 is-layout-flow wp-block-ghostkit-grid-column-is-layout-flow\"><div class=\"ghostkit-col-content\"><\/div><\/div>\n<\/div><\/div>\n\n\n\n<div class=\"ghostkit-grid ghostkit-grid-gap-md\"><div class=\"ghostkit-grid-inner\">\n<div class=\"ghostkit-col ghostkit-col-md-12 ghostkit-col-lg-6 ghostkit-col-1 is-layout-flow wp-block-ghostkit-grid-column-is-layout-flow\"><div class=\"ghostkit-col-content\"><\/div><\/div>\n\n\n\n<div class=\"ghostkit-col ghostkit-col-md-12 ghostkit-col-lg-6 ghostkit-col-6\"><div class=\"ghostkit-col-content is-layout-flow wp-block-ghostkit-grid-column-is-layout-flow\">\n<p>Bei Fragen, Anmerkungen oder Kritik k\u00f6nnen Sie mit unserem G\u00e4steservice Kontakt aufnehmen.<\/p>\n\n\n\n<p>Sie m\u00f6chten lieber anrufen? Unser G\u00e4steservice ist dienstags zwischen 09.00 und 12.00 Uhr erreichbar.<\/p>\n<\/div><\/div>\n\n\n\n<div class=\"ghostkit-col ghostkit-col-md-12 ghostkit-col-lg-6 ghostkit-col-4\"><div class=\"ghostkit-col-content is-layout-flow wp-block-ghostkit-grid-column-is-layout-flow\">\r\n<div class=\"eye-block card content_card bg--lightgray  \">\r\n    <div class=\"content_card__content \">\r\n        \n\n<ul class=\"fa-ul\">\n    <li class=\"mb-3\"><span class=\"fa-li\"><i class=\"fa-regular fa-phone\"><\/i><\/span><a href=\"tel:+310455440018\">+31 (0)45 5440018<\/a> <\/li>\n    <li><span class=\"fa-li\"><i class=\"fa-regular fa-envelope\"><\/i><\/span><a href=\"mailto:info@miljoenenlijn.nl\">info@miljoenenlijn.nl<\/a> <\/li>\n  <\/ul>\n\n\r\n    <\/div>\r\n<\/div>\n\n\r\n<div class=\"eye-block bsbutton mb-3 d-flex flex-column\" >\r\n            <a class=\"btn btn-tertiary\" href=\"https:\/\/m.me\/miljoenenlijn\" target=\"_blank\">Senden Sie eine Nachricht \u00fcber Messenger<\/a>\r\n    <\/div>\n\n\r\n<div class=\"eye-block bsbutton mb-3 d-flex flex-column\" >\r\n            <a class=\"btn btn-tertiary\" href=\"https:\/\/twitter.com\/Miljoenenlijn\" target=\"_blank\">Senden Sie uns einen Tweet<\/a>\r\n    <\/div><\/div><\/div>\n\n\n\n<div class=\"ghostkit-col ghostkit-col-md-12 ghostkit-col-lg-6 ghostkit-col-1 is-layout-flow wp-block-ghostkit-grid-column-is-layout-flow\"><div class=\"ghostkit-col-content\"><\/div><\/div>\n<\/div><\/div>\n\n\n\n<h2 class=\"wp-block-heading\">Locaties<\/h2>\n\n\n\n<div class=\"ghostkit-grid ghostkit-grid-gap-md\"><div class=\"ghostkit-grid-inner\">\n<div class=\"ghostkit-col ghostkit-col-md-12 ghostkit-col-7\"><div class=\"ghostkit-col-content is-layout-flow wp-block-ghostkit-grid-column-is-layout-flow\">\n<div class=\"ghostkit-google-maps\" style=\"min-height:700px\" data-lat=\"50.845597445343465\" data-lng=\"5.952782225455073\" data-zoom=\"12\" data-show-zoom-buttons=\"false\" data-show-map-type-buttons=\"false\" data-show-street-view-button=\"false\" data-show-fullscreen-button=\"false\" data-option-scroll-wheel=\"true\" data-option-draggable=\"true\" data-styles=\"[{&quot;featureType&quot;:&quot;administrative&quot;,&quot;elementType&quot;:&quot;all&quot;,&quot;stylers&quot;:[{&quot;visibility&quot;:&quot;on&quot;},{&quot;lightness&quot;:33}]},{&quot;featureType&quot;:&quot;landscape&quot;,&quot;elementType&quot;:&quot;all&quot;,&quot;stylers&quot;:[{&quot;color&quot;:&quot;#f2e5d4&quot;}]},{&quot;featureType&quot;:&quot;poi.park&quot;,&quot;elementType&quot;:&quot;geometry&quot;,&quot;stylers&quot;:[{&quot;color&quot;:&quot;#c5dac6&quot;}]},{&quot;featureType&quot;:&quot;poi.park&quot;,&quot;elementType&quot;:&quot;labels&quot;,&quot;stylers&quot;:[{&quot;visibility&quot;:&quot;on&quot;},{&quot;lightness&quot;:20}]},{&quot;featureType&quot;:&quot;road&quot;,&quot;elementType&quot;:&quot;all&quot;,&quot;stylers&quot;:[{&quot;lightness&quot;:20}]},{&quot;featureType&quot;:&quot;road.highway&quot;,&quot;elementType&quot;:&quot;geometry&quot;,&quot;stylers&quot;:[{&quot;color&quot;:&quot;#c5c6c6&quot;}]},{&quot;featureType&quot;:&quot;road.arterial&quot;,&quot;elementType&quot;:&quot;geometry&quot;,&quot;stylers&quot;:[{&quot;color&quot;:&quot;#e4d7c6&quot;}]},{&quot;featureType&quot;:&quot;road.local&quot;,&quot;elementType&quot;:&quot;geometry&quot;,&quot;stylers&quot;:[{&quot;color&quot;:&quot;#fbfaf7&quot;}]},{&quot;featureType&quot;:&quot;water&quot;,&quot;elementType&quot;:&quot;all&quot;,&quot;stylers&quot;:[{&quot;visibility&quot;:&quot;on&quot;},{&quot;color&quot;:&quot;#acbcc9&quot;}]}]\" data-gesture-handling=\"cooperative\"><div class=\"ghostkit-google-maps-marker\" data-lat=\"50.8317068\" data-lng=\"5.978081700000001\" data-address=\"Stationstraat 22, 6369 VJ Simpelveld, Nederland\"><\/div><div class=\"ghostkit-google-maps-marker\" data-lat=\"50.8592449\" data-lng=\"6.056853899999999\" data-address=\"Stationsstraat 70, 6461 EJ Kerkrade, Nederland\"><\/div><div class=\"ghostkit-google-maps-marker\" data-lat=\"50.8231347\" data-lng=\"5.924656299999999\" data-address=\"Wittemerweg 5, 6287 AA Eys, Nederland\"><\/div><div class=\"ghostkit-google-maps-marker\" data-lat=\"50.83348489999999\" data-lng=\"5.897352399999999\" data-address=\"Parallelweg 9, 6321 BA Wijlre, Nederland\"><\/div><div class=\"ghostkit-google-maps-marker\" data-lat=\"50.8561035\" data-lng=\"5.8717292\" data-address=\"Baanweg 1, 6305 PH Schin op Geul, Nederland\"><\/div><\/div>\n<\/div><\/div>\n\n\n\n<div class=\"ghostkit-col ghostkit-col-md-12 ghostkit-col-5 scroll-container\"><div class=\"ghostkit-col-content is-layout-flow wp-block-ghostkit-grid-column-is-layout-flow\">\r\n<div class=\"eye-block card content_card bg--lightgray  \">\r\n    <div class=\"content_card__content \">\r\n        \n\n<div class=\"ghostkit-grid ghostkit-grid-gap-md\"><div class=\"ghostkit-grid-inner\">\n<div class=\"ghostkit-col ghostkit-col-md-12 ghostkit-col-9\"><div class=\"ghostkit-col-content is-layout-flow wp-block-ghostkit-grid-column-is-layout-flow\">\n<p><strong>Bahnhof Simpelveld<\/strong><\/p>\n\n\n\n<p>Stationstraat 22<br>6369 VJ Simpelveld<br>+31 (0)45 5440018<br><a href=\"mailto:info@miljoenenlijn.nl\">info@miljoenenlijn.nl<\/a>&nbsp;(De Miljoenenlijn)<br><a href=\"mailto:brasseriep4simpv@ziggo.nl\">brasseriep4simpv@ziggo.nl<\/a>&nbsp;(Brasserie Perron 4)<\/p>\n<\/div><\/div>\n\n\n\n<div class=\"ghostkit-col ghostkit-col-md-12 ghostkit-col-3\"><div class=\"ghostkit-col-content is-layout-flow wp-block-ghostkit-grid-column-is-layout-flow\">\r\n<div class=\"eye-block bsbutton mb-3 d-flex justify-content-end\" >\r\n            <a class=\"btn btn-with-arrow-after btn-with-arrow-after-green\" href=\"https:\/\/www.google.nl\/maps\/place\/Zuid-Limburgse+Stoomtrein+Maatschappij\/@50.8321176,5.974908,16.91z\/data=!4m5!3m4!1s0x47c0964c44573dcb:0x204be9f113ea1310!8m2!3d50.8317275!4d5.9780792\" target=\"_blank\">Route<\/a>\r\n    <\/div><\/div><\/div>\n<\/div><\/div>\n\n\r\n    <\/div>\r\n<\/div>\n\n\r\n<div class=\"eye-block card content_card bg--lightgray  \">\r\n    <div class=\"content_card__content \">\r\n        \n\n<div class=\"ghostkit-grid ghostkit-grid-gap-md\"><div class=\"ghostkit-grid-inner\">\n<div class=\"ghostkit-col ghostkit-col-md-12 ghostkit-col-9\"><div class=\"ghostkit-col-content is-layout-flow wp-block-ghostkit-grid-column-is-layout-flow\">\n<p><strong>Bahnhof Kerkrade<\/strong><\/p>\n\n\n\n<p>Stationsstraat 70<br>6461 EJ Kerkrade<br>(Die Miljoenenlijn h\u00e4lt an unserem eigenen Bahnsteig, vom Arriva\/NS-Bahnsteig aus vorbei am Bahn\u00fcbergang \u00fcber die Stra\u00dfe)<\/p>\n<\/div><\/div>\n\n\n\n<div class=\"ghostkit-col ghostkit-col-md-12 ghostkit-col-3\"><div class=\"ghostkit-col-content is-layout-flow wp-block-ghostkit-grid-column-is-layout-flow\">\r\n<div class=\"eye-block bsbutton mb-3 d-flex justify-content-end\" >\r\n            <a class=\"btn btn-with-arrow-after btn-with-arrow-after-green\" href=\"https:\/\/www.google.nl\/maps\/place\/Station+Kerkrade+ZLSM\/@50.8592483,6.0546652,17z\/data=!3m1!4b1!4m5!3m4!1s0x47c0a2a6e7da7a8b:0x1d042bc9de0f8af3!8m2!3d50.8592449!4d6.0568539\" target=\"_blank\">Route<\/a>\r\n    <\/div><\/div><\/div>\n<\/div><\/div>\n\n\r\n    <\/div>\r\n<\/div>\n\n\r\n<div class=\"eye-block card content_card bg--lightgray  \">\r\n    <div class=\"content_card__content \">\r\n        \n\n<div class=\"ghostkit-grid ghostkit-grid-gap-md\"><div class=\"ghostkit-grid-inner\">\n<div class=\"ghostkit-col ghostkit-col-md-12 ghostkit-col-9\"><div class=\"ghostkit-col-content is-layout-flow wp-block-ghostkit-grid-column-is-layout-flow\">\n<p><strong>Bahnhof&nbsp;Eys-Wittem<\/strong><\/p>\n\n\n\n<p>Wittemerweg 5<br>6287 AA Eys<\/p>\n<\/div><\/div>\n\n\n\n<div class=\"ghostkit-col ghostkit-col-md-12 ghostkit-col-3\"><div class=\"ghostkit-col-content is-layout-flow wp-block-ghostkit-grid-column-is-layout-flow\">\r\n<div class=\"eye-block bsbutton mb-3 d-flex justify-content-end\" >\r\n            <a class=\"btn btn-with-arrow-after btn-with-arrow-after-green\" href=\"https:\/\/www.google.nl\/maps\/place\/Station+Eys-Wittem+(Miljoenenlijn)\/@50.8230748,5.9248391,20.38z\/data=!4m13!1m7!3m6!1s0x47c095d5aaf983a3:0x62f76c306acc96f1!2sWittemerweg+5,+6287+AA+Eys!3b1!8m2!3d50.8231265!4d5.9246729!3m4!1s0x47c095d5abadf783:0xb90d4df1c97c555!8m2!3d50.8231347!4d5.9246563\" target=\"_blank\">Route<\/a>\r\n    <\/div><\/div><\/div>\n<\/div><\/div>\n\n\r\n    <\/div>\r\n<\/div>\n\n\r\n<div class=\"eye-block card content_card bg--lightgray  \">\r\n    <div class=\"content_card__content \">\r\n        \n\n<div class=\"ghostkit-grid ghostkit-grid-gap-md\"><div class=\"ghostkit-grid-inner\">\n<div class=\"ghostkit-col ghostkit-col-md-12 ghostkit-col-9\"><div class=\"ghostkit-col-content is-layout-flow wp-block-ghostkit-grid-column-is-layout-flow\">\n<p><strong>Bahnhof&nbsp;Wijlre-Gulpen<\/strong><\/p>\n\n\n\n<p>Parallelweg 9<br>6321 BB Wijlre<\/p>\n<\/div><\/div>\n\n\n\n<div class=\"ghostkit-col ghostkit-col-md-12 ghostkit-col-3\"><div class=\"ghostkit-col-content is-layout-flow wp-block-ghostkit-grid-column-is-layout-flow\">\r\n<div class=\"eye-block bsbutton mb-3 d-flex justify-content-end\" >\r\n            <a class=\"btn btn-with-arrow-after btn-with-arrow-after-green\" href=\"https:\/\/www.google.nl\/maps\/place\/Station+Wijlre-Gulpen+(Miljoenenlijn)\/@50.8334883,5.8951637,17z\/data=!4m13!1m7!3m6!1s0x47c095ba1f4ec4e7:0xb0db447116c9de!2sParallelweg+9,+6321+BA+Wijlre!3b1!8m2!3d50.8334849!4d5.8973524!3m4!1s0x47c095b9f11df4d7:0x18541ff168e943e8!8m2!3d50.8332864!4d5.8974114\" target=\"_blank\">Route<\/a>\r\n    <\/div><\/div><\/div>\n<\/div><\/div>\n\n\r\n    <\/div>\r\n<\/div>\n\n\r\n<div class=\"eye-block card content_card bg--lightgray  \">\r\n    <div class=\"content_card__content \">\r\n        \n\n<div class=\"ghostkit-grid ghostkit-grid-gap-md\"><div class=\"ghostkit-grid-inner\">\n<div class=\"ghostkit-col ghostkit-col-md-12 ghostkit-col-9\"><div class=\"ghostkit-col-content is-layout-flow wp-block-ghostkit-grid-column-is-layout-flow\">\n<p><strong>Bahnhof Schin op Geul<\/strong><\/p>\n\n\n\n<p>Baanweg 1<br>6305 PH Schin op Geul<\/p>\n<\/div><\/div>\n\n\n\n<div class=\"ghostkit-col ghostkit-col-md-12 ghostkit-col-3\"><div class=\"ghostkit-col-content is-layout-flow wp-block-ghostkit-grid-column-is-layout-flow\">\r\n<div class=\"eye-block bsbutton mb-3 d-flex justify-content-end\" >\r\n            <a class=\"btn btn-with-arrow-after btn-with-arrow-after-green\" href=\"https:\/\/www.google.nl\/maps\/place\/Station+Schin+op+Geul+(Miljoenenlijn)\/@50.8561069,5.8695405,17z\/data=!4m13!1m7!3m6!1s0x47c0957ac230aeab:0xb1b0c50a41e1f6bd!2sBaanweg+1,+6305+PH+Schin+op+Geul!3b1!8m2!3d50.8561035!4d5.8717292!3m4!1s0x47c0957aebca5d21:0x7a5d5c58aa92920c!8m2!3d50.8561139!4d5.871795\" target=\"_blank\">Route<\/a>\r\n    <\/div><\/div><\/div>\n<\/div><\/div>\n\n\r\n    <\/div>\r\n<\/div><\/div><\/div>\n<\/div><\/div>\n","protected":false},"excerpt":{"rendered":"<p>Locaties<\/p>\n","protected":false},"author":1,"featured_media":0,"parent":0,"menu_order":0,"comment_status":"closed","ping_status":"closed","template":"","meta":{"_acf_changed":false,"ghostkit_customizer_options":"","ghostkit_custom_css":"","ghostkit_custom_js_head":"","ghostkit_custom_js_foot":"","ghostkit_typography":"","footnotes":""},"class_list":["post-29706","page","type-page","status-publish","hentry"],"acf":[],"yoast_head":"<!-- This site is optimized with the Yoast SEO plugin v27.3 - https:\/\/yoast.com\/product\/yoast-seo-wordpress\/ -->\n<title>Kontakt - De Miljoenenlijn<\/title>\n<meta name=\"robots\" content=\"index, follow, max-snippet:-1, max-image-preview:large, max-video-preview:-1\" \/>\n<link rel=\"canonical\" href=\"https:\/\/miljoenenlijn.nl\/de\/kontakt\/\" \/>\n<meta property=\"og:locale\" content=\"de_DE\" \/>\n<meta property=\"og:type\" content=\"article\" \/>\n<meta property=\"og:title\" content=\"Kontakt - De Miljoenenlijn\" \/>\n<meta property=\"og:description\" content=\"Locaties\" \/>\n<meta property=\"og:url\" content=\"https:\/\/miljoenenlijn.nl\/de\/kontakt\/\" \/>\n<meta property=\"og:site_name\" content=\"De Miljoenenlijn\" \/>\n<meta property=\"article:publisher\" content=\"https:\/\/www.facebook.com\/miljoenenlijn\" \/>\n<meta property=\"article:modified_time\" content=\"2022-06-28T11:29:45+00:00\" \/>\n<meta name=\"twitter:card\" content=\"summary_large_image\" \/>\n<meta name=\"twitter:site\" content=\"@Miljoenenlijn\" \/>\n<meta name=\"twitter:label1\" content=\"Gesch\u00e4tzte Lesezeit\" \/>\n\t<meta name=\"twitter:data1\" content=\"1\u00a0Minute\" \/>\n<script type=\"application\/ld+json\" class=\"yoast-schema-graph\">{\"@context\":\"https:\\\/\\\/schema.org\",\"@graph\":[{\"@type\":\"WebPage\",\"@id\":\"https:\\\/\\\/miljoenenlijn.nl\\\/de\\\/kontakt\\\/\",\"url\":\"https:\\\/\\\/miljoenenlijn.nl\\\/de\\\/kontakt\\\/\",\"name\":\"Kontakt - De Miljoenenlijn\",\"isPartOf\":{\"@id\":\"https:\\\/\\\/miljoenenlijn.nl\\\/de\\\/#website\"},\"datePublished\":\"2022-05-05T15:10:37+00:00\",\"dateModified\":\"2022-06-28T11:29:45+00:00\",\"breadcrumb\":{\"@id\":\"https:\\\/\\\/miljoenenlijn.nl\\\/de\\\/kontakt\\\/#breadcrumb\"},\"inLanguage\":\"de\",\"potentialAction\":[{\"@type\":\"ReadAction\",\"target\":[\"https:\\\/\\\/miljoenenlijn.nl\\\/de\\\/kontakt\\\/\"]}]},{\"@type\":\"BreadcrumbList\",\"@id\":\"https:\\\/\\\/miljoenenlijn.nl\\\/de\\\/kontakt\\\/#breadcrumb\",\"itemListElement\":[{\"@type\":\"ListItem\",\"position\":1,\"name\":\"Home\",\"item\":\"https:\\\/\\\/miljoenenlijn.nl\\\/de\\\/\"},{\"@type\":\"ListItem\",\"position\":2,\"name\":\"Kontakt\"}]},{\"@type\":\"WebSite\",\"@id\":\"https:\\\/\\\/miljoenenlijn.nl\\\/de\\\/#website\",\"url\":\"https:\\\/\\\/miljoenenlijn.nl\\\/de\\\/\",\"name\":\"De Miljoenenlijn\",\"description\":\"E\u00e9n van de mooiste spoorlijnen van Nederland!\",\"publisher\":{\"@id\":\"https:\\\/\\\/miljoenenlijn.nl\\\/de\\\/#organization\"},\"potentialAction\":[{\"@type\":\"SearchAction\",\"target\":{\"@type\":\"EntryPoint\",\"urlTemplate\":\"https:\\\/\\\/miljoenenlijn.nl\\\/de\\\/?s={search_term_string}\"},\"query-input\":{\"@type\":\"PropertyValueSpecification\",\"valueRequired\":true,\"valueName\":\"search_term_string\"}}],\"inLanguage\":\"de\"},{\"@type\":\"Organization\",\"@id\":\"https:\\\/\\\/miljoenenlijn.nl\\\/de\\\/#organization\",\"name\":\"De Miljoenenlijn\",\"url\":\"https:\\\/\\\/miljoenenlijn.nl\\\/de\\\/\",\"logo\":{\"@type\":\"ImageObject\",\"inLanguage\":\"de\",\"@id\":\"https:\\\/\\\/miljoenenlijn.nl\\\/de\\\/#\\\/schema\\\/logo\\\/image\\\/\",\"url\":\"https:\\\/\\\/miljoenenlijn.nl\\\/wp-content\\\/uploads\\\/2022\\\/07\\\/logo-footer-2018.png\",\"contentUrl\":\"https:\\\/\\\/miljoenenlijn.nl\\\/wp-content\\\/uploads\\\/2022\\\/07\\\/logo-footer-2018.png\",\"width\":700,\"height\":593,\"caption\":\"De Miljoenenlijn\"},\"image\":{\"@id\":\"https:\\\/\\\/miljoenenlijn.nl\\\/de\\\/#\\\/schema\\\/logo\\\/image\\\/\"},\"sameAs\":[\"https:\\\/\\\/www.facebook.com\\\/miljoenenlijn\",\"https:\\\/\\\/x.com\\\/Miljoenenlijn\",\"https:\\\/\\\/www.instagram.com\\\/miljoenenlijn\\\/\",\"https:\\\/\\\/www.youtube.com\\\/user\\\/ZLSMMiljoenenlijn\"]}]}<\/script>\n<!-- \/ Yoast SEO plugin. -->","yoast_head_json":{"title":"Kontakt - De Miljoenenlijn","robots":{"index":"index","follow":"follow","max-snippet":"max-snippet:-1","max-image-preview":"max-image-preview:large","max-video-preview":"max-video-preview:-1"},"canonical":"https:\/\/miljoenenlijn.nl\/de\/kontakt\/","og_locale":"de_DE","og_type":"article","og_title":"Kontakt - De Miljoenenlijn","og_description":"Locaties","og_url":"https:\/\/miljoenenlijn.nl\/de\/kontakt\/","og_site_name":"De Miljoenenlijn","article_publisher":"https:\/\/www.facebook.com\/miljoenenlijn","article_modified_time":"2022-06-28T11:29:45+00:00","twitter_card":"summary_large_image","twitter_site":"@Miljoenenlijn","twitter_misc":{"Gesch\u00e4tzte Lesezeit":"1\u00a0Minute"},"schema":{"@context":"https:\/\/schema.org","@graph":[{"@type":"WebPage","@id":"https:\/\/miljoenenlijn.nl\/de\/kontakt\/","url":"https:\/\/miljoenenlijn.nl\/de\/kontakt\/","name":"Kontakt - De Miljoenenlijn","isPartOf":{"@id":"https:\/\/miljoenenlijn.nl\/de\/#website"},"datePublished":"2022-05-05T15:10:37+00:00","dateModified":"2022-06-28T11:29:45+00:00","breadcrumb":{"@id":"https:\/\/miljoenenlijn.nl\/de\/kontakt\/#breadcrumb"},"inLanguage":"de","potentialAction":[{"@type":"ReadAction","target":["https:\/\/miljoenenlijn.nl\/de\/kontakt\/"]}]},{"@type":"BreadcrumbList","@id":"https:\/\/miljoenenlijn.nl\/de\/kontakt\/#breadcrumb","itemListElement":[{"@type":"ListItem","position":1,"name":"Home","item":"https:\/\/miljoenenlijn.nl\/de\/"},{"@type":"ListItem","position":2,"name":"Kontakt"}]},{"@type":"WebSite","@id":"https:\/\/miljoenenlijn.nl\/de\/#website","url":"https:\/\/miljoenenlijn.nl\/de\/","name":"De Miljoenenlijn","description":"E\u00e9n van de mooiste spoorlijnen van Nederland!","publisher":{"@id":"https:\/\/miljoenenlijn.nl\/de\/#organization"},"potentialAction":[{"@type":"SearchAction","target":{"@type":"EntryPoint","urlTemplate":"https:\/\/miljoenenlijn.nl\/de\/?s={search_term_string}"},"query-input":{"@type":"PropertyValueSpecification","valueRequired":true,"valueName":"search_term_string"}}],"inLanguage":"de"},{"@type":"Organization","@id":"https:\/\/miljoenenlijn.nl\/de\/#organization","name":"De Miljoenenlijn","url":"https:\/\/miljoenenlijn.nl\/de\/","logo":{"@type":"ImageObject","inLanguage":"de","@id":"https:\/\/miljoenenlijn.nl\/de\/#\/schema\/logo\/image\/","url":"https:\/\/miljoenenlijn.nl\/wp-content\/uploads\/2022\/07\/logo-footer-2018.png","contentUrl":"https:\/\/miljoenenlijn.nl\/wp-content\/uploads\/2022\/07\/logo-footer-2018.png","width":700,"height":593,"caption":"De Miljoenenlijn"},"image":{"@id":"https:\/\/miljoenenlijn.nl\/de\/#\/schema\/logo\/image\/"},"sameAs":["https:\/\/www.facebook.com\/miljoenenlijn","https:\/\/x.com\/Miljoenenlijn","https:\/\/www.instagram.com\/miljoenenlijn\/","https:\/\/www.youtube.com\/user\/ZLSMMiljoenenlijn"]}]}},"_links":{"self":[{"href":"https:\/\/miljoenenlijn.nl\/de\/wp-json\/wp\/v2\/pages\/29706","targetHints":{"allow":["GET"]}}],"collection":[{"href":"https:\/\/miljoenenlijn.nl\/de\/wp-json\/wp\/v2\/pages"}],"about":[{"href":"https:\/\/miljoenenlijn.nl\/de\/wp-json\/wp\/v2\/types\/page"}],"author":[{"embeddable":true,"href":"https:\/\/miljoenenlijn.nl\/de\/wp-json\/wp\/v2\/users\/1"}],"replies":[{"embeddable":true,"href":"https:\/\/miljoenenlijn.nl\/de\/wp-json\/wp\/v2\/comments?post=29706"}],"version-history":[{"count":3,"href":"https:\/\/miljoenenlijn.nl\/de\/wp-json\/wp\/v2\/pages\/29706\/revisions"}],"predecessor-version":[{"id":29718,"href":"https:\/\/miljoenenlijn.nl\/de\/wp-json\/wp\/v2\/pages\/29706\/revisions\/29718"}],"wp:attachment":[{"href":"https:\/\/miljoenenlijn.nl\/de\/wp-json\/wp\/v2\/media?parent=29706"}],"curies":[{"name":"wp","href":"https:\/\/api.w.org\/{rel}","templated":true}]}}