{"id":30085,"date":"2022-04-21T17:07:11","date_gmt":"2022-04-21T15:07:11","guid":{"rendered":"https:\/\/miljoenenlijn.nl\/?page_id=30085"},"modified":"2025-01-07T15:17:46","modified_gmt":"2025-01-07T14:17:46","slug":"pakete","status":"publish","type":"page","link":"https:\/\/miljoenenlijn.nl\/de\/pakete\/","title":{"rendered":"Pakete"},"content":{"rendered":"\n<div class=\"ghostkit-grid ghostkit-grid-gap-md\"><div class=\"ghostkit-grid-inner\">\n<div class=\"ghostkit-col ghostkit-col-lg-12 ghostkit-col-2 is-layout-flow wp-block-ghostkit-grid-column-is-layout-flow\"><div class=\"ghostkit-col-content\"><\/div><\/div>\n\n\n\n<div class=\"ghostkit-col ghostkit-col-lg-12 ghostkit-col-8\"><div class=\"ghostkit-col-content is-layout-flow wp-block-ghostkit-grid-column-is-layout-flow\">\n<h2 class=\"wp-block-heading\" id=\"entdecken-sie-sud-limburg\">Entdecken Sie S\u00fcd-Limburg<\/h2>\n\n\n\n<p>Die Miljoenenlijn bietet ihren Reisenden verschiedene Arrangements an, mit denen Sie S\u00fcd-Limburg kennen lernen k\u00f6nnen. Auf diese Weise k\u00f6nnen Sie Ihren Besuch der Miljoenenlijn zu einem kompletten Tagesausflug machen!<\/p>\n<\/div><\/div>\n\n\n\n<div class=\"ghostkit-col ghostkit-col-lg-12 ghostkit-col-2 is-layout-flow wp-block-ghostkit-grid-column-is-layout-flow\"><div class=\"ghostkit-col-content\"><\/div><\/div>\n<\/div><\/div>\n\n\n\n<div class=\"ghostkit-grid ghostkit-grid-gap-md\"><div class=\"ghostkit-grid-inner\">\n<div class=\"ghostkit-col ghostkit-col-lg-12 ghostkit-col-2 is-layout-flow wp-block-ghostkit-grid-column-is-layout-flow\"><div class=\"ghostkit-col-content\"><\/div><\/div>\n\n\n\n<div class=\"ghostkit-col ghostkit-col-lg-12 ghostkit-col-8 is-layout-flow wp-block-ghostkit-grid-column-is-layout-flow\"><div class=\"ghostkit-col-content\"><\/div><\/div>\n\n\n\n<div class=\"ghostkit-col ghostkit-col-lg-12 ghostkit-col-2 is-layout-flow wp-block-ghostkit-grid-column-is-layout-flow\"><div class=\"ghostkit-col-content\"><\/div><\/div>\n<\/div><\/div>\n\n\n<div class=\"eye-block all_packages  alignfull\">\r\n    <div class=\"container\">\r\n        <h2 class=\"text-center mb-5\">Unser Angebot<\/h2>\r\n\t\t\t\t\t                <div class=\"package-card\">\r\n                    <a href=\"https:\/\/miljoenenlijn.nl\/de\/arrangement\/miljoenenlijn-paket\/\">\r\n\t\t\t\t\t\t<span class=\"package_recommend\">TIPP!<\/span>                        <div class=\"row\">\r\n                            <div class=\"col-12 col-lg-4\">\r\n                                <div class=\"package-card__image\">                                        <img decoding=\"async\" src=\"https:\/\/miljoenenlijn.nl\/wp-content\/uploads\/2022\/05\/MiljoenenlijnArrangement2025-1024x636.jpg\"\r\n                                         alt=\"\">\r\n                                                                    <\/div>\r\n                            <\/div>\r\n                            <div class=\"col-12 col-lg-8\">\r\n                                <div class=\"package-card__content\">\r\n                                    <div>\r\n                                        \r\n                                        <h3>Miljoenenlijn Arrangement<\/h3>\r\n\r\n                                    <\/div>\r\n\r\n\r\n\r\n                                    \t\t\t\t\t\t\t\t\t<p>Das Arrangement umfasst: Eine Dampfzugfahrt nach Schin op Geul, ein umfangreiches Mittagessen und einen bildenden Rundgang \u00fcber das Bahnhofsgel\u00e4nde in Simpelveld. So entdecken Sie mit dem Miljoenenlijn-Arrangement alles \u00fcber die Z\u00fcge und die Geschichte unserer Eisenbahnstrecke!<\/p>\r\n\r\n\r\n                                    <button class=\"btn btn-with-arrow-after btn-with-arrow-after-green\">\r\n\t                                    Weitere Informationen                                    <\/button>\r\n                                <\/div>\r\n                            <\/div>\r\n                        <\/div>\r\n                    <\/a>\r\n                <\/div>\r\n\t\t\t                <div class=\"package-card\">\r\n                    <a href=\"https:\/\/miljoenenlijn.nl\/de\/arrangement\/limburg-mittagszug\/\">\r\n\t\t\t\t\t\t                        <div class=\"row\">\r\n                            <div class=\"col-12 col-lg-4\">\r\n                                <div class=\"package-card__image\">                                        <img decoding=\"async\" src=\"https:\/\/miljoenenlijn.nl\/wp-content\/uploads\/2022\/06\/culinairheader-1024x683.jpg\"\r\n                                         alt=\"\">\r\n                                                                    <\/div>\r\n                            <\/div>\r\n                            <div class=\"col-12 col-lg-8\">\r\n                                <div class=\"package-card__content\">\r\n                                    <div>\r\n                                        \r\n                                            <span class=\"package_types float-end\">\r\n                                            <span class=\" badge-package badge badge-primary\">Kulinarische K\u00f6stlichkeiten<\/span>                                        <\/span>\r\n\r\n\r\n                                        \r\n                                        <h3>Limburgischer Mittagszug<\/h3>\r\n\r\n                                    <\/div>\r\n\r\n\r\n\r\n                                    <p class=\"package_culinary-dates\"><i class=\"far fa-calendar\"><\/i> Verf\u00fcgbar am: Montag, 6. April (Osterlunch), Sonntag, 24. Mai, Sonntag, 21. Juni, Sonntag, 13. September, Sonntag, 4. Oktober<\/p>                                    \t\t\t\t\t\t\t\t\t<p>Eine geschmackvolle Darstellung der beliebtesten Essensst\u00e4nde Limburgs, frisch zubereitet mit lokalen Produkten: Das ist der Limburgische Mittagszug der Miljoenenlijn. Ein Zugmittagessen im luxuri\u00f6sen Pullman-Salonwagen, in dem man das Wesen Limburgs erlebt: herzhaft, anregend, s\u00fc\u00df, herausfordernd, \u00fcberraschend, aber vor allem genie\u00dfen ohne Stress.<\/p>\r\n\r\n\r\n                                    <button class=\"btn btn-with-arrow-after btn-with-arrow-after-green\">\r\n\t                                    Weitere Informationen                                    <\/button>\r\n                                <\/div>\r\n                            <\/div>\r\n                        <\/div>\r\n                    <\/a>\r\n                <\/div>\r\n\t\t\t                <div class=\"package-card\">\r\n                    <a href=\"https:\/\/miljoenenlijn.nl\/de\/arrangement\/englisches-high-tea-paket\/\">\r\n\t\t\t\t\t\t                        <div class=\"row\">\r\n                            <div class=\"col-12 col-lg-4\">\r\n                                <div class=\"package-card__image\">                                        <img decoding=\"async\" src=\"https:\/\/miljoenenlijn.nl\/wp-content\/uploads\/2022\/06\/culinairheader-1024x683.jpg\"\r\n                                         alt=\"\">\r\n                                                                    <\/div>\r\n                            <\/div>\r\n                            <div class=\"col-12 col-lg-8\">\r\n                                <div class=\"package-card__content\">\r\n                                    <div>\r\n                                        \r\n                                            <span class=\"package_types float-end\">\r\n                                            <span class=\" badge-package badge badge-primary\">Kulinarische K\u00f6stlichkeiten<\/span>                                        <\/span>\r\n\r\n\r\n                                        \r\n                                        <h3>Limburgisches High Tea Arrangement<\/h3>\r\n\r\n                                    <\/div>\r\n\r\n\r\n\r\n                                    <p class=\"package_culinary-dates\"><i class=\"far fa-calendar\"><\/i> Verf\u00fcgbar am: Sonntag, 19. April, Sonntag, 10. Mai, Sonntag, 7. Juni, Sonntag, 20. September, Sonntag, 18. Oktober<\/p>                                    \t\t\t\t\t\t\t\t\t<p>In England ist es traditionell, am Nachmittag &#8222;tea&#8220; zu trinken. Speziell f\u00fcr unsere Reisenden kombinieren wir diese historische Praxis &#8211; mit einem Limburger Touch &#8211; mit einer Dampfzugfahrt \u00fcber die Miljoenenlijn.<\/p>\r\n\r\n\r\n                                    <button class=\"btn btn-with-arrow-after btn-with-arrow-after-green\">\r\n\t                                    Weitere Informationen                                    <\/button>\r\n                                <\/div>\r\n                            <\/div>\r\n                        <\/div>\r\n                    <\/a>\r\n                <\/div>\r\n\t\t\t                <div class=\"package-card\">\r\n                    <a href=\"https:\/\/miljoenenlijn.nl\/de\/arrangement\/schlossspaziergang-schin-op-geul-2\/\">\r\n\t\t\t\t\t\t                        <div class=\"row\">\r\n                            <div class=\"col-12 col-lg-4\">\r\n                                <div class=\"package-card__image\">                                        <img decoding=\"async\" src=\"https:\/\/miljoenenlijn.nl\/wp-content\/uploads\/2022\/05\/Kasteel-Schaloen-web-1024x683.jpg\"\r\n                                         alt=\"\">\r\n                                                                    <\/div>\r\n                            <\/div>\r\n                            <div class=\"col-12 col-lg-8\">\r\n                                <div class=\"package-card__content\">\r\n                                    <div>\r\n                                        \r\n                                        <h3>Schlossspaziergang Schin op Geul<\/h3>\r\n\r\n                                    <\/div>\r\n\r\n\r\n\r\n                                    \t\t\t\t\t\t\t\t\t<p>Ein herrlich erfrischendes Arrangement mit einer Dampfzugfahrt, einem Spaziergang durch die sch\u00f6ne Umgebung von Schin op Geul und abschlie\u00dfend einem Mittagessen nach Wahl im Hotel Salden in Schin op Geul.<\/p>\r\n\r\n\r\n                                    <button class=\"btn btn-with-arrow-after btn-with-arrow-after-green\">\r\n\t                                    Weitere Informationen                                    <\/button>\r\n                                <\/div>\r\n                            <\/div>\r\n                        <\/div>\r\n                    <\/a>\r\n                <\/div>\r\n\t\t\t                <div class=\"package-card\">\r\n                    <a href=\"https:\/\/miljoenenlijn.nl\/de\/arrangement\/discovery-museum-expres\/\">\r\n\t\t\t\t\t\t                        <div class=\"row\">\r\n                            <div class=\"col-12 col-lg-4\">\r\n                                <div class=\"package-card__image\">                                        <img decoding=\"async\" src=\"https:\/\/miljoenenlijn.nl\/wp-content\/uploads\/2022\/05\/Discoveymuseum-7916-1024x681.jpg\"\r\n                                         alt=\"\">\r\n                                                                    <\/div>\r\n                            <\/div>\r\n                            <div class=\"col-12 col-lg-8\">\r\n                                <div class=\"package-card__content\">\r\n                                    <div>\r\n                                        \r\n                                        <h3>Discovery Museum Expres<\/h3>\r\n\r\n                                    <\/div>\r\n\r\n\r\n\r\n                                    \t\t\t\t\t\t\t\t\t<p>F\u00fcr die echten Technik-Fans! Im Discovery Museum dreht sich alles um die Themen Erde, Wissenschaft, Technik und Design.<\/p>\r\n\r\n\r\n                                    <button class=\"btn btn-with-arrow-after btn-with-arrow-after-green\">\r\n\t                                    Weitere Informationen                                    <\/button>\r\n                                <\/div>\r\n                            <\/div>\r\n                        <\/div>\r\n                    <\/a>\r\n                <\/div>\r\n\t\t\t\t\t    <\/div>\r\n<\/div>","protected":false},"excerpt":{"rendered":"","protected":false},"author":1,"featured_media":0,"parent":0,"menu_order":0,"comment_status":"closed","ping_status":"closed","template":"","meta":{"_acf_changed":false,"ghostkit_customizer_options":"","ghostkit_custom_css":"","ghostkit_custom_js_head":"","ghostkit_custom_js_foot":"","ghostkit_typography":"","footnotes":""},"class_list":["post-30085","page","type-page","status-publish","hentry"],"acf":[],"yoast_head":"<!-- This site is optimized with the Yoast SEO plugin v27.3 - https:\/\/yoast.com\/product\/yoast-seo-wordpress\/ -->\n<title>Pakete - De Miljoenenlijn<\/title>\n<meta name=\"robots\" content=\"index, follow, max-snippet:-1, max-image-preview:large, max-video-preview:-1\" \/>\n<link rel=\"canonical\" href=\"https:\/\/miljoenenlijn.nl\/de\/pakete\/\" \/>\n<meta property=\"og:locale\" content=\"de_DE\" \/>\n<meta property=\"og:type\" content=\"article\" \/>\n<meta property=\"og:title\" content=\"Pakete - De Miljoenenlijn\" \/>\n<meta property=\"og:url\" content=\"https:\/\/miljoenenlijn.nl\/de\/pakete\/\" \/>\n<meta property=\"og:site_name\" content=\"De Miljoenenlijn\" \/>\n<meta property=\"article:publisher\" content=\"https:\/\/www.facebook.com\/miljoenenlijn\" \/>\n<meta property=\"article:modified_time\" content=\"2025-01-07T14:17:46+00:00\" \/>\n<meta name=\"twitter:card\" content=\"summary_large_image\" \/>\n<meta name=\"twitter:site\" content=\"@Miljoenenlijn\" \/>\n<meta name=\"twitter:label1\" content=\"Gesch\u00e4tzte Lesezeit\" \/>\n\t<meta name=\"twitter:data1\" content=\"1\u00a0Minute\" \/>\n<script type=\"application\/ld+json\" class=\"yoast-schema-graph\">{\"@context\":\"https:\\\/\\\/schema.org\",\"@graph\":[{\"@type\":\"WebPage\",\"@id\":\"https:\\\/\\\/miljoenenlijn.nl\\\/de\\\/pakete\\\/\",\"url\":\"https:\\\/\\\/miljoenenlijn.nl\\\/de\\\/pakete\\\/\",\"name\":\"Pakete - De Miljoenenlijn\",\"isPartOf\":{\"@id\":\"https:\\\/\\\/miljoenenlijn.nl\\\/de\\\/#website\"},\"datePublished\":\"2022-04-21T15:07:11+00:00\",\"dateModified\":\"2025-01-07T14:17:46+00:00\",\"breadcrumb\":{\"@id\":\"https:\\\/\\\/miljoenenlijn.nl\\\/de\\\/pakete\\\/#breadcrumb\"},\"inLanguage\":\"de\",\"potentialAction\":[{\"@type\":\"ReadAction\",\"target\":[\"https:\\\/\\\/miljoenenlijn.nl\\\/de\\\/pakete\\\/\"]}]},{\"@type\":\"BreadcrumbList\",\"@id\":\"https:\\\/\\\/miljoenenlijn.nl\\\/de\\\/pakete\\\/#breadcrumb\",\"itemListElement\":[{\"@type\":\"ListItem\",\"position\":1,\"name\":\"Home\",\"item\":\"https:\\\/\\\/miljoenenlijn.nl\\\/de\\\/\"},{\"@type\":\"ListItem\",\"position\":2,\"name\":\"Pakete\"}]},{\"@type\":\"WebSite\",\"@id\":\"https:\\\/\\\/miljoenenlijn.nl\\\/de\\\/#website\",\"url\":\"https:\\\/\\\/miljoenenlijn.nl\\\/de\\\/\",\"name\":\"De Miljoenenlijn\",\"description\":\"E\u00e9n van de mooiste spoorlijnen van Nederland!\",\"publisher\":{\"@id\":\"https:\\\/\\\/miljoenenlijn.nl\\\/de\\\/#organization\"},\"potentialAction\":[{\"@type\":\"SearchAction\",\"target\":{\"@type\":\"EntryPoint\",\"urlTemplate\":\"https:\\\/\\\/miljoenenlijn.nl\\\/de\\\/?s={search_term_string}\"},\"query-input\":{\"@type\":\"PropertyValueSpecification\",\"valueRequired\":true,\"valueName\":\"search_term_string\"}}],\"inLanguage\":\"de\"},{\"@type\":\"Organization\",\"@id\":\"https:\\\/\\\/miljoenenlijn.nl\\\/de\\\/#organization\",\"name\":\"De Miljoenenlijn\",\"url\":\"https:\\\/\\\/miljoenenlijn.nl\\\/de\\\/\",\"logo\":{\"@type\":\"ImageObject\",\"inLanguage\":\"de\",\"@id\":\"https:\\\/\\\/miljoenenlijn.nl\\\/de\\\/#\\\/schema\\\/logo\\\/image\\\/\",\"url\":\"https:\\\/\\\/miljoenenlijn.nl\\\/wp-content\\\/uploads\\\/2022\\\/07\\\/logo-footer-2018.png\",\"contentUrl\":\"https:\\\/\\\/miljoenenlijn.nl\\\/wp-content\\\/uploads\\\/2022\\\/07\\\/logo-footer-2018.png\",\"width\":700,\"height\":593,\"caption\":\"De Miljoenenlijn\"},\"image\":{\"@id\":\"https:\\\/\\\/miljoenenlijn.nl\\\/de\\\/#\\\/schema\\\/logo\\\/image\\\/\"},\"sameAs\":[\"https:\\\/\\\/www.facebook.com\\\/miljoenenlijn\",\"https:\\\/\\\/x.com\\\/Miljoenenlijn\",\"https:\\\/\\\/www.instagram.com\\\/miljoenenlijn\\\/\",\"https:\\\/\\\/www.youtube.com\\\/user\\\/ZLSMMiljoenenlijn\"]}]}<\/script>\n<!-- \/ Yoast SEO plugin. -->","yoast_head_json":{"title":"Pakete - De Miljoenenlijn","robots":{"index":"index","follow":"follow","max-snippet":"max-snippet:-1","max-image-preview":"max-image-preview:large","max-video-preview":"max-video-preview:-1"},"canonical":"https:\/\/miljoenenlijn.nl\/de\/pakete\/","og_locale":"de_DE","og_type":"article","og_title":"Pakete - De Miljoenenlijn","og_url":"https:\/\/miljoenenlijn.nl\/de\/pakete\/","og_site_name":"De Miljoenenlijn","article_publisher":"https:\/\/www.facebook.com\/miljoenenlijn","article_modified_time":"2025-01-07T14:17:46+00:00","twitter_card":"summary_large_image","twitter_site":"@Miljoenenlijn","twitter_misc":{"Gesch\u00e4tzte Lesezeit":"1\u00a0Minute"},"schema":{"@context":"https:\/\/schema.org","@graph":[{"@type":"WebPage","@id":"https:\/\/miljoenenlijn.nl\/de\/pakete\/","url":"https:\/\/miljoenenlijn.nl\/de\/pakete\/","name":"Pakete - De Miljoenenlijn","isPartOf":{"@id":"https:\/\/miljoenenlijn.nl\/de\/#website"},"datePublished":"2022-04-21T15:07:11+00:00","dateModified":"2025-01-07T14:17:46+00:00","breadcrumb":{"@id":"https:\/\/miljoenenlijn.nl\/de\/pakete\/#breadcrumb"},"inLanguage":"de","potentialAction":[{"@type":"ReadAction","target":["https:\/\/miljoenenlijn.nl\/de\/pakete\/"]}]},{"@type":"BreadcrumbList","@id":"https:\/\/miljoenenlijn.nl\/de\/pakete\/#breadcrumb","itemListElement":[{"@type":"ListItem","position":1,"name":"Home","item":"https:\/\/miljoenenlijn.nl\/de\/"},{"@type":"ListItem","position":2,"name":"Pakete"}]},{"@type":"WebSite","@id":"https:\/\/miljoenenlijn.nl\/de\/#website","url":"https:\/\/miljoenenlijn.nl\/de\/","name":"De Miljoenenlijn","description":"E\u00e9n van de mooiste spoorlijnen van Nederland!","publisher":{"@id":"https:\/\/miljoenenlijn.nl\/de\/#organization"},"potentialAction":[{"@type":"SearchAction","target":{"@type":"EntryPoint","urlTemplate":"https:\/\/miljoenenlijn.nl\/de\/?s={search_term_string}"},"query-input":{"@type":"PropertyValueSpecification","valueRequired":true,"valueName":"search_term_string"}}],"inLanguage":"de"},{"@type":"Organization","@id":"https:\/\/miljoenenlijn.nl\/de\/#organization","name":"De Miljoenenlijn","url":"https:\/\/miljoenenlijn.nl\/de\/","logo":{"@type":"ImageObject","inLanguage":"de","@id":"https:\/\/miljoenenlijn.nl\/de\/#\/schema\/logo\/image\/","url":"https:\/\/miljoenenlijn.nl\/wp-content\/uploads\/2022\/07\/logo-footer-2018.png","contentUrl":"https:\/\/miljoenenlijn.nl\/wp-content\/uploads\/2022\/07\/logo-footer-2018.png","width":700,"height":593,"caption":"De Miljoenenlijn"},"image":{"@id":"https:\/\/miljoenenlijn.nl\/de\/#\/schema\/logo\/image\/"},"sameAs":["https:\/\/www.facebook.com\/miljoenenlijn","https:\/\/x.com\/Miljoenenlijn","https:\/\/www.instagram.com\/miljoenenlijn\/","https:\/\/www.youtube.com\/user\/ZLSMMiljoenenlijn"]}]}},"_links":{"self":[{"href":"https:\/\/miljoenenlijn.nl\/de\/wp-json\/wp\/v2\/pages\/30085","targetHints":{"allow":["GET"]}}],"collection":[{"href":"https:\/\/miljoenenlijn.nl\/de\/wp-json\/wp\/v2\/pages"}],"about":[{"href":"https:\/\/miljoenenlijn.nl\/de\/wp-json\/wp\/v2\/types\/page"}],"author":[{"embeddable":true,"href":"https:\/\/miljoenenlijn.nl\/de\/wp-json\/wp\/v2\/users\/1"}],"replies":[{"embeddable":true,"href":"https:\/\/miljoenenlijn.nl\/de\/wp-json\/wp\/v2\/comments?post=30085"}],"version-history":[{"count":7,"href":"https:\/\/miljoenenlijn.nl\/de\/wp-json\/wp\/v2\/pages\/30085\/revisions"}],"predecessor-version":[{"id":33858,"href":"https:\/\/miljoenenlijn.nl\/de\/wp-json\/wp\/v2\/pages\/30085\/revisions\/33858"}],"wp:attachment":[{"href":"https:\/\/miljoenenlijn.nl\/de\/wp-json\/wp\/v2\/media?parent=30085"}],"curies":[{"name":"wp","href":"https:\/\/api.w.org\/{rel}","templated":true}]}}