{"id":30095,"date":"2022-05-05T17:06:02","date_gmt":"2022-05-05T15:06:02","guid":{"rendered":"https:\/\/miljoenenlijn.nl\/?page_id=30095"},"modified":"2025-01-14T19:29:08","modified_gmt":"2025-01-14T18:29:08","slug":"gruppen","status":"publish","type":"page","link":"https:\/\/miljoenenlijn.nl\/de\/praktische-information\/gruppen\/","title":{"rendered":"Gruppen"},"content":{"rendered":"\n<div class=\"ghostkit-grid ghostkit-grid-gap-md\"><div class=\"ghostkit-grid-inner\">\n<div class=\"ghostkit-col ghostkit-col-lg-12 ghostkit-col-2 is-layout-flow wp-block-ghostkit-grid-column-is-layout-flow\"><div class=\"ghostkit-col-content\"><\/div><\/div>\n\n\n\n<div class=\"ghostkit-col ghostkit-col-lg-12 ghostkit-col-8\"><div class=\"ghostkit-col-content is-layout-flow wp-block-ghostkit-grid-column-is-layout-flow\">\n<h2 class=\"wp-block-heading\" id=\"gruppen\">Gruppen<\/h2>\n\n\n\n<p><strong>Genie\u00dfen Sie einen nostalgischen Tag auf der Miljoenenlijn zusammen mit Ihren Freunden, Kollegen oder Ihrer Familie! Ab einer Gruppe von 20 Personen k\u00f6nnen Sie den attraktiven Gruppentarif von 19,00 \u20ac pro Person in Anspruch nehmen.<\/strong><\/p>\n\n\n\n<h4 class=\"wp-block-heading\" id=\"busreisen\"><strong>Busreisen<\/strong><\/h4>\n\n\n\n<p>F\u00fcr Busunternehmen bieten wir einen ma\u00dfgeschneiderten Preis und ein ma\u00dfgeschneidertes Programm! Nehmen Sie unverbindlich Kontakt mit uns auf, und wir werden gemeinsam die M\u00f6glichkeiten besprechen.<br>Reisebusse k\u00f6nnen auf unserem gro\u00dfz\u00fcgigen Parkplatz in der N\u00e4he des Hauptbahnhofs in Simpelveld parken oder auf der Busspur neben dem Bahnhof halten. Weitere Informationen \u00fcber parkende Busse finden Sie <a href=\"\/de\/parke\">hier<\/a>.<\/p>\n\n\n\r\n<div class=\"eye-block card bg--lightgray \">\r\n            <div class=\"card__icon\">\r\n            <i class=\"fa-light fa-triangle-exclamation\"><\/i>\r\n        <\/div>\r\n    \r\n    <div class=\"card__content\">\r\n        <p>Achtung: Ab dem 1. Januar 2019 ist der Parkplatz am Bahnhof Schin op Geul f\u00fcr Reisebusse nicht mehr zug\u00e4nglich. Sie m\u00fcssen am Ende der Vinkenbergstraat in Schin op Geul oder eine Station fr\u00fcher am <a href=\"https:\/\/miljoenenlijn.nl\/de\/praktische-information\/haltestellen\/\">Bahnhof Wijlre-Gulpen<\/a> halten.<\/p>\n    <\/div>\r\n<\/div>\n\n\n<h4 class=\"wp-block-heading\" id=\"pakete\"><strong>Pakete<\/strong><\/h4>\n\n\n\n<p>Nat\u00fcrlich ist es auch m\u00f6glich, eines unserer speziellen <a href=\"https:\/\/miljoenenlijn.nl\/de\/pakete\/\">Pakete<\/a> mit Ihrer Firma zu buchen. Wie w\u00e4re es mit dem &#8218;Miljoenenlijn-Arrangement&#8216; mit zwei Zugfahrten, einem ausgiebigen Mittagessen und einer F\u00fchrung durch das Bahnhofsgel\u00e4nde in Simpelveld? Sehr empfehlenswert f\u00fcr Ihre Gruppe! Nehmen Sie unverbindlich Kontakt mit uns auf, und wir werden gemeinsam alle M\u00f6glichkeiten besprechen.<\/p>\n\n\n\n<h4 class=\"wp-block-heading\" id=\"kleinere-gruppen\"><strong>Kleinere Gruppen<\/strong><\/h4>\n\n\n\n<p>Sind Sie mit einer kleineren Gruppe (weniger als 20 Personen) unterwegs, m\u00f6chten aber einen sch\u00f6nen nostalgischen Tag erleben? Dann kaufen Sie eine Tageskarte in unserem <a href=\"https:\/\/miljoenenlijn.nl\/de\/fahrtage\/\">Ticketshop<\/a> oder schauen Sie sich unser Angebot an <a href=\"https:\/\/miljoenenlijn.nl\/de\/pakete\/\">Paketen<\/a> an, um Ihren Tagesausflug zu vervollst\u00e4ndigen!<\/p>\n\n\n\n<h4 class=\"wp-block-heading\" id=\"geschaftliche-moglichkeiten\"><strong>Gesch\u00e4ftliche M\u00f6glichkeiten<\/strong><\/h4>\n\n\n\n<p>Wir bieten auch zahlreiche M\u00f6glichkeiten f\u00fcr Gesch\u00e4ftsgruppenausfl\u00fcge! Informieren Sie sich \u00fcber alle M\u00f6glichkeiten auf unserer speziellen <a href=\"\/de\/geschaftlich\">Informationsseite<\/a>.<\/p>\n<\/div><\/div>\n\n\n\n<div class=\"ghostkit-col ghostkit-col-lg-12 ghostkit-col-2 is-layout-flow wp-block-ghostkit-grid-column-is-layout-flow\"><div class=\"ghostkit-col-content\"><\/div><\/div>\n<\/div><\/div>\n","protected":false},"excerpt":{"rendered":"","protected":false},"author":1,"featured_media":0,"parent":29641,"menu_order":0,"comment_status":"closed","ping_status":"closed","template":"","meta":{"_acf_changed":false,"ghostkit_customizer_options":"","ghostkit_custom_css":"","ghostkit_custom_js_head":"","ghostkit_custom_js_foot":"","ghostkit_typography":"","footnotes":""},"class_list":["post-30095","page","type-page","status-publish","hentry"],"acf":[],"yoast_head":"<!-- This site is optimized with the Yoast SEO plugin v27.3 - https:\/\/yoast.com\/product\/yoast-seo-wordpress\/ -->\n<title>Gruppen - De Miljoenenlijn<\/title>\n<meta name=\"robots\" content=\"index, follow, max-snippet:-1, max-image-preview:large, max-video-preview:-1\" \/>\n<link rel=\"canonical\" href=\"https:\/\/miljoenenlijn.nl\/de\/praktische-information\/gruppen\/\" \/>\n<meta property=\"og:locale\" content=\"de_DE\" \/>\n<meta property=\"og:type\" content=\"article\" \/>\n<meta property=\"og:title\" content=\"Gruppen - De Miljoenenlijn\" \/>\n<meta property=\"og:url\" content=\"https:\/\/miljoenenlijn.nl\/de\/praktische-information\/gruppen\/\" \/>\n<meta property=\"og:site_name\" content=\"De Miljoenenlijn\" \/>\n<meta property=\"article:publisher\" content=\"https:\/\/www.facebook.com\/miljoenenlijn\" \/>\n<meta property=\"article:modified_time\" content=\"2025-01-14T18:29:08+00:00\" \/>\n<meta name=\"twitter:card\" content=\"summary_large_image\" \/>\n<meta name=\"twitter:site\" content=\"@Miljoenenlijn\" \/>\n<meta name=\"twitter:label1\" content=\"Gesch\u00e4tzte Lesezeit\" \/>\n\t<meta name=\"twitter:data1\" content=\"2\u00a0Minuten\" \/>\n<script type=\"application\/ld+json\" class=\"yoast-schema-graph\">{\"@context\":\"https:\\\/\\\/schema.org\",\"@graph\":[{\"@type\":\"WebPage\",\"@id\":\"https:\\\/\\\/miljoenenlijn.nl\\\/de\\\/praktische-information\\\/gruppen\\\/\",\"url\":\"https:\\\/\\\/miljoenenlijn.nl\\\/de\\\/praktische-information\\\/gruppen\\\/\",\"name\":\"Gruppen - De Miljoenenlijn\",\"isPartOf\":{\"@id\":\"https:\\\/\\\/miljoenenlijn.nl\\\/de\\\/#website\"},\"datePublished\":\"2022-05-05T15:06:02+00:00\",\"dateModified\":\"2025-01-14T18:29:08+00:00\",\"breadcrumb\":{\"@id\":\"https:\\\/\\\/miljoenenlijn.nl\\\/de\\\/praktische-information\\\/gruppen\\\/#breadcrumb\"},\"inLanguage\":\"de\",\"potentialAction\":[{\"@type\":\"ReadAction\",\"target\":[\"https:\\\/\\\/miljoenenlijn.nl\\\/de\\\/praktische-information\\\/gruppen\\\/\"]}]},{\"@type\":\"BreadcrumbList\",\"@id\":\"https:\\\/\\\/miljoenenlijn.nl\\\/de\\\/praktische-information\\\/gruppen\\\/#breadcrumb\",\"itemListElement\":[{\"@type\":\"ListItem\",\"position\":1,\"name\":\"Home\",\"item\":\"https:\\\/\\\/miljoenenlijn.nl\\\/de\\\/\"},{\"@type\":\"ListItem\",\"position\":2,\"name\":\"Praktische Information\",\"item\":\"https:\\\/\\\/miljoenenlijn.nl\\\/de\\\/praktische-information\\\/\"},{\"@type\":\"ListItem\",\"position\":3,\"name\":\"Gruppen\"}]},{\"@type\":\"WebSite\",\"@id\":\"https:\\\/\\\/miljoenenlijn.nl\\\/de\\\/#website\",\"url\":\"https:\\\/\\\/miljoenenlijn.nl\\\/de\\\/\",\"name\":\"De Miljoenenlijn\",\"description\":\"E\u00e9n van de mooiste spoorlijnen van Nederland!\",\"publisher\":{\"@id\":\"https:\\\/\\\/miljoenenlijn.nl\\\/de\\\/#organization\"},\"potentialAction\":[{\"@type\":\"SearchAction\",\"target\":{\"@type\":\"EntryPoint\",\"urlTemplate\":\"https:\\\/\\\/miljoenenlijn.nl\\\/de\\\/?s={search_term_string}\"},\"query-input\":{\"@type\":\"PropertyValueSpecification\",\"valueRequired\":true,\"valueName\":\"search_term_string\"}}],\"inLanguage\":\"de\"},{\"@type\":\"Organization\",\"@id\":\"https:\\\/\\\/miljoenenlijn.nl\\\/de\\\/#organization\",\"name\":\"De Miljoenenlijn\",\"url\":\"https:\\\/\\\/miljoenenlijn.nl\\\/de\\\/\",\"logo\":{\"@type\":\"ImageObject\",\"inLanguage\":\"de\",\"@id\":\"https:\\\/\\\/miljoenenlijn.nl\\\/de\\\/#\\\/schema\\\/logo\\\/image\\\/\",\"url\":\"https:\\\/\\\/miljoenenlijn.nl\\\/wp-content\\\/uploads\\\/2022\\\/07\\\/logo-footer-2018.png\",\"contentUrl\":\"https:\\\/\\\/miljoenenlijn.nl\\\/wp-content\\\/uploads\\\/2022\\\/07\\\/logo-footer-2018.png\",\"width\":700,\"height\":593,\"caption\":\"De Miljoenenlijn\"},\"image\":{\"@id\":\"https:\\\/\\\/miljoenenlijn.nl\\\/de\\\/#\\\/schema\\\/logo\\\/image\\\/\"},\"sameAs\":[\"https:\\\/\\\/www.facebook.com\\\/miljoenenlijn\",\"https:\\\/\\\/x.com\\\/Miljoenenlijn\",\"https:\\\/\\\/www.instagram.com\\\/miljoenenlijn\\\/\",\"https:\\\/\\\/www.youtube.com\\\/user\\\/ZLSMMiljoenenlijn\"]}]}<\/script>\n<!-- \/ Yoast SEO plugin. -->","yoast_head_json":{"title":"Gruppen - De Miljoenenlijn","robots":{"index":"index","follow":"follow","max-snippet":"max-snippet:-1","max-image-preview":"max-image-preview:large","max-video-preview":"max-video-preview:-1"},"canonical":"https:\/\/miljoenenlijn.nl\/de\/praktische-information\/gruppen\/","og_locale":"de_DE","og_type":"article","og_title":"Gruppen - De Miljoenenlijn","og_url":"https:\/\/miljoenenlijn.nl\/de\/praktische-information\/gruppen\/","og_site_name":"De Miljoenenlijn","article_publisher":"https:\/\/www.facebook.com\/miljoenenlijn","article_modified_time":"2025-01-14T18:29:08+00:00","twitter_card":"summary_large_image","twitter_site":"@Miljoenenlijn","twitter_misc":{"Gesch\u00e4tzte Lesezeit":"2\u00a0Minuten"},"schema":{"@context":"https:\/\/schema.org","@graph":[{"@type":"WebPage","@id":"https:\/\/miljoenenlijn.nl\/de\/praktische-information\/gruppen\/","url":"https:\/\/miljoenenlijn.nl\/de\/praktische-information\/gruppen\/","name":"Gruppen - De Miljoenenlijn","isPartOf":{"@id":"https:\/\/miljoenenlijn.nl\/de\/#website"},"datePublished":"2022-05-05T15:06:02+00:00","dateModified":"2025-01-14T18:29:08+00:00","breadcrumb":{"@id":"https:\/\/miljoenenlijn.nl\/de\/praktische-information\/gruppen\/#breadcrumb"},"inLanguage":"de","potentialAction":[{"@type":"ReadAction","target":["https:\/\/miljoenenlijn.nl\/de\/praktische-information\/gruppen\/"]}]},{"@type":"BreadcrumbList","@id":"https:\/\/miljoenenlijn.nl\/de\/praktische-information\/gruppen\/#breadcrumb","itemListElement":[{"@type":"ListItem","position":1,"name":"Home","item":"https:\/\/miljoenenlijn.nl\/de\/"},{"@type":"ListItem","position":2,"name":"Praktische Information","item":"https:\/\/miljoenenlijn.nl\/de\/praktische-information\/"},{"@type":"ListItem","position":3,"name":"Gruppen"}]},{"@type":"WebSite","@id":"https:\/\/miljoenenlijn.nl\/de\/#website","url":"https:\/\/miljoenenlijn.nl\/de\/","name":"De Miljoenenlijn","description":"E\u00e9n van de mooiste spoorlijnen van Nederland!","publisher":{"@id":"https:\/\/miljoenenlijn.nl\/de\/#organization"},"potentialAction":[{"@type":"SearchAction","target":{"@type":"EntryPoint","urlTemplate":"https:\/\/miljoenenlijn.nl\/de\/?s={search_term_string}"},"query-input":{"@type":"PropertyValueSpecification","valueRequired":true,"valueName":"search_term_string"}}],"inLanguage":"de"},{"@type":"Organization","@id":"https:\/\/miljoenenlijn.nl\/de\/#organization","name":"De Miljoenenlijn","url":"https:\/\/miljoenenlijn.nl\/de\/","logo":{"@type":"ImageObject","inLanguage":"de","@id":"https:\/\/miljoenenlijn.nl\/de\/#\/schema\/logo\/image\/","url":"https:\/\/miljoenenlijn.nl\/wp-content\/uploads\/2022\/07\/logo-footer-2018.png","contentUrl":"https:\/\/miljoenenlijn.nl\/wp-content\/uploads\/2022\/07\/logo-footer-2018.png","width":700,"height":593,"caption":"De Miljoenenlijn"},"image":{"@id":"https:\/\/miljoenenlijn.nl\/de\/#\/schema\/logo\/image\/"},"sameAs":["https:\/\/www.facebook.com\/miljoenenlijn","https:\/\/x.com\/Miljoenenlijn","https:\/\/www.instagram.com\/miljoenenlijn\/","https:\/\/www.youtube.com\/user\/ZLSMMiljoenenlijn"]}]}},"_links":{"self":[{"href":"https:\/\/miljoenenlijn.nl\/de\/wp-json\/wp\/v2\/pages\/30095","targetHints":{"allow":["GET"]}}],"collection":[{"href":"https:\/\/miljoenenlijn.nl\/de\/wp-json\/wp\/v2\/pages"}],"about":[{"href":"https:\/\/miljoenenlijn.nl\/de\/wp-json\/wp\/v2\/types\/page"}],"author":[{"embeddable":true,"href":"https:\/\/miljoenenlijn.nl\/de\/wp-json\/wp\/v2\/users\/1"}],"replies":[{"embeddable":true,"href":"https:\/\/miljoenenlijn.nl\/de\/wp-json\/wp\/v2\/comments?post=30095"}],"version-history":[{"count":6,"href":"https:\/\/miljoenenlijn.nl\/de\/wp-json\/wp\/v2\/pages\/30095\/revisions"}],"predecessor-version":[{"id":33873,"href":"https:\/\/miljoenenlijn.nl\/de\/wp-json\/wp\/v2\/pages\/30095\/revisions\/33873"}],"up":[{"embeddable":true,"href":"https:\/\/miljoenenlijn.nl\/de\/wp-json\/wp\/v2\/pages\/29641"}],"wp:attachment":[{"href":"https:\/\/miljoenenlijn.nl\/de\/wp-json\/wp\/v2\/media?parent=30095"}],"curies":[{"name":"wp","href":"https:\/\/api.w.org\/{rel}","templated":true}]}}