{"id":30140,"date":"2022-06-07T15:14:34","date_gmt":"2022-06-07T13:14:34","guid":{"rendered":"https:\/\/miljoenenlijn.nl\/?page_id=30140"},"modified":"2022-06-30T09:03:07","modified_gmt":"2022-06-30T07:03:07","slug":"kulinarisch","status":"publish","type":"page","link":"https:\/\/miljoenenlijn.nl\/de\/kulinarisch\/","title":{"rendered":"Kulinarisch"},"content":{"rendered":"\n<div class=\"ghostkit-grid ghostkit-grid-gap-md\"><div class=\"ghostkit-grid-inner\">\n<div class=\"ghostkit-col ghostkit-col-lg-12 ghostkit-col-2 is-layout-flow wp-block-ghostkit-grid-column-is-layout-flow\"><div class=\"ghostkit-col-content\"><\/div><\/div>\n\n\n\n<div class=\"ghostkit-col ghostkit-col-lg-12 ghostkit-col-8\"><div class=\"ghostkit-col-content is-layout-flow wp-block-ghostkit-grid-column-is-layout-flow\">\n<h2 class=\"wp-block-heading\">Kulinarische Pakete<\/h2>\n<\/div><\/div>\n\n\n\n<div class=\"ghostkit-col ghostkit-col-lg-12 ghostkit-col-2 is-layout-flow wp-block-ghostkit-grid-column-is-layout-flow\"><div class=\"ghostkit-col-content\"><\/div><\/div>\n<\/div><\/div>\n\n\n\n<div class=\"ghostkit-grid ghostkit-grid-gap-md\"><div class=\"ghostkit-grid-inner\">\n<div class=\"ghostkit-col ghostkit-col-lg-12 ghostkit-col-2 is-layout-flow wp-block-ghostkit-grid-column-is-layout-flow\"><div class=\"ghostkit-col-content\"><\/div><\/div>\n\n\n\n<div class=\"ghostkit-col ghostkit-col-lg-12 ghostkit-col-8\"><div class=\"ghostkit-col-content is-layout-flow wp-block-ghostkit-grid-column-is-layout-flow\">\n<p>Im luxuri\u00f6sen Pullman-Speisewagen aus dem Jahr 1927, der von einer Dampflokomotive aus dem Jahr 1910 gezogen wird, veranstaltet die Miljoenenlijn ihre kulinarischen Fahrten. Diese Sonderregelung wird an einer Reihe von festen Tagen im Jahr angeboten. Genie\u00dfen Sie k\u00f6stliche Leckereien, w\u00e4hrend die sch\u00f6ne H\u00fcgellandschaft Limburgs an Ihnen vorbeizieht. W\u00e4hrend der Fahrt erkl\u00e4ren Ihnen die Verwalter der Miljoenenlijn gerne unser Museum und alle seine Aspekte. Die Arrangements werden von unserem K\u00fcchenchef Marc Ritzen bereitgestellt.<\/p>\n<\/div><\/div>\n\n\n\n<div class=\"ghostkit-col ghostkit-col-lg-12 ghostkit-col-2 is-layout-flow wp-block-ghostkit-grid-column-is-layout-flow\"><div class=\"ghostkit-col-content\"><\/div><\/div>\n<\/div><\/div>\n\n\n\r\n<div class=\"eye-block eye_empty_space eye_empty_space--small pt-md-3 pb-md-3 pt-2 pb-2\" ><\/div>\n\n\r\n<div class=\"eye-block card bg--lightgray \">\r\n            <div class=\"card__icon\">\r\n            <i class=\"fa-light fa-circle-info\"><\/i>\r\n        <\/div>\r\n    \r\n    <div class=\"card__content\">\r\n        <p>Wenn nicht gen\u00fcgend Reservierungen vorliegen, beh\u00e4lt sich die Miljoenenlijn das Recht vor, die kulinarische Reise abzusagen.<\/p>\n<p>Der Pullman-Speisewagen hat eine begrenzte Anzahl von Sitzpl\u00e4tzen, also voll = voll.<\/p>\n<p>Bitte beachten Sie, dass die kulinarischen Angebote f\u00fcr Kinder unter 12 Jahren nicht geeignet sind.<\/p>\n<p>Aufgrund des begrenzten Platzangebots in der kleinen K\u00fcche des Busses k\u00f6nnen wir die Men\u00fcs f\u00fcr G\u00e4ste mit einer Glutenallergie oder Laktoseintoleranz leider nicht anpassen.<\/p>\n    <\/div>\r\n<\/div>\n\n<div class=\"eye-block culinary_packages  alignfull\">\n    <div class=\"container\">\n        <h2 class=\"text-center mb-5\">Kulinarische Gen\u00fcsse Pakete<\/h2>\n                                    <div class=\"package-card\">\n                    <a href=\"https:\/\/miljoenenlijn.nl\/de\/arrangement\/limburg-mittagszug\/\">\n                                                <div class=\"row\">\n                            <div class=\"col-12 col-lg-4\">\n                                <div class=\"package-card__image\">                                        <img decoding=\"async\" src=\"https:\/\/miljoenenlijn.nl\/wp-content\/uploads\/2022\/06\/culinairheader-1024x683.jpg\"\n                                             alt=\"\">\n                                                                    <\/div>\n                            <\/div>\n                            <div class=\"col-12 col-lg-8\">\n                                <div class=\"package-card__content\">\n                                    <div>\n                                                                                    <span class=\"package_types float-end\">\n                                            <span class=\" badge-package badge badge-primary\">Kulinarische K\u00f6stlichkeiten<\/span>                                        <\/span>\n                                                                                <h3>Limburgischer Mittagszug<\/h3>\n                                    <\/div>\n                                    <p class=\"package_culinary-dates\"><i class=\"far fa-calendar\"><\/i>  Verf\u00fcgbar am: Montag, 6. April (Osterlunch), Sonntag, 24. Mai, Sonntag, 21. Juni, Sonntag, 13. September, Sonntag, 4. Oktober<\/p>                                    \n                                    <p>Eine geschmackvolle Darstellung der beliebtesten Essensst\u00e4nde Limburgs, frisch zubereitet mit lokalen Produkten: Das ist der Limburgische Mittagszug der Miljoenenlijn. Ein Zugmittagessen im luxuri\u00f6sen Pullman-Salonwagen, in dem man das Wesen Limburgs erlebt: herzhaft, anregend, s\u00fc\u00df, herausfordernd, \u00fcberraschend, aber vor allem genie\u00dfen ohne Stress.<\/p>\n\n                                    <button class=\"btn btn-with-arrow-after btn-with-arrow-after-green\">\n                                        Weitere Informationen                                    <\/button>\n                                <\/div>\n                            <\/div>\n                        <\/div>\n                    <\/a>\n                <\/div>\n                            <div class=\"package-card\">\n                    <a href=\"https:\/\/miljoenenlijn.nl\/de\/arrangement\/englisches-high-tea-paket\/\">\n                                                <div class=\"row\">\n                            <div class=\"col-12 col-lg-4\">\n                                <div class=\"package-card__image\">                                        <img decoding=\"async\" src=\"https:\/\/miljoenenlijn.nl\/wp-content\/uploads\/2022\/06\/culinairheader-1024x683.jpg\"\n                                             alt=\"\">\n                                                                    <\/div>\n                            <\/div>\n                            <div class=\"col-12 col-lg-8\">\n                                <div class=\"package-card__content\">\n                                    <div>\n                                                                                    <span class=\"package_types float-end\">\n                                            <span class=\" badge-package badge badge-primary\">Kulinarische K\u00f6stlichkeiten<\/span>                                        <\/span>\n                                                                                <h3>Limburgisches High Tea Arrangement<\/h3>\n                                    <\/div>\n                                    <p class=\"package_culinary-dates\"><i class=\"far fa-calendar\"><\/i>  Verf\u00fcgbar am: Sonntag, 19. April, Sonntag, 10. Mai, Donnerstag, 14. Mai \u2013 Nationale Stoomtreindag* , Sonntag, 7. Juni, Sonntag, 20. September, Sonntag, 18. Oktober<\/p>                                    \n                                    <p>In England ist es traditionell, am Nachmittag &#8222;tea&#8220; zu trinken. Speziell f\u00fcr unsere Reisenden kombinieren wir diese historische Praxis &#8211; mit einem Limburger Touch &#8211; mit einer Dampfzugfahrt \u00fcber die Miljoenenlijn.<\/p>\n\n                                    <button class=\"btn btn-with-arrow-after btn-with-arrow-after-green\">\n                                        Weitere Informationen                                    <\/button>\n                                <\/div>\n                            <\/div>\n                        <\/div>\n                    <\/a>\n                <\/div>\n                        <\/div>\n<\/div>\n\n<div id=\"tickliblock\" class=\"eye-block tickliblock  alignfull\">\n    <div class=\"container\">\n        <div class=\"row\">\n            <div class=\"col-lg-2\"><\/div>\n            <div class=\"col-lg-8 d-flex flex-column align-items-center\">\n                <h2 class=\"text-center\">Zugtickets bestellen<\/h2>\n                <a href=\"#tickliblock\" class=\"btn btn-primary openTickly\">Jetzt Tickets kaufen<\/a>\n                <div class=\"tickli_wrap\">\n                    <a class=\"btn ticklyTitle\" href=\"javascript:void(0);\">Tickets bestellen<\/a>\n                    <a class=\"closeTickly btn btn-primary\"><i class=\"far fa-times me-2\"><\/i> Schlie\u00dfen<\/a>\n                    <iframe data-src=\"https:\/\/shop.tickli.nl\/checkout\/f1a991a0-f841-11ec-815a-53aef8c6a47e\/dates\" src=\"\" style=\"max-width: 100%\" width=\"680px\" height=\"850\" class=\"iframe-class\"><\/iframe>\n                <\/div>\n\n            <\/div>\n            <div class=\"col-lg-2\"><\/div>\n        <\/div>\n    <\/div>\n<\/div>","protected":false},"excerpt":{"rendered":"","protected":false},"author":1,"featured_media":0,"parent":0,"menu_order":0,"comment_status":"closed","ping_status":"closed","template":"","meta":{"_acf_changed":false,"ghostkit_customizer_options":"","ghostkit_custom_css":"","ghostkit_custom_js_head":"","ghostkit_custom_js_foot":"","ghostkit_typography":"","footnotes":""},"class_list":["post-30140","page","type-page","status-publish","hentry"],"acf":[],"yoast_head":"<!-- This site is optimized with the Yoast SEO plugin v27.3 - https:\/\/yoast.com\/product\/yoast-seo-wordpress\/ -->\n<title>Kulinarisch - De Miljoenenlijn<\/title>\n<meta name=\"robots\" content=\"index, follow, max-snippet:-1, max-image-preview:large, max-video-preview:-1\" \/>\n<link rel=\"canonical\" href=\"https:\/\/miljoenenlijn.nl\/de\/kulinarisch\/\" \/>\n<meta property=\"og:locale\" content=\"de_DE\" \/>\n<meta property=\"og:type\" content=\"article\" \/>\n<meta property=\"og:title\" content=\"Kulinarisch - De Miljoenenlijn\" \/>\n<meta property=\"og:url\" content=\"https:\/\/miljoenenlijn.nl\/de\/kulinarisch\/\" \/>\n<meta property=\"og:site_name\" content=\"De Miljoenenlijn\" \/>\n<meta property=\"article:publisher\" content=\"https:\/\/www.facebook.com\/miljoenenlijn\" \/>\n<meta property=\"article:modified_time\" content=\"2022-06-30T07:03:07+00:00\" \/>\n<meta name=\"twitter:card\" content=\"summary_large_image\" \/>\n<meta name=\"twitter:site\" content=\"@Miljoenenlijn\" \/>\n<meta name=\"twitter:label1\" content=\"Gesch\u00e4tzte Lesezeit\" \/>\n\t<meta name=\"twitter:data1\" content=\"1\u00a0Minute\" \/>\n<script type=\"application\/ld+json\" class=\"yoast-schema-graph\">{\"@context\":\"https:\\\/\\\/schema.org\",\"@graph\":[{\"@type\":\"WebPage\",\"@id\":\"https:\\\/\\\/miljoenenlijn.nl\\\/de\\\/kulinarisch\\\/\",\"url\":\"https:\\\/\\\/miljoenenlijn.nl\\\/de\\\/kulinarisch\\\/\",\"name\":\"Kulinarisch - De Miljoenenlijn\",\"isPartOf\":{\"@id\":\"https:\\\/\\\/miljoenenlijn.nl\\\/de\\\/#website\"},\"datePublished\":\"2022-06-07T13:14:34+00:00\",\"dateModified\":\"2022-06-30T07:03:07+00:00\",\"breadcrumb\":{\"@id\":\"https:\\\/\\\/miljoenenlijn.nl\\\/de\\\/kulinarisch\\\/#breadcrumb\"},\"inLanguage\":\"de\",\"potentialAction\":[{\"@type\":\"ReadAction\",\"target\":[\"https:\\\/\\\/miljoenenlijn.nl\\\/de\\\/kulinarisch\\\/\"]}]},{\"@type\":\"BreadcrumbList\",\"@id\":\"https:\\\/\\\/miljoenenlijn.nl\\\/de\\\/kulinarisch\\\/#breadcrumb\",\"itemListElement\":[{\"@type\":\"ListItem\",\"position\":1,\"name\":\"Home\",\"item\":\"https:\\\/\\\/miljoenenlijn.nl\\\/de\\\/\"},{\"@type\":\"ListItem\",\"position\":2,\"name\":\"Kulinarisch\"}]},{\"@type\":\"WebSite\",\"@id\":\"https:\\\/\\\/miljoenenlijn.nl\\\/de\\\/#website\",\"url\":\"https:\\\/\\\/miljoenenlijn.nl\\\/de\\\/\",\"name\":\"De Miljoenenlijn\",\"description\":\"E\u00e9n van de mooiste spoorlijnen van Nederland!\",\"publisher\":{\"@id\":\"https:\\\/\\\/miljoenenlijn.nl\\\/de\\\/#organization\"},\"potentialAction\":[{\"@type\":\"SearchAction\",\"target\":{\"@type\":\"EntryPoint\",\"urlTemplate\":\"https:\\\/\\\/miljoenenlijn.nl\\\/de\\\/?s={search_term_string}\"},\"query-input\":{\"@type\":\"PropertyValueSpecification\",\"valueRequired\":true,\"valueName\":\"search_term_string\"}}],\"inLanguage\":\"de\"},{\"@type\":\"Organization\",\"@id\":\"https:\\\/\\\/miljoenenlijn.nl\\\/de\\\/#organization\",\"name\":\"De Miljoenenlijn\",\"url\":\"https:\\\/\\\/miljoenenlijn.nl\\\/de\\\/\",\"logo\":{\"@type\":\"ImageObject\",\"inLanguage\":\"de\",\"@id\":\"https:\\\/\\\/miljoenenlijn.nl\\\/de\\\/#\\\/schema\\\/logo\\\/image\\\/\",\"url\":\"https:\\\/\\\/miljoenenlijn.nl\\\/wp-content\\\/uploads\\\/2022\\\/07\\\/logo-footer-2018.png\",\"contentUrl\":\"https:\\\/\\\/miljoenenlijn.nl\\\/wp-content\\\/uploads\\\/2022\\\/07\\\/logo-footer-2018.png\",\"width\":700,\"height\":593,\"caption\":\"De Miljoenenlijn\"},\"image\":{\"@id\":\"https:\\\/\\\/miljoenenlijn.nl\\\/de\\\/#\\\/schema\\\/logo\\\/image\\\/\"},\"sameAs\":[\"https:\\\/\\\/www.facebook.com\\\/miljoenenlijn\",\"https:\\\/\\\/x.com\\\/Miljoenenlijn\",\"https:\\\/\\\/www.instagram.com\\\/miljoenenlijn\\\/\",\"https:\\\/\\\/www.youtube.com\\\/user\\\/ZLSMMiljoenenlijn\"]}]}<\/script>\n<!-- \/ Yoast SEO plugin. -->","yoast_head_json":{"title":"Kulinarisch - De Miljoenenlijn","robots":{"index":"index","follow":"follow","max-snippet":"max-snippet:-1","max-image-preview":"max-image-preview:large","max-video-preview":"max-video-preview:-1"},"canonical":"https:\/\/miljoenenlijn.nl\/de\/kulinarisch\/","og_locale":"de_DE","og_type":"article","og_title":"Kulinarisch - De Miljoenenlijn","og_url":"https:\/\/miljoenenlijn.nl\/de\/kulinarisch\/","og_site_name":"De Miljoenenlijn","article_publisher":"https:\/\/www.facebook.com\/miljoenenlijn","article_modified_time":"2022-06-30T07:03:07+00:00","twitter_card":"summary_large_image","twitter_site":"@Miljoenenlijn","twitter_misc":{"Gesch\u00e4tzte Lesezeit":"1\u00a0Minute"},"schema":{"@context":"https:\/\/schema.org","@graph":[{"@type":"WebPage","@id":"https:\/\/miljoenenlijn.nl\/de\/kulinarisch\/","url":"https:\/\/miljoenenlijn.nl\/de\/kulinarisch\/","name":"Kulinarisch - De Miljoenenlijn","isPartOf":{"@id":"https:\/\/miljoenenlijn.nl\/de\/#website"},"datePublished":"2022-06-07T13:14:34+00:00","dateModified":"2022-06-30T07:03:07+00:00","breadcrumb":{"@id":"https:\/\/miljoenenlijn.nl\/de\/kulinarisch\/#breadcrumb"},"inLanguage":"de","potentialAction":[{"@type":"ReadAction","target":["https:\/\/miljoenenlijn.nl\/de\/kulinarisch\/"]}]},{"@type":"BreadcrumbList","@id":"https:\/\/miljoenenlijn.nl\/de\/kulinarisch\/#breadcrumb","itemListElement":[{"@type":"ListItem","position":1,"name":"Home","item":"https:\/\/miljoenenlijn.nl\/de\/"},{"@type":"ListItem","position":2,"name":"Kulinarisch"}]},{"@type":"WebSite","@id":"https:\/\/miljoenenlijn.nl\/de\/#website","url":"https:\/\/miljoenenlijn.nl\/de\/","name":"De Miljoenenlijn","description":"E\u00e9n van de mooiste spoorlijnen van Nederland!","publisher":{"@id":"https:\/\/miljoenenlijn.nl\/de\/#organization"},"potentialAction":[{"@type":"SearchAction","target":{"@type":"EntryPoint","urlTemplate":"https:\/\/miljoenenlijn.nl\/de\/?s={search_term_string}"},"query-input":{"@type":"PropertyValueSpecification","valueRequired":true,"valueName":"search_term_string"}}],"inLanguage":"de"},{"@type":"Organization","@id":"https:\/\/miljoenenlijn.nl\/de\/#organization","name":"De Miljoenenlijn","url":"https:\/\/miljoenenlijn.nl\/de\/","logo":{"@type":"ImageObject","inLanguage":"de","@id":"https:\/\/miljoenenlijn.nl\/de\/#\/schema\/logo\/image\/","url":"https:\/\/miljoenenlijn.nl\/wp-content\/uploads\/2022\/07\/logo-footer-2018.png","contentUrl":"https:\/\/miljoenenlijn.nl\/wp-content\/uploads\/2022\/07\/logo-footer-2018.png","width":700,"height":593,"caption":"De Miljoenenlijn"},"image":{"@id":"https:\/\/miljoenenlijn.nl\/de\/#\/schema\/logo\/image\/"},"sameAs":["https:\/\/www.facebook.com\/miljoenenlijn","https:\/\/x.com\/Miljoenenlijn","https:\/\/www.instagram.com\/miljoenenlijn\/","https:\/\/www.youtube.com\/user\/ZLSMMiljoenenlijn"]}]}},"_links":{"self":[{"href":"https:\/\/miljoenenlijn.nl\/de\/wp-json\/wp\/v2\/pages\/30140","targetHints":{"allow":["GET"]}}],"collection":[{"href":"https:\/\/miljoenenlijn.nl\/de\/wp-json\/wp\/v2\/pages"}],"about":[{"href":"https:\/\/miljoenenlijn.nl\/de\/wp-json\/wp\/v2\/types\/page"}],"author":[{"embeddable":true,"href":"https:\/\/miljoenenlijn.nl\/de\/wp-json\/wp\/v2\/users\/1"}],"replies":[{"embeddable":true,"href":"https:\/\/miljoenenlijn.nl\/de\/wp-json\/wp\/v2\/comments?post=30140"}],"version-history":[{"count":4,"href":"https:\/\/miljoenenlijn.nl\/de\/wp-json\/wp\/v2\/pages\/30140\/revisions"}],"predecessor-version":[{"id":30146,"href":"https:\/\/miljoenenlijn.nl\/de\/wp-json\/wp\/v2\/pages\/30140\/revisions\/30146"}],"wp:attachment":[{"href":"https:\/\/miljoenenlijn.nl\/de\/wp-json\/wp\/v2\/media?parent=30140"}],"curies":[{"name":"wp","href":"https:\/\/api.w.org\/{rel}","templated":true}]}}