{"id":30150,"date":"2022-06-07T17:32:06","date_gmt":"2022-06-07T15:32:06","guid":{"rendered":"https:\/\/miljoenenlijn.nl\/?page_id=30150"},"modified":"2024-10-26T12:07:51","modified_gmt":"2024-10-26T10:07:51","slug":"brasserie-perron-4","status":"publish","type":"page","link":"https:\/\/miljoenenlijn.nl\/de\/brasserie-perron-4\/","title":{"rendered":"Brasserie Perron 4"},"content":{"rendered":"\n<div class=\"ghostkit-grid ghostkit-grid-gap-md\"><div class=\"ghostkit-grid-inner\">\n<div class=\"ghostkit-col ghostkit-col-lg-12 ghostkit-col-2 is-layout-flow wp-block-ghostkit-grid-column-is-layout-flow\"><div class=\"ghostkit-col-content\"><\/div><\/div>\n\n\n\n<div class=\"ghostkit-col ghostkit-col-lg-12 ghostkit-col-8\"><div class=\"ghostkit-col-content is-layout-flow wp-block-ghostkit-grid-column-is-layout-flow\">\n<h2 class=\"wp-block-heading\" id=\"brasserie-perron-4\">Brasserie Perron 4<\/h2>\n\n\n\n<p>Die Brasserie Perron 4 befindet sich in der monumentalen Empfangshalle des Bahnhofs Simpelveld, ein einzigartiges Bahnhofsrestaurant mit burgundischer Speisekarte. Genie\u00dfen Sie die sch\u00f6ne Aussicht in der Brasserie und auf der gro\u00dfz\u00fcgigen Terrasse, wo wochentags der Dampfzug buchst\u00e4blich vor der T\u00fcr h\u00e4lt, und lassen Sie sich von der Nostalgie der zwanziger Jahre des letzten Jahrhunderts anstecken.<\/p>\n\n\n\n<p>Die Brasserie Perron 4 ist auch der ideale Ort f\u00fcr die Organisation von Seminaren, Hochzeiten und Festen!<\/p>\n\n\n\n<div class=\"eye-block photo_content_card d-flex align-items-stretch row bg--lightgray  \">\n                    <div class=\"col-md-4 photo_content_card__image\" style=\"background-image: url(https:\/\/miljoenenlijn.nl\/wp-content\/uploads\/2022\/06\/brasserie-1.jpeg);\">\n\n            <\/div>\n            <div class=\"col-md-8 photo_content_card__content\">\n        <p>Die Brasserie befindet sich am Bahnhof Simpelveld und ist f\u00fcr die Besucher der Miljoenenlijn zug\u00e4nglich, wird aber getrennt vom Museum betrieben. Der Kontakt bez\u00fcglich der M\u00f6glichkeiten erfolgt daher nicht \u00fcber die Miljoenenlijn. Weitere Informationen finden Sie unten.<\/p>\n        \n    <\/div>\n\n\n\n<\/div>\n\n\n<h4 class=\"wp-block-heading\" id=\"offnungszeiten-wahrend-der-fahrsaison-der-miljoenenlijn\">\u00d6ffnungszeiten w\u00e4hrend der Fahrsaison der Miljoenenlijn:<\/h4>\n\n\n\n<ul class=\"wp-block-list\">\n<li>Mittwoch: 12:00 \u2013 18:00 Uhr<\/li>\n\n\n\n<li>Samstag: 10:00 \u2013 18:00 Uhr<\/li>\n\n\n\n<li>Sonntag: 10:00 \u2013 18:00 Uhr<\/li>\n<\/ul>\n\n\n\n<h4 class=\"wp-block-heading\" id=\"kontakt\">Kontakt<\/h4>\n\n\n\n<p>In der Brasserie Perron 4 werden Sie von Bianca und Patrick Jansen herzlich empfangen. F\u00fcr weitere Informationen, M\u00f6glichkeiten und Reservierungen kontaktieren Sie sie unter <a>patrick@brasserieperron4.nl<\/a>.<\/p>\n\n\n\n<p>Siehe auch die neuesten Nachrichten auf der <a href=\"https:\/\/www.facebook.com\/brasserieperron4\">Facebook-Seite<\/a>.<\/p>\n<\/div><\/div>\n\n\n\n<div class=\"ghostkit-col ghostkit-col-lg-12 ghostkit-col-2\"><div class=\"ghostkit-col-content is-layout-flow wp-block-ghostkit-grid-column-is-layout-flow\">\n<p><\/p>\n<\/div><\/div>\n<\/div><\/div>\n","protected":false},"excerpt":{"rendered":"","protected":false},"author":1,"featured_media":30623,"parent":0,"menu_order":0,"comment_status":"closed","ping_status":"closed","template":"","meta":{"_acf_changed":false,"ghostkit_customizer_options":"","ghostkit_custom_css":"","ghostkit_custom_js_head":"","ghostkit_custom_js_foot":"","ghostkit_typography":"","footnotes":""},"class_list":["post-30150","page","type-page","status-publish","has-post-thumbnail","hentry"],"acf":[],"yoast_head":"<!-- This site is optimized with the Yoast SEO plugin v26.7 - https:\/\/yoast.com\/wordpress\/plugins\/seo\/ -->\n<title>Brasserie Perron 4 - De Miljoenenlijn<\/title>\n<meta name=\"robots\" content=\"index, follow, max-snippet:-1, max-image-preview:large, max-video-preview:-1\" \/>\n<link rel=\"canonical\" href=\"https:\/\/miljoenenlijn.nl\/de\/brasserie-perron-4\/\" \/>\n<meta property=\"og:locale\" content=\"de_DE\" \/>\n<meta property=\"og:type\" content=\"article\" \/>\n<meta property=\"og:title\" content=\"Brasserie Perron 4 - De Miljoenenlijn\" \/>\n<meta property=\"og:url\" content=\"https:\/\/miljoenenlijn.nl\/de\/brasserie-perron-4\/\" \/>\n<meta property=\"og:site_name\" content=\"De Miljoenenlijn\" \/>\n<meta property=\"article:publisher\" content=\"https:\/\/www.facebook.com\/miljoenenlijn\" \/>\n<meta property=\"article:modified_time\" content=\"2024-10-26T10:07:51+00:00\" \/>\n<meta property=\"og:image\" content=\"https:\/\/miljoenenlijn.nl\/wp-content\/uploads\/2022\/07\/Parasols-terras.jpg\" \/>\n\t<meta property=\"og:image:width\" content=\"2000\" \/>\n\t<meta property=\"og:image:height\" content=\"1331\" \/>\n\t<meta property=\"og:image:type\" content=\"image\/jpeg\" \/>\n<meta name=\"twitter:card\" content=\"summary_large_image\" \/>\n<meta name=\"twitter:site\" content=\"@Miljoenenlijn\" \/>\n<meta name=\"twitter:label1\" content=\"Gesch\u00e4tzte Lesezeit\" \/>\n\t<meta name=\"twitter:data1\" content=\"1\u00a0Minute\" \/>\n<script type=\"application\/ld+json\" class=\"yoast-schema-graph\">{\"@context\":\"https:\/\/schema.org\",\"@graph\":[{\"@type\":\"WebPage\",\"@id\":\"https:\/\/miljoenenlijn.nl\/de\/brasserie-perron-4\/\",\"url\":\"https:\/\/miljoenenlijn.nl\/de\/brasserie-perron-4\/\",\"name\":\"Brasserie Perron 4 - De Miljoenenlijn\",\"isPartOf\":{\"@id\":\"https:\/\/miljoenenlijn.nl\/de\/#website\"},\"primaryImageOfPage\":{\"@id\":\"https:\/\/miljoenenlijn.nl\/de\/brasserie-perron-4\/#primaryimage\"},\"image\":{\"@id\":\"https:\/\/miljoenenlijn.nl\/de\/brasserie-perron-4\/#primaryimage\"},\"thumbnailUrl\":\"https:\/\/miljoenenlijn.nl\/wp-content\/uploads\/2022\/07\/Parasols-terras.jpg\",\"datePublished\":\"2022-06-07T15:32:06+00:00\",\"dateModified\":\"2024-10-26T10:07:51+00:00\",\"breadcrumb\":{\"@id\":\"https:\/\/miljoenenlijn.nl\/de\/brasserie-perron-4\/#breadcrumb\"},\"inLanguage\":\"de\",\"potentialAction\":[{\"@type\":\"ReadAction\",\"target\":[\"https:\/\/miljoenenlijn.nl\/de\/brasserie-perron-4\/\"]}]},{\"@type\":\"ImageObject\",\"inLanguage\":\"de\",\"@id\":\"https:\/\/miljoenenlijn.nl\/de\/brasserie-perron-4\/#primaryimage\",\"url\":\"https:\/\/miljoenenlijn.nl\/wp-content\/uploads\/2022\/07\/Parasols-terras.jpg\",\"contentUrl\":\"https:\/\/miljoenenlijn.nl\/wp-content\/uploads\/2022\/07\/Parasols-terras.jpg\",\"width\":2000,\"height\":1331},{\"@type\":\"BreadcrumbList\",\"@id\":\"https:\/\/miljoenenlijn.nl\/de\/brasserie-perron-4\/#breadcrumb\",\"itemListElement\":[{\"@type\":\"ListItem\",\"position\":1,\"name\":\"Home\",\"item\":\"https:\/\/miljoenenlijn.nl\/de\/\"},{\"@type\":\"ListItem\",\"position\":2,\"name\":\"Brasserie Perron 4\"}]},{\"@type\":\"WebSite\",\"@id\":\"https:\/\/miljoenenlijn.nl\/de\/#website\",\"url\":\"https:\/\/miljoenenlijn.nl\/de\/\",\"name\":\"De Miljoenenlijn\",\"description\":\"E\u00e9n van de mooiste spoorlijnen van Nederland!\",\"publisher\":{\"@id\":\"https:\/\/miljoenenlijn.nl\/de\/#organization\"},\"potentialAction\":[{\"@type\":\"SearchAction\",\"target\":{\"@type\":\"EntryPoint\",\"urlTemplate\":\"https:\/\/miljoenenlijn.nl\/de\/?s={search_term_string}\"},\"query-input\":{\"@type\":\"PropertyValueSpecification\",\"valueRequired\":true,\"valueName\":\"search_term_string\"}}],\"inLanguage\":\"de\"},{\"@type\":\"Organization\",\"@id\":\"https:\/\/miljoenenlijn.nl\/de\/#organization\",\"name\":\"De Miljoenenlijn\",\"url\":\"https:\/\/miljoenenlijn.nl\/de\/\",\"logo\":{\"@type\":\"ImageObject\",\"inLanguage\":\"de\",\"@id\":\"https:\/\/miljoenenlijn.nl\/de\/#\/schema\/logo\/image\/\",\"url\":\"https:\/\/miljoenenlijn.nl\/wp-content\/uploads\/2022\/07\/logo-footer-2018.png\",\"contentUrl\":\"https:\/\/miljoenenlijn.nl\/wp-content\/uploads\/2022\/07\/logo-footer-2018.png\",\"width\":700,\"height\":593,\"caption\":\"De Miljoenenlijn\"},\"image\":{\"@id\":\"https:\/\/miljoenenlijn.nl\/de\/#\/schema\/logo\/image\/\"},\"sameAs\":[\"https:\/\/www.facebook.com\/miljoenenlijn\",\"https:\/\/x.com\/Miljoenenlijn\",\"https:\/\/www.instagram.com\/miljoenenlijn\/\",\"https:\/\/www.youtube.com\/user\/ZLSMMiljoenenlijn\"]}]}<\/script>\n<!-- \/ Yoast SEO plugin. -->","yoast_head_json":{"title":"Brasserie Perron 4 - De Miljoenenlijn","robots":{"index":"index","follow":"follow","max-snippet":"max-snippet:-1","max-image-preview":"max-image-preview:large","max-video-preview":"max-video-preview:-1"},"canonical":"https:\/\/miljoenenlijn.nl\/de\/brasserie-perron-4\/","og_locale":"de_DE","og_type":"article","og_title":"Brasserie Perron 4 - De Miljoenenlijn","og_url":"https:\/\/miljoenenlijn.nl\/de\/brasserie-perron-4\/","og_site_name":"De Miljoenenlijn","article_publisher":"https:\/\/www.facebook.com\/miljoenenlijn","article_modified_time":"2024-10-26T10:07:51+00:00","og_image":[{"width":2000,"height":1331,"url":"https:\/\/miljoenenlijn.nl\/wp-content\/uploads\/2022\/07\/Parasols-terras.jpg","type":"image\/jpeg"}],"twitter_card":"summary_large_image","twitter_site":"@Miljoenenlijn","twitter_misc":{"Gesch\u00e4tzte Lesezeit":"1\u00a0Minute"},"schema":{"@context":"https:\/\/schema.org","@graph":[{"@type":"WebPage","@id":"https:\/\/miljoenenlijn.nl\/de\/brasserie-perron-4\/","url":"https:\/\/miljoenenlijn.nl\/de\/brasserie-perron-4\/","name":"Brasserie Perron 4 - De Miljoenenlijn","isPartOf":{"@id":"https:\/\/miljoenenlijn.nl\/de\/#website"},"primaryImageOfPage":{"@id":"https:\/\/miljoenenlijn.nl\/de\/brasserie-perron-4\/#primaryimage"},"image":{"@id":"https:\/\/miljoenenlijn.nl\/de\/brasserie-perron-4\/#primaryimage"},"thumbnailUrl":"https:\/\/miljoenenlijn.nl\/wp-content\/uploads\/2022\/07\/Parasols-terras.jpg","datePublished":"2022-06-07T15:32:06+00:00","dateModified":"2024-10-26T10:07:51+00:00","breadcrumb":{"@id":"https:\/\/miljoenenlijn.nl\/de\/brasserie-perron-4\/#breadcrumb"},"inLanguage":"de","potentialAction":[{"@type":"ReadAction","target":["https:\/\/miljoenenlijn.nl\/de\/brasserie-perron-4\/"]}]},{"@type":"ImageObject","inLanguage":"de","@id":"https:\/\/miljoenenlijn.nl\/de\/brasserie-perron-4\/#primaryimage","url":"https:\/\/miljoenenlijn.nl\/wp-content\/uploads\/2022\/07\/Parasols-terras.jpg","contentUrl":"https:\/\/miljoenenlijn.nl\/wp-content\/uploads\/2022\/07\/Parasols-terras.jpg","width":2000,"height":1331},{"@type":"BreadcrumbList","@id":"https:\/\/miljoenenlijn.nl\/de\/brasserie-perron-4\/#breadcrumb","itemListElement":[{"@type":"ListItem","position":1,"name":"Home","item":"https:\/\/miljoenenlijn.nl\/de\/"},{"@type":"ListItem","position":2,"name":"Brasserie Perron 4"}]},{"@type":"WebSite","@id":"https:\/\/miljoenenlijn.nl\/de\/#website","url":"https:\/\/miljoenenlijn.nl\/de\/","name":"De Miljoenenlijn","description":"E\u00e9n van de mooiste spoorlijnen van Nederland!","publisher":{"@id":"https:\/\/miljoenenlijn.nl\/de\/#organization"},"potentialAction":[{"@type":"SearchAction","target":{"@type":"EntryPoint","urlTemplate":"https:\/\/miljoenenlijn.nl\/de\/?s={search_term_string}"},"query-input":{"@type":"PropertyValueSpecification","valueRequired":true,"valueName":"search_term_string"}}],"inLanguage":"de"},{"@type":"Organization","@id":"https:\/\/miljoenenlijn.nl\/de\/#organization","name":"De Miljoenenlijn","url":"https:\/\/miljoenenlijn.nl\/de\/","logo":{"@type":"ImageObject","inLanguage":"de","@id":"https:\/\/miljoenenlijn.nl\/de\/#\/schema\/logo\/image\/","url":"https:\/\/miljoenenlijn.nl\/wp-content\/uploads\/2022\/07\/logo-footer-2018.png","contentUrl":"https:\/\/miljoenenlijn.nl\/wp-content\/uploads\/2022\/07\/logo-footer-2018.png","width":700,"height":593,"caption":"De Miljoenenlijn"},"image":{"@id":"https:\/\/miljoenenlijn.nl\/de\/#\/schema\/logo\/image\/"},"sameAs":["https:\/\/www.facebook.com\/miljoenenlijn","https:\/\/x.com\/Miljoenenlijn","https:\/\/www.instagram.com\/miljoenenlijn\/","https:\/\/www.youtube.com\/user\/ZLSMMiljoenenlijn"]}]}},"_links":{"self":[{"href":"https:\/\/miljoenenlijn.nl\/de\/wp-json\/wp\/v2\/pages\/30150","targetHints":{"allow":["GET"]}}],"collection":[{"href":"https:\/\/miljoenenlijn.nl\/de\/wp-json\/wp\/v2\/pages"}],"about":[{"href":"https:\/\/miljoenenlijn.nl\/de\/wp-json\/wp\/v2\/types\/page"}],"author":[{"embeddable":true,"href":"https:\/\/miljoenenlijn.nl\/de\/wp-json\/wp\/v2\/users\/1"}],"replies":[{"embeddable":true,"href":"https:\/\/miljoenenlijn.nl\/de\/wp-json\/wp\/v2\/comments?post=30150"}],"version-history":[{"count":6,"href":"https:\/\/miljoenenlijn.nl\/de\/wp-json\/wp\/v2\/pages\/30150\/revisions"}],"predecessor-version":[{"id":33598,"href":"https:\/\/miljoenenlijn.nl\/de\/wp-json\/wp\/v2\/pages\/30150\/revisions\/33598"}],"wp:featuredmedia":[{"embeddable":true,"href":"https:\/\/miljoenenlijn.nl\/de\/wp-json\/wp\/v2\/media\/30623"}],"wp:attachment":[{"href":"https:\/\/miljoenenlijn.nl\/de\/wp-json\/wp\/v2\/media?parent=30150"}],"curies":[{"name":"wp","href":"https:\/\/api.w.org\/{rel}","templated":true}]}}