{"id":30158,"date":"2022-05-02T15:06:47","date_gmt":"2022-05-02T13:06:47","guid":{"rendered":"https:\/\/miljoenenlijn.nl\/?page_id=30158"},"modified":"2022-06-30T09:29:41","modified_gmt":"2022-06-30T07:29:41","slug":"spender-und-partner","status":"publish","type":"page","link":"https:\/\/miljoenenlijn.nl\/de\/spender-und-partner\/","title":{"rendered":"Spender und Partner"},"content":{"rendered":"\n<div class=\"ghostkit-grid ghostkit-grid-gap-md\"><div class=\"ghostkit-grid-inner\">\n<div class=\"ghostkit-col ghostkit-col-lg-12 ghostkit-col-2 is-layout-flow wp-block-ghostkit-grid-column-is-layout-flow\"><div class=\"ghostkit-col-content\"><\/div><\/div>\n\n\n\n<div class=\"ghostkit-col ghostkit-col-lg-12 ghostkit-col-8\"><div class=\"ghostkit-col-content is-layout-flow wp-block-ghostkit-grid-column-is-layout-flow\">\n<h2 class=\"wp-block-heading\">Spender<\/h2>\n\n\n\n<p><strong>Ziel der Stichting Zuid-Limburgse Stoomtrein Maatschappij (ZLSM) ist es, das kulturelle Eisenbahnerbe Limburgs zu erhalten.\u00a0Um dieses Ziel zu erreichen und Einnahmen zu erzielen, fahren wir regelm\u00e4\u00dfig mit unseren Dampf- und historischen Diesellokomotiven auf der Miljoenenlijn zwischen Schin op Geul und Kerkrade. Die Stiftung ist aber auch auf Spenden, Sponsoring und Subventionen angewiesen: Zuwendungen, die f\u00fcr das \u00dcberleben der Museumseisenbahn unerl\u00e4sslich sind.\u00a0<\/strong><\/p>\n\n\n\n<h4 class=\"wp-block-heading\">Ein Spender werden?<\/h4>\n\n\n\n<div class=\"ghostkit-grid ghostkit-grid-gap-md\"><div class=\"ghostkit-grid-inner\">\n<div class=\"ghostkit-col ghostkit-col-md-12 ghostkit-col-7\"><div class=\"ghostkit-col-content is-layout-flow wp-block-ghostkit-grid-column-is-layout-flow\">\n<p>M\u00f6chten Sie sich unserer Mission anschlie\u00dfen und uns unterst\u00fctzen?\u00a0F\u00fcr nur 20 Euro im Jahr k\u00f6nnen Sie Jugendspender und ab 50 Euro Spender der ZLSM-Stiftung werden. Auf diese Weise k\u00f6nnen Sie gemeinsam mit unseren 270 Freiwilligen das Limburger Eisenbahnerbe in Bewegung halten. Als Dank f\u00fcr Ihre Spende erhalten Sie:<\/p>\n\n\n\n<ol class=\"wp-block-list\"><li>Ein Spenderausweis, mit dem Sie das ganze Jahr \u00fcber an regul\u00e4ren Betriebstagen kostenlos mit unseren Z\u00fcgen fahren k\u00f6nnen!<\/li><li>4x pro Jahr erhalten Sie unsere Zeitschrift &#8218;<strong>Miljoenenlijn Expresse<\/strong>&#8218; per Post. Darin k\u00f6nnen Sie die neuesten Nachrichten \u00fcber die Miljoenenlijn lesen und wir nehmen Sie regelm\u00e4\u00dfig mit in die Geschichte unserer besonderen Eisenbahnlinie. Lesen Sie die letzte Ausgabe:<br><a href=\"https:\/\/miljoenenlijn.nl\/wp-content\/uploads\/2022\/06\/Miljoenenlijn-Expresse-125-mei-2022-LR.pdf\">Miljoenenlijn Expresse 125 \u2013 Mai<\/a> <a href=\"https:\/\/miljoenenlijn.nl\/wp-content\/uploads\/2022\/06\/Miljoenenlijn-Expresse-125-mei-2022-LR.pdf\">2022<\/a><\/li><\/ol>\n<\/div><\/div>\n\n\n\n<div class=\"ghostkit-col ghostkit-col-md-12 ghostkit-col-5\"><div class=\"ghostkit-col-content is-layout-flow wp-block-ghostkit-grid-column-is-layout-flow\">\n<figure class=\"wp-block-image size-full is-resized\"><img decoding=\"async\" src=\"https:\/\/miljoenenlijn.nl\/wp-content\/uploads\/2022\/06\/ME-website2.webp\" alt=\"\" class=\"wp-image-25643\" width=\"305\" height=\"259\"\/><\/figure>\n\n\n<div class=\"wp-block-image\">\n<figure class=\"aligncenter size-full is-resized\"><img decoding=\"async\" src=\"https:\/\/miljoenenlijn.nl\/wp-content\/uploads\/2022\/06\/ANBI-logo-1653-x-1237-245x183-1.webp\" alt=\"\" class=\"wp-image-25781\" width=\"123\" height=\"92\"\/><\/figure>\n<\/div><\/div><\/div>\n<\/div><\/div>\n\n\n\r\n<div class=\"eye-block bsbutton mb-3 d-flex justify-content-center\" >\r\n            <a class=\"btn btn-primary\" href=\"https:\/\/miljoenenlijn.nl\/wp-content\/uploads\/2022\/06\/Aanmeldingsformulier-Donateur.pdf\" target=\"_blank\">Registrierungsformular f\u00fcr Spender<\/a>\r\n    <\/div>\n\n\n<p>Bitte f\u00fcllen Sie das obige Antragsformular aus und senden Sie es per E-Mail an <a href=\"mailto:info@miljoenenlijn.nl\">info@miljoenenlijn.nl<\/a> oder per Post:<br>De Miljoenenlijn<br>Stationstraat 22<br>6369 VJ Simpelveld.<\/p>\n\n\n\n<h4 class=\"wp-block-heading\"><strong>Direkte Beitr\u00e4ge\u00a0<\/strong><\/h4>\n\n\n\n<p>Sie k\u00f6nnen auch direkt eine Spende t\u00e4tigen. \u00dcberweisen Sie Ihren Beitrag an <strong>NL59 ABNA 0448 2200 08<\/strong> im Namen der ZLSM-Stiftung mit dem Vermerk &#8222;neuer Spender&#8220;. Bitte geben Sie auch Ihre Adresse an.<\/p>\n\n\n\n<h4 class=\"wp-block-heading\"><strong>ANBI-Stiftung<\/strong><\/h4>\n\n\n\n<p>Die Stiftung ZLSM ist von der Finanzverwaltung als Anstalt f\u00fcr allgemeine Zwecke (ANBI) unter der Nummer 8024.43.850 anerkannt worden. Auf alle Schenkungen und Erbschaften an eine ANBI-Stiftung f\u00e4llt keine Schenkungs- oder Erbschaftssteuer an. Spenden von Privatpersonen oder Unternehmen sind &#8211; unter bestimmten Voraussetzungen &#8211; steuerlich von der Einkommens- oder K\u00f6rperschaftssteuer absetzbar. Weitere Informationen zu diesen Regeln finden Sie auf der <a href=\"https:\/\/www.belastingdienst.nl\/wps\/wcm\/connect\/nl\/home\/home\">Website des Belastingdienstes<\/a>.<\/p>\n\n\n\r\n<div class=\"eye-block eye_empty_space eye_empty_space--small pt-md-3 pb-md-3 pt-2 pb-2\" ><\/div>\n\n\r\n<div class=\"eye-block card bg--lightgray \">\r\n    \r\n    <div class=\"card__content\">\r\n        <p><strong>Das Ziel der Stichting Zuid-Limburgse Stoomtrein Maatschappij (ZLSM) ist es, das kulturelle Eisenbahnerbe Limburgs zu erhalten.<\/strong><\/p>\n<p>Spender, Sponsoren und Subventionsgeber helfen zusammen mit \u00fcber 270 begeisterten Freiwilligen, das Limburger Eisenbahnerbe in Bewegung zu halten!<\/p>\n<p>Stationstraat 20<br \/>\n6369 VJ Simpelveld<\/p>\n<p>HANDELSKAMMER: 41077697<\/p>\n<p>Kontonummer f\u00fcr Spenden<br \/>\nNL59 ABNA 0448 2200 08<\/p>\n<p>RSIN: 8024.43.850<\/p>\n    <\/div>\r\n<\/div><\/div><\/div>\n\n\n\n<div class=\"ghostkit-col ghostkit-col-lg-12 ghostkit-col-2 is-layout-flow wp-block-ghostkit-grid-column-is-layout-flow\"><div class=\"ghostkit-col-content\"><\/div><\/div>\n<\/div><\/div>\n\n\n\n<div class=\"ghostkit-grid ghostkit-grid-gap-md\"><div class=\"ghostkit-grid-inner\">\n<div class=\"ghostkit-col ghostkit-col-lg-12 ghostkit-col-1 is-layout-flow wp-block-ghostkit-grid-column-is-layout-flow\"><div class=\"ghostkit-col-content\"><\/div><\/div>\n\n\n\n<div class=\"ghostkit-col ghostkit-col-lg-12 ghostkit-col-10\"><div class=\"ghostkit-col-content is-layout-flow wp-block-ghostkit-grid-column-is-layout-flow\"><div class=\"eye-block partner-grid \">\r\n    <div class=\"container\">\r\n            <\/div>\r\n<\/div><\/div><\/div>\n\n\n\n<div class=\"ghostkit-col ghostkit-col-lg-12 ghostkit-col-1 is-layout-flow wp-block-ghostkit-grid-column-is-layout-flow\"><div class=\"ghostkit-col-content\"><\/div><\/div>\n<\/div><\/div>\n","protected":false},"excerpt":{"rendered":"","protected":false},"author":1,"featured_media":0,"parent":0,"menu_order":0,"comment_status":"closed","ping_status":"closed","template":"","meta":{"_acf_changed":false,"ghostkit_customizer_options":"","ghostkit_custom_css":"","ghostkit_custom_js_head":"","ghostkit_custom_js_foot":"","ghostkit_typography":"","footnotes":""},"class_list":["post-30158","page","type-page","status-publish","hentry"],"acf":[],"yoast_head":"<!-- This site is optimized with the Yoast SEO plugin v27.3 - https:\/\/yoast.com\/product\/yoast-seo-wordpress\/ -->\n<title>Spender und Partner - De Miljoenenlijn<\/title>\n<meta name=\"robots\" content=\"index, follow, max-snippet:-1, max-image-preview:large, max-video-preview:-1\" \/>\n<link rel=\"canonical\" href=\"https:\/\/miljoenenlijn.nl\/de\/spender-und-partner\/\" \/>\n<meta property=\"og:locale\" content=\"de_DE\" \/>\n<meta property=\"og:type\" content=\"article\" \/>\n<meta property=\"og:title\" content=\"Spender und Partner - De Miljoenenlijn\" \/>\n<meta property=\"og:url\" content=\"https:\/\/miljoenenlijn.nl\/de\/spender-und-partner\/\" \/>\n<meta property=\"og:site_name\" content=\"De Miljoenenlijn\" \/>\n<meta property=\"article:publisher\" content=\"https:\/\/www.facebook.com\/miljoenenlijn\" \/>\n<meta property=\"article:modified_time\" content=\"2022-06-30T07:29:41+00:00\" \/>\n<meta property=\"og:image\" content=\"https:\/\/miljoenenlijn.nl\/wp-content\/uploads\/2022\/06\/ME-website2.webp\" \/>\n<meta name=\"twitter:card\" content=\"summary_large_image\" \/>\n<meta name=\"twitter:site\" content=\"@Miljoenenlijn\" \/>\n<meta name=\"twitter:label1\" content=\"Gesch\u00e4tzte Lesezeit\" \/>\n\t<meta name=\"twitter:data1\" content=\"2\u00a0Minuten\" \/>\n<script type=\"application\/ld+json\" class=\"yoast-schema-graph\">{\"@context\":\"https:\\\/\\\/schema.org\",\"@graph\":[{\"@type\":\"WebPage\",\"@id\":\"https:\\\/\\\/miljoenenlijn.nl\\\/de\\\/spender-und-partner\\\/\",\"url\":\"https:\\\/\\\/miljoenenlijn.nl\\\/de\\\/spender-und-partner\\\/\",\"name\":\"Spender und Partner - De Miljoenenlijn\",\"isPartOf\":{\"@id\":\"https:\\\/\\\/miljoenenlijn.nl\\\/de\\\/#website\"},\"primaryImageOfPage\":{\"@id\":\"https:\\\/\\\/miljoenenlijn.nl\\\/de\\\/spender-und-partner\\\/#primaryimage\"},\"image\":{\"@id\":\"https:\\\/\\\/miljoenenlijn.nl\\\/de\\\/spender-und-partner\\\/#primaryimage\"},\"thumbnailUrl\":\"https:\\\/\\\/miljoenenlijn.nl\\\/wp-content\\\/uploads\\\/2022\\\/06\\\/ME-website2.webp\",\"datePublished\":\"2022-05-02T13:06:47+00:00\",\"dateModified\":\"2022-06-30T07:29:41+00:00\",\"breadcrumb\":{\"@id\":\"https:\\\/\\\/miljoenenlijn.nl\\\/de\\\/spender-und-partner\\\/#breadcrumb\"},\"inLanguage\":\"de\",\"potentialAction\":[{\"@type\":\"ReadAction\",\"target\":[\"https:\\\/\\\/miljoenenlijn.nl\\\/de\\\/spender-und-partner\\\/\"]}]},{\"@type\":\"ImageObject\",\"inLanguage\":\"de\",\"@id\":\"https:\\\/\\\/miljoenenlijn.nl\\\/de\\\/spender-und-partner\\\/#primaryimage\",\"url\":\"https:\\\/\\\/miljoenenlijn.nl\\\/wp-content\\\/uploads\\\/2022\\\/06\\\/ME-website2.webp\",\"contentUrl\":\"https:\\\/\\\/miljoenenlijn.nl\\\/wp-content\\\/uploads\\\/2022\\\/06\\\/ME-website2.webp\"},{\"@type\":\"BreadcrumbList\",\"@id\":\"https:\\\/\\\/miljoenenlijn.nl\\\/de\\\/spender-und-partner\\\/#breadcrumb\",\"itemListElement\":[{\"@type\":\"ListItem\",\"position\":1,\"name\":\"Home\",\"item\":\"https:\\\/\\\/miljoenenlijn.nl\\\/de\\\/\"},{\"@type\":\"ListItem\",\"position\":2,\"name\":\"Spender und Partner\"}]},{\"@type\":\"WebSite\",\"@id\":\"https:\\\/\\\/miljoenenlijn.nl\\\/de\\\/#website\",\"url\":\"https:\\\/\\\/miljoenenlijn.nl\\\/de\\\/\",\"name\":\"De Miljoenenlijn\",\"description\":\"E\u00e9n van de mooiste spoorlijnen van Nederland!\",\"publisher\":{\"@id\":\"https:\\\/\\\/miljoenenlijn.nl\\\/de\\\/#organization\"},\"potentialAction\":[{\"@type\":\"SearchAction\",\"target\":{\"@type\":\"EntryPoint\",\"urlTemplate\":\"https:\\\/\\\/miljoenenlijn.nl\\\/de\\\/?s={search_term_string}\"},\"query-input\":{\"@type\":\"PropertyValueSpecification\",\"valueRequired\":true,\"valueName\":\"search_term_string\"}}],\"inLanguage\":\"de\"},{\"@type\":\"Organization\",\"@id\":\"https:\\\/\\\/miljoenenlijn.nl\\\/de\\\/#organization\",\"name\":\"De Miljoenenlijn\",\"url\":\"https:\\\/\\\/miljoenenlijn.nl\\\/de\\\/\",\"logo\":{\"@type\":\"ImageObject\",\"inLanguage\":\"de\",\"@id\":\"https:\\\/\\\/miljoenenlijn.nl\\\/de\\\/#\\\/schema\\\/logo\\\/image\\\/\",\"url\":\"https:\\\/\\\/miljoenenlijn.nl\\\/wp-content\\\/uploads\\\/2022\\\/07\\\/logo-footer-2018.png\",\"contentUrl\":\"https:\\\/\\\/miljoenenlijn.nl\\\/wp-content\\\/uploads\\\/2022\\\/07\\\/logo-footer-2018.png\",\"width\":700,\"height\":593,\"caption\":\"De Miljoenenlijn\"},\"image\":{\"@id\":\"https:\\\/\\\/miljoenenlijn.nl\\\/de\\\/#\\\/schema\\\/logo\\\/image\\\/\"},\"sameAs\":[\"https:\\\/\\\/www.facebook.com\\\/miljoenenlijn\",\"https:\\\/\\\/x.com\\\/Miljoenenlijn\",\"https:\\\/\\\/www.instagram.com\\\/miljoenenlijn\\\/\",\"https:\\\/\\\/www.youtube.com\\\/user\\\/ZLSMMiljoenenlijn\"]}]}<\/script>\n<!-- \/ Yoast SEO plugin. -->","yoast_head_json":{"title":"Spender und Partner - De Miljoenenlijn","robots":{"index":"index","follow":"follow","max-snippet":"max-snippet:-1","max-image-preview":"max-image-preview:large","max-video-preview":"max-video-preview:-1"},"canonical":"https:\/\/miljoenenlijn.nl\/de\/spender-und-partner\/","og_locale":"de_DE","og_type":"article","og_title":"Spender und Partner - De Miljoenenlijn","og_url":"https:\/\/miljoenenlijn.nl\/de\/spender-und-partner\/","og_site_name":"De Miljoenenlijn","article_publisher":"https:\/\/www.facebook.com\/miljoenenlijn","article_modified_time":"2022-06-30T07:29:41+00:00","og_image":[{"url":"https:\/\/miljoenenlijn.nl\/wp-content\/uploads\/2022\/06\/ME-website2.webp","type":"","width":"","height":""}],"twitter_card":"summary_large_image","twitter_site":"@Miljoenenlijn","twitter_misc":{"Gesch\u00e4tzte Lesezeit":"2\u00a0Minuten"},"schema":{"@context":"https:\/\/schema.org","@graph":[{"@type":"WebPage","@id":"https:\/\/miljoenenlijn.nl\/de\/spender-und-partner\/","url":"https:\/\/miljoenenlijn.nl\/de\/spender-und-partner\/","name":"Spender und Partner - De Miljoenenlijn","isPartOf":{"@id":"https:\/\/miljoenenlijn.nl\/de\/#website"},"primaryImageOfPage":{"@id":"https:\/\/miljoenenlijn.nl\/de\/spender-und-partner\/#primaryimage"},"image":{"@id":"https:\/\/miljoenenlijn.nl\/de\/spender-und-partner\/#primaryimage"},"thumbnailUrl":"https:\/\/miljoenenlijn.nl\/wp-content\/uploads\/2022\/06\/ME-website2.webp","datePublished":"2022-05-02T13:06:47+00:00","dateModified":"2022-06-30T07:29:41+00:00","breadcrumb":{"@id":"https:\/\/miljoenenlijn.nl\/de\/spender-und-partner\/#breadcrumb"},"inLanguage":"de","potentialAction":[{"@type":"ReadAction","target":["https:\/\/miljoenenlijn.nl\/de\/spender-und-partner\/"]}]},{"@type":"ImageObject","inLanguage":"de","@id":"https:\/\/miljoenenlijn.nl\/de\/spender-und-partner\/#primaryimage","url":"https:\/\/miljoenenlijn.nl\/wp-content\/uploads\/2022\/06\/ME-website2.webp","contentUrl":"https:\/\/miljoenenlijn.nl\/wp-content\/uploads\/2022\/06\/ME-website2.webp"},{"@type":"BreadcrumbList","@id":"https:\/\/miljoenenlijn.nl\/de\/spender-und-partner\/#breadcrumb","itemListElement":[{"@type":"ListItem","position":1,"name":"Home","item":"https:\/\/miljoenenlijn.nl\/de\/"},{"@type":"ListItem","position":2,"name":"Spender und Partner"}]},{"@type":"WebSite","@id":"https:\/\/miljoenenlijn.nl\/de\/#website","url":"https:\/\/miljoenenlijn.nl\/de\/","name":"De Miljoenenlijn","description":"E\u00e9n van de mooiste spoorlijnen van Nederland!","publisher":{"@id":"https:\/\/miljoenenlijn.nl\/de\/#organization"},"potentialAction":[{"@type":"SearchAction","target":{"@type":"EntryPoint","urlTemplate":"https:\/\/miljoenenlijn.nl\/de\/?s={search_term_string}"},"query-input":{"@type":"PropertyValueSpecification","valueRequired":true,"valueName":"search_term_string"}}],"inLanguage":"de"},{"@type":"Organization","@id":"https:\/\/miljoenenlijn.nl\/de\/#organization","name":"De Miljoenenlijn","url":"https:\/\/miljoenenlijn.nl\/de\/","logo":{"@type":"ImageObject","inLanguage":"de","@id":"https:\/\/miljoenenlijn.nl\/de\/#\/schema\/logo\/image\/","url":"https:\/\/miljoenenlijn.nl\/wp-content\/uploads\/2022\/07\/logo-footer-2018.png","contentUrl":"https:\/\/miljoenenlijn.nl\/wp-content\/uploads\/2022\/07\/logo-footer-2018.png","width":700,"height":593,"caption":"De Miljoenenlijn"},"image":{"@id":"https:\/\/miljoenenlijn.nl\/de\/#\/schema\/logo\/image\/"},"sameAs":["https:\/\/www.facebook.com\/miljoenenlijn","https:\/\/x.com\/Miljoenenlijn","https:\/\/www.instagram.com\/miljoenenlijn\/","https:\/\/www.youtube.com\/user\/ZLSMMiljoenenlijn"]}]}},"_links":{"self":[{"href":"https:\/\/miljoenenlijn.nl\/de\/wp-json\/wp\/v2\/pages\/30158","targetHints":{"allow":["GET"]}}],"collection":[{"href":"https:\/\/miljoenenlijn.nl\/de\/wp-json\/wp\/v2\/pages"}],"about":[{"href":"https:\/\/miljoenenlijn.nl\/de\/wp-json\/wp\/v2\/types\/page"}],"author":[{"embeddable":true,"href":"https:\/\/miljoenenlijn.nl\/de\/wp-json\/wp\/v2\/users\/1"}],"replies":[{"embeddable":true,"href":"https:\/\/miljoenenlijn.nl\/de\/wp-json\/wp\/v2\/comments?post=30158"}],"version-history":[{"count":2,"href":"https:\/\/miljoenenlijn.nl\/de\/wp-json\/wp\/v2\/pages\/30158\/revisions"}],"predecessor-version":[{"id":30160,"href":"https:\/\/miljoenenlijn.nl\/de\/wp-json\/wp\/v2\/pages\/30158\/revisions\/30160"}],"wp:attachment":[{"href":"https:\/\/miljoenenlijn.nl\/de\/wp-json\/wp\/v2\/media?parent=30158"}],"curies":[{"name":"wp","href":"https:\/\/api.w.org\/{rel}","templated":true}]}}