{"id":30165,"date":"2022-04-21T16:22:06","date_gmt":"2022-04-21T14:22:06","guid":{"rendered":"https:\/\/miljoenenlijn.nl\/?page_id=30165"},"modified":"2022-07-15T09:46:58","modified_gmt":"2022-07-15T07:46:58","slug":"hintergrundinformationen","status":"publish","type":"page","link":"https:\/\/miljoenenlijn.nl\/de\/hintergrundinformationen\/","title":{"rendered":"Hintergrundinformationen"},"content":{"rendered":"\n<div class=\"ghostkit-grid ghostkit-grid-gap-md\"><div class=\"ghostkit-grid-inner\">\n<div class=\"ghostkit-col ghostkit-col-lg-12 ghostkit-col-2 is-layout-flow wp-block-ghostkit-grid-column-is-layout-flow\"><div class=\"ghostkit-col-content\"><\/div><\/div>\n\n\n\n<div class=\"ghostkit-col ghostkit-col-lg-12 ghostkit-col-8\"><div class=\"ghostkit-col-content is-layout-flow wp-block-ghostkit-grid-column-is-layout-flow\">\n<h2 class=\"wp-block-heading\">Eine reiche Geschichte<\/h2>\n\n\n\n<p>Der Bau begann 1925 und wurde von der Spoorwegbouwbedrijf in Utrecht, einer Tochtergesellschaft der NS, durchgef\u00fchrt. Der Bau war schwierig und teuer. So drohte der Bergbaubetrieb immer wieder Senkungen zu verursachen. Um die H\u00f6henunterschiede so gering wie m\u00f6glich zu halten, wird in dem h\u00fcgeligen Gebiet viel Erde bewegt. W\u00e4hrend der Bahndamm im Tal des Anselerbeek in Kerkrade um 32 Meter angehoben wird, wird die Bahnstrecke zwischen Kerkrade und Simpelveld um 18 Meter abgesenkt, um ein zu starkes Heben und Senken zu verhindern. Noch heute ist die Miljoenenlijn ein Eisenbahndenkmal von gro\u00dfem kulturhistorischem Wert, das die Phantasie befl\u00fcgelt. Bei Jung und Alt! Jeder starrt sich st\u00e4ndig die Augen aus.<\/p>\n<\/div><\/div>\n\n\n\n<div class=\"ghostkit-col ghostkit-col-lg-12 ghostkit-col-2 is-layout-flow wp-block-ghostkit-grid-column-is-layout-flow\"><div class=\"ghostkit-col-content\"><\/div><\/div>\n<\/div><\/div>\n\n\n\n<h2 class=\"wp-block-heading\">Hintergrundartikel<\/h2>\n\n\n\n<p>M\u00f6chten Sie mehr erfahren? Nachfolgend haben wir eine Reihe von Informationen f\u00fcr Sie zusammengestellt.<\/p>\n\n\n<section class=\"eye-block articleindex  alignfull\">\r\n\r\n\t\r\n        <div class=\"container\">\r\n            <div id=\"filterbar-row\" class=\"row\">\r\n                <div class=\"col-12\">\r\n                    <div class=\"articleindex-filterbar\">\r\n                        <ul class=\"nav nav-pills\" id=\"articleFilter\" role=\"group\">\r\n\t\t\t\t\t\t\t                                <li class=\"nav-item\" role=\"presentation\">\r\n                                    <a href=\"javascript:void(0)\" class=\"nav-link active\"\r\n                                       data-filter-article-value=\"station-simpelveld\" data-active-title-value=\"Bahnhof Simpelveld\">\r\n\t\t\t\t\t\t\t\t\t\t Bahnhof Simpelveld                                    <\/a>\r\n                                <\/li>\r\n\t\t\t\t\t\t\t\t                                <li class=\"nav-item\" role=\"presentation\">\r\n                                    <a href=\"javascript:void(0)\" class=\"nav-link \"\r\n                                       data-filter-article-value=\"locomotieven-treinstellen\" data-active-title-value=\"Locomotieven &amp; Treinstellen\">\r\n\t\t\t\t\t\t\t\t\t\t Locomotieven &amp; Treinstellen                                    <\/a>\r\n                                <\/li>\r\n\t\t\t\t\t\t\t\t                                <li class=\"nav-item\" role=\"presentation\">\r\n                                    <a href=\"javascript:void(0)\" class=\"nav-link \"\r\n                                       data-filter-article-value=\"goederenwagens\" data-active-title-value=\"Rijtuigen &amp; Goederenwagens\">\r\n\t\t\t\t\t\t\t\t\t\t Rijtuigen &amp; Goederenwagens                                    <\/a>\r\n                                <\/li>\r\n\t\t\t\t\t\t\t\t                        <\/ul>\r\n                    <\/div>\r\n                <\/div>\r\n            <\/div>\r\n\r\n            <h3 id=\"artikeltype-title\">\r\n                            <\/h3>\r\n\r\n            <div class=\"row article-row\" id=\"eye-article-results\" data-filter-article=\"station-simpelveld\" data-active-title=\"Station Simpelveld\"\r\n                 data-current-postamount=\"6\">\r\n            <\/div>\r\n        <\/div>\r\n\t\r\n<\/section>","protected":false},"excerpt":{"rendered":"<p>Hintergrundartikel M\u00f6chten Sie mehr erfahren? Nachfolgend haben wir eine Reihe von Informationen f\u00fcr Sie zusammengestellt.<\/p>\n","protected":false},"author":1,"featured_media":0,"parent":0,"menu_order":0,"comment_status":"closed","ping_status":"closed","template":"","meta":{"_acf_changed":false,"ghostkit_customizer_options":"","ghostkit_custom_css":"","ghostkit_custom_js_head":"","ghostkit_custom_js_foot":"","ghostkit_typography":"","footnotes":""},"class_list":["post-30165","page","type-page","status-publish","hentry"],"acf":[],"yoast_head":"<!-- This site is optimized with the Yoast SEO plugin v27.3 - https:\/\/yoast.com\/product\/yoast-seo-wordpress\/ -->\n<title>Hintergrundinformationen - De Miljoenenlijn<\/title>\n<meta name=\"robots\" content=\"index, follow, max-snippet:-1, max-image-preview:large, max-video-preview:-1\" \/>\n<link rel=\"canonical\" href=\"https:\/\/miljoenenlijn.nl\/de\/hintergrundinformationen\/\" \/>\n<meta property=\"og:locale\" content=\"de_DE\" \/>\n<meta property=\"og:type\" content=\"article\" \/>\n<meta property=\"og:title\" content=\"Hintergrundinformationen - De Miljoenenlijn\" \/>\n<meta property=\"og:description\" content=\"Hintergrundartikel M\u00f6chten Sie mehr erfahren? Nachfolgend haben wir eine Reihe von Informationen f\u00fcr Sie zusammengestellt.\" \/>\n<meta property=\"og:url\" content=\"https:\/\/miljoenenlijn.nl\/de\/hintergrundinformationen\/\" \/>\n<meta property=\"og:site_name\" content=\"De Miljoenenlijn\" \/>\n<meta property=\"article:publisher\" content=\"https:\/\/www.facebook.com\/miljoenenlijn\" \/>\n<meta property=\"article:modified_time\" content=\"2022-07-15T07:46:58+00:00\" \/>\n<meta name=\"twitter:card\" content=\"summary_large_image\" \/>\n<meta name=\"twitter:site\" content=\"@Miljoenenlijn\" \/>\n<meta name=\"twitter:label1\" content=\"Gesch\u00e4tzte Lesezeit\" \/>\n\t<meta name=\"twitter:data1\" content=\"1\u00a0Minute\" \/>\n<script type=\"application\/ld+json\" class=\"yoast-schema-graph\">{\"@context\":\"https:\\\/\\\/schema.org\",\"@graph\":[{\"@type\":\"WebPage\",\"@id\":\"https:\\\/\\\/miljoenenlijn.nl\\\/de\\\/hintergrundinformationen\\\/\",\"url\":\"https:\\\/\\\/miljoenenlijn.nl\\\/de\\\/hintergrundinformationen\\\/\",\"name\":\"Hintergrundinformationen - De Miljoenenlijn\",\"isPartOf\":{\"@id\":\"https:\\\/\\\/miljoenenlijn.nl\\\/de\\\/#website\"},\"datePublished\":\"2022-04-21T14:22:06+00:00\",\"dateModified\":\"2022-07-15T07:46:58+00:00\",\"breadcrumb\":{\"@id\":\"https:\\\/\\\/miljoenenlijn.nl\\\/de\\\/hintergrundinformationen\\\/#breadcrumb\"},\"inLanguage\":\"de\",\"potentialAction\":[{\"@type\":\"ReadAction\",\"target\":[\"https:\\\/\\\/miljoenenlijn.nl\\\/de\\\/hintergrundinformationen\\\/\"]}]},{\"@type\":\"BreadcrumbList\",\"@id\":\"https:\\\/\\\/miljoenenlijn.nl\\\/de\\\/hintergrundinformationen\\\/#breadcrumb\",\"itemListElement\":[{\"@type\":\"ListItem\",\"position\":1,\"name\":\"Home\",\"item\":\"https:\\\/\\\/miljoenenlijn.nl\\\/de\\\/\"},{\"@type\":\"ListItem\",\"position\":2,\"name\":\"Hintergrundinformationen\"}]},{\"@type\":\"WebSite\",\"@id\":\"https:\\\/\\\/miljoenenlijn.nl\\\/de\\\/#website\",\"url\":\"https:\\\/\\\/miljoenenlijn.nl\\\/de\\\/\",\"name\":\"De Miljoenenlijn\",\"description\":\"E\u00e9n van de mooiste spoorlijnen van Nederland!\",\"publisher\":{\"@id\":\"https:\\\/\\\/miljoenenlijn.nl\\\/de\\\/#organization\"},\"potentialAction\":[{\"@type\":\"SearchAction\",\"target\":{\"@type\":\"EntryPoint\",\"urlTemplate\":\"https:\\\/\\\/miljoenenlijn.nl\\\/de\\\/?s={search_term_string}\"},\"query-input\":{\"@type\":\"PropertyValueSpecification\",\"valueRequired\":true,\"valueName\":\"search_term_string\"}}],\"inLanguage\":\"de\"},{\"@type\":\"Organization\",\"@id\":\"https:\\\/\\\/miljoenenlijn.nl\\\/de\\\/#organization\",\"name\":\"De Miljoenenlijn\",\"url\":\"https:\\\/\\\/miljoenenlijn.nl\\\/de\\\/\",\"logo\":{\"@type\":\"ImageObject\",\"inLanguage\":\"de\",\"@id\":\"https:\\\/\\\/miljoenenlijn.nl\\\/de\\\/#\\\/schema\\\/logo\\\/image\\\/\",\"url\":\"https:\\\/\\\/miljoenenlijn.nl\\\/wp-content\\\/uploads\\\/2022\\\/07\\\/logo-footer-2018.png\",\"contentUrl\":\"https:\\\/\\\/miljoenenlijn.nl\\\/wp-content\\\/uploads\\\/2022\\\/07\\\/logo-footer-2018.png\",\"width\":700,\"height\":593,\"caption\":\"De Miljoenenlijn\"},\"image\":{\"@id\":\"https:\\\/\\\/miljoenenlijn.nl\\\/de\\\/#\\\/schema\\\/logo\\\/image\\\/\"},\"sameAs\":[\"https:\\\/\\\/www.facebook.com\\\/miljoenenlijn\",\"https:\\\/\\\/x.com\\\/Miljoenenlijn\",\"https:\\\/\\\/www.instagram.com\\\/miljoenenlijn\\\/\",\"https:\\\/\\\/www.youtube.com\\\/user\\\/ZLSMMiljoenenlijn\"]}]}<\/script>\n<!-- \/ Yoast SEO plugin. -->","yoast_head_json":{"title":"Hintergrundinformationen - De Miljoenenlijn","robots":{"index":"index","follow":"follow","max-snippet":"max-snippet:-1","max-image-preview":"max-image-preview:large","max-video-preview":"max-video-preview:-1"},"canonical":"https:\/\/miljoenenlijn.nl\/de\/hintergrundinformationen\/","og_locale":"de_DE","og_type":"article","og_title":"Hintergrundinformationen - De Miljoenenlijn","og_description":"Hintergrundartikel M\u00f6chten Sie mehr erfahren? Nachfolgend haben wir eine Reihe von Informationen f\u00fcr Sie zusammengestellt.","og_url":"https:\/\/miljoenenlijn.nl\/de\/hintergrundinformationen\/","og_site_name":"De Miljoenenlijn","article_publisher":"https:\/\/www.facebook.com\/miljoenenlijn","article_modified_time":"2022-07-15T07:46:58+00:00","twitter_card":"summary_large_image","twitter_site":"@Miljoenenlijn","twitter_misc":{"Gesch\u00e4tzte Lesezeit":"1\u00a0Minute"},"schema":{"@context":"https:\/\/schema.org","@graph":[{"@type":"WebPage","@id":"https:\/\/miljoenenlijn.nl\/de\/hintergrundinformationen\/","url":"https:\/\/miljoenenlijn.nl\/de\/hintergrundinformationen\/","name":"Hintergrundinformationen - De Miljoenenlijn","isPartOf":{"@id":"https:\/\/miljoenenlijn.nl\/de\/#website"},"datePublished":"2022-04-21T14:22:06+00:00","dateModified":"2022-07-15T07:46:58+00:00","breadcrumb":{"@id":"https:\/\/miljoenenlijn.nl\/de\/hintergrundinformationen\/#breadcrumb"},"inLanguage":"de","potentialAction":[{"@type":"ReadAction","target":["https:\/\/miljoenenlijn.nl\/de\/hintergrundinformationen\/"]}]},{"@type":"BreadcrumbList","@id":"https:\/\/miljoenenlijn.nl\/de\/hintergrundinformationen\/#breadcrumb","itemListElement":[{"@type":"ListItem","position":1,"name":"Home","item":"https:\/\/miljoenenlijn.nl\/de\/"},{"@type":"ListItem","position":2,"name":"Hintergrundinformationen"}]},{"@type":"WebSite","@id":"https:\/\/miljoenenlijn.nl\/de\/#website","url":"https:\/\/miljoenenlijn.nl\/de\/","name":"De Miljoenenlijn","description":"E\u00e9n van de mooiste spoorlijnen van Nederland!","publisher":{"@id":"https:\/\/miljoenenlijn.nl\/de\/#organization"},"potentialAction":[{"@type":"SearchAction","target":{"@type":"EntryPoint","urlTemplate":"https:\/\/miljoenenlijn.nl\/de\/?s={search_term_string}"},"query-input":{"@type":"PropertyValueSpecification","valueRequired":true,"valueName":"search_term_string"}}],"inLanguage":"de"},{"@type":"Organization","@id":"https:\/\/miljoenenlijn.nl\/de\/#organization","name":"De Miljoenenlijn","url":"https:\/\/miljoenenlijn.nl\/de\/","logo":{"@type":"ImageObject","inLanguage":"de","@id":"https:\/\/miljoenenlijn.nl\/de\/#\/schema\/logo\/image\/","url":"https:\/\/miljoenenlijn.nl\/wp-content\/uploads\/2022\/07\/logo-footer-2018.png","contentUrl":"https:\/\/miljoenenlijn.nl\/wp-content\/uploads\/2022\/07\/logo-footer-2018.png","width":700,"height":593,"caption":"De Miljoenenlijn"},"image":{"@id":"https:\/\/miljoenenlijn.nl\/de\/#\/schema\/logo\/image\/"},"sameAs":["https:\/\/www.facebook.com\/miljoenenlijn","https:\/\/x.com\/Miljoenenlijn","https:\/\/www.instagram.com\/miljoenenlijn\/","https:\/\/www.youtube.com\/user\/ZLSMMiljoenenlijn"]}]}},"_links":{"self":[{"href":"https:\/\/miljoenenlijn.nl\/de\/wp-json\/wp\/v2\/pages\/30165","targetHints":{"allow":["GET"]}}],"collection":[{"href":"https:\/\/miljoenenlijn.nl\/de\/wp-json\/wp\/v2\/pages"}],"about":[{"href":"https:\/\/miljoenenlijn.nl\/de\/wp-json\/wp\/v2\/types\/page"}],"author":[{"embeddable":true,"href":"https:\/\/miljoenenlijn.nl\/de\/wp-json\/wp\/v2\/users\/1"}],"replies":[{"embeddable":true,"href":"https:\/\/miljoenenlijn.nl\/de\/wp-json\/wp\/v2\/comments?post=30165"}],"version-history":[{"count":4,"href":"https:\/\/miljoenenlijn.nl\/de\/wp-json\/wp\/v2\/pages\/30165\/revisions"}],"predecessor-version":[{"id":30674,"href":"https:\/\/miljoenenlijn.nl\/de\/wp-json\/wp\/v2\/pages\/30165\/revisions\/30674"}],"wp:attachment":[{"href":"https:\/\/miljoenenlijn.nl\/de\/wp-json\/wp\/v2\/media?parent=30165"}],"curies":[{"name":"wp","href":"https:\/\/api.w.org\/{rel}","templated":true}]}}