{"id":30173,"date":"2022-06-08T17:17:33","date_gmt":"2022-06-08T15:17:33","guid":{"rendered":"https:\/\/miljoenenlijn.nl\/?page_id=30173"},"modified":"2022-06-30T10:51:14","modified_gmt":"2022-06-30T08:51:14","slug":"stiftung","status":"publish","type":"page","link":"https:\/\/miljoenenlijn.nl\/de\/stiftung\/","title":{"rendered":"Stiftung"},"content":{"rendered":"\n<div class=\"ghostkit-grid ghostkit-grid-gap-md\"><div class=\"ghostkit-grid-inner\">\n<div class=\"ghostkit-col ghostkit-col-lg-12 ghostkit-col-2 is-layout-flow wp-block-ghostkit-grid-column-is-layout-flow\"><div class=\"ghostkit-col-content\"><\/div><\/div>\n\n\n\n<div class=\"ghostkit-col ghostkit-col-lg-12 ghostkit-col-8\"><div class=\"ghostkit-col-content is-layout-flow wp-block-ghostkit-grid-column-is-layout-flow\">\n<h2 class=\"wp-block-heading\">Stichting Zuid-Limburgse Stoomtrein Maatschappij<\/h2>\n\n\n\n<p><strong>Die Stiftung ZLSM (Zuid-Limburgse Stoomtrein Maatschappij) ist die Betreiberin der Miljoenenlijn und setzt sich daf\u00fcr ein, das kulturelle Eisenbahnerbe Limburgs f\u00fcr heutige und zuk\u00fcnftige Generationen zu erhalten.<\/strong><\/p>\n\n\n\n<p>Dieses Ziel kann nur durch den engagierten Einsatz der vielen Freiwilligen, durch Zusch\u00fcsse, Sponsoring und Spenden aus der Wirtschaft und von Spendern erreicht werden. Die Stiftung ist eine &#8222;Allgemeinn\u00fctzige Einrichtung&#8220; (ANBI).<\/p>\n\n\n\n<p>Auf dieser Seite m\u00f6chten wir Ihnen mehr \u00fcber die Geschichte, die Aktivit\u00e4ten unserer Ehrenamtlichen und die M\u00f6glichkeiten zur Unterst\u00fctzung der ZLSM erz\u00e4hlen.<\/p>\n\n\n\r\n<div class=\"eye-block eye_empty_space eye_empty_space--small pt-md-3 pb-md-3 pt-2 pb-2\" ><\/div><\/div><\/div>\n\n\n\n<div class=\"ghostkit-col ghostkit-col-lg-12 ghostkit-col-2 is-layout-flow wp-block-ghostkit-grid-column-is-layout-flow\"><div class=\"ghostkit-col-content\"><\/div><\/div>\n<\/div><\/div>\n\n\n\n<div class=\"ghostkit-grid ghostkit-grid-gap-md\"><div class=\"ghostkit-grid-inner\">\n<div class=\"ghostkit-col ghostkit-col-md-12 ghostkit-col-6\"><div class=\"ghostkit-col-content is-layout-flow wp-block-ghostkit-grid-column-is-layout-flow\"><div class=\"eye-block highlight_element \">\r\n\t    <a href=\"\/de\/hintergrundinformationen\/#artikeltype=ons-materieel\">\r\n\t\t        <div class=\"highlight_element-card\">\r\n            <div class=\"row\">\r\n                <div class=\"col-12 col-lg-4 p-lg-0\">\r\n                    <div class=\"highlight_element__image\">\r\n                        <img decoding=\"async\" src=\"https:\/\/miljoenenlijn.nl\/wp-content\/uploads\/2022\/05\/foto-zlsm.png\"\r\n                             srcset=\"https:\/\/miljoenenlijn.nl\/wp-content\/uploads\/2022\/05\/foto-zlsm.png 768w, https:\/\/miljoenenlijn.nl\/wp-content\/uploads\/2022\/05\/foto-zlsm.png 1024w, https:\/\/miljoenenlijn.nl\/wp-content\/uploads\/2022\/05\/foto-zlsm.png 1536w, https:\/\/miljoenenlijn.nl\/wp-content\/uploads\/2022\/05\/foto-zlsm.png 2048w\"\r\n                             alt=\"\">\r\n                    <\/div>\r\n                <\/div>\r\n                <div class=\"col-12 col-lg-8\">\r\n                    <div class=\"highlight_element__content\">\r\n\t\t\t\t\t\t<h3>Museumssammlung<\/h3>\t\t\t\t\t\t<p>Tauchen Sie in unsere umfangreiche Sammlung von (Dampf-)Lokomotiven ein und erfahren Sie alles \u00fcber ihre Geschichte und Herkunft.<\/p>\n                                                <button class=\"btn btn-with-arrow-after btn-with-arrow-after-green\">\r\n\t\t\t\t\t\t\tUnser Material                        <\/button>\r\n                                            <\/div>\r\n                <\/div>\r\n            <\/div>\r\n        <\/div>\r\n\t\t    <\/a>\r\n    <\/div><\/div><\/div>\n\n\n\n<div class=\"ghostkit-col ghostkit-col-md-12 ghostkit-col-6\"><div class=\"ghostkit-col-content is-layout-flow wp-block-ghostkit-grid-column-is-layout-flow\"><div class=\"eye-block highlight_element \">\r\n\t    <a href=\"\/de\/hintergrundinformationen\/#artikeltype=station-simpelveld\">\r\n\t\t        <div class=\"highlight_element-card\">\r\n            <div class=\"row\">\r\n                <div class=\"col-12 col-lg-4 p-lg-0\">\r\n                    <div class=\"highlight_element__image\">\r\n                        <img decoding=\"async\" src=\"https:\/\/miljoenenlijn.nl\/wp-content\/uploads\/2022\/05\/Station-Simpelveld-1970-768x533.jpg\"\r\n                             srcset=\"https:\/\/miljoenenlijn.nl\/wp-content\/uploads\/2022\/05\/Station-Simpelveld-1970-768x533.jpg 768w, https:\/\/miljoenenlijn.nl\/wp-content\/uploads\/2022\/05\/Station-Simpelveld-1970-1024x711.jpg 1024w, https:\/\/miljoenenlijn.nl\/wp-content\/uploads\/2022\/05\/Station-Simpelveld-1970-1536x1066.jpg 1536w, https:\/\/miljoenenlijn.nl\/wp-content\/uploads\/2022\/05\/Station-Simpelveld-1970.jpg 2048w\"\r\n                             alt=\"\">\r\n                    <\/div>\r\n                <\/div>\r\n                <div class=\"col-12 col-lg-8\">\r\n                    <div class=\"highlight_element__content\">\r\n\t\t\t\t\t\t<h3>Bahnhof Simpelveld<\/h3>\t\t\t\t\t\t<p>Vor rund 100 Jahren war der Grenzbahnhof Simpelveld das wirtschaftliche Zentrum an der Bahnstrecke von Aachen nach Maastricht.<\/p>\n                                                <button class=\"btn btn-with-arrow-after btn-with-arrow-after-green\">\r\n\t\t\t\t\t\t\tUnsere reiche Geschichte                        <\/button>\r\n                                            <\/div>\r\n                <\/div>\r\n            <\/div>\r\n        <\/div>\r\n\t\t    <\/a>\r\n    <\/div><\/div><\/div>\n\n\n\n<div class=\"ghostkit-col ghostkit-col-md-12 ghostkit-col-6\"><div class=\"ghostkit-col-content is-layout-flow wp-block-ghostkit-grid-column-is-layout-flow\"><div class=\"eye-block highlight_element \">\r\n\t    <a href=\"https:\/\/miljoenenlijn.nl\/de\/spender-und-partner\/\">\r\n\t\t        <div class=\"highlight_element-card\">\r\n            <div class=\"row\">\r\n                <div class=\"col-12 col-lg-4 p-lg-0\">\r\n                    <div class=\"highlight_element__image\">\r\n                        <img decoding=\"async\" src=\"https:\/\/miljoenenlijn.nl\/wp-content\/uploads\/2022\/06\/liefhebbers-kenners-260x200-1.jpeg\"\r\n                             srcset=\"https:\/\/miljoenenlijn.nl\/wp-content\/uploads\/2022\/06\/liefhebbers-kenners-260x200-1.jpeg 768w, https:\/\/miljoenenlijn.nl\/wp-content\/uploads\/2022\/06\/liefhebbers-kenners-260x200-1.jpeg 1024w, https:\/\/miljoenenlijn.nl\/wp-content\/uploads\/2022\/06\/liefhebbers-kenners-260x200-1.jpeg 1536w, https:\/\/miljoenenlijn.nl\/wp-content\/uploads\/2022\/06\/liefhebbers-kenners-260x200-1.jpeg 2048w\"\r\n                             alt=\"\">\r\n                    <\/div>\r\n                <\/div>\r\n                <div class=\"col-12 col-lg-8\">\r\n                    <div class=\"highlight_element__content\">\r\n\t\t\t\t\t\t<h3>Spender &#038; Partner<\/h3>\t\t\t\t\t\t<p>Dank unserer zahlreichen Spender, Partner und Sponsoren ist und bleibt es m\u00f6glich, das Limburger Eisenbahnerbe zu erhalten.<\/p>\n                                                <button class=\"btn btn-with-arrow-after btn-with-arrow-after-green\">\r\n\t\t\t\t\t\t\tUnterst\u00fctzt uns                        <\/button>\r\n                                            <\/div>\r\n                <\/div>\r\n            <\/div>\r\n        <\/div>\r\n\t\t    <\/a>\r\n    <\/div><\/div><\/div>\n\n\n\n<div class=\"ghostkit-col ghostkit-col-md-12 ghostkit-col-6\"><div class=\"ghostkit-col-content is-layout-flow wp-block-ghostkit-grid-column-is-layout-flow\"><div class=\"eye-block highlight_element \">\r\n\t    <a href=\"\/de\/stiftung\/ehrenamt\">\r\n\t\t        <div class=\"highlight_element-card\">\r\n            <div class=\"row\">\r\n                <div class=\"col-12 col-lg-4 p-lg-0\">\r\n                    <div class=\"highlight_element__image\">\r\n                        <img decoding=\"async\" src=\"https:\/\/miljoenenlijn.nl\/wp-content\/uploads\/2022\/06\/foto-vrijwilligers-260x200-1.png\"\r\n                             srcset=\"https:\/\/miljoenenlijn.nl\/wp-content\/uploads\/2022\/06\/foto-vrijwilligers-260x200-1.png 768w, https:\/\/miljoenenlijn.nl\/wp-content\/uploads\/2022\/06\/foto-vrijwilligers-260x200-1.png 1024w, https:\/\/miljoenenlijn.nl\/wp-content\/uploads\/2022\/06\/foto-vrijwilligers-260x200-1.png 1536w, https:\/\/miljoenenlijn.nl\/wp-content\/uploads\/2022\/06\/foto-vrijwilligers-260x200-1.png 2048w\"\r\n                             alt=\"\">\r\n                    <\/div>\r\n                <\/div>\r\n                <div class=\"col-12 col-lg-8\">\r\n                    <div class=\"highlight_element__content\">\r\n\t\t\t\t\t\t<h3>Vorstand &#038; Ehrenamtliche<\/h3>\t\t\t\t\t\t<p>Um die Miljoenenlijn am Laufen zu halten, sind mehr als 270 stolze Freiwillige in mehr als 10 verschiedenen Arbeitsgruppen aktiv.<\/p>\n                                                <button class=\"btn btn-with-arrow-after btn-with-arrow-after-green\">\r\n\t\t\t\t\t\t\tUnsere Geschichten                        <\/button>\r\n                                            <\/div>\r\n                <\/div>\r\n            <\/div>\r\n        <\/div>\r\n\t\t    <\/a>\r\n    <\/div><\/div><\/div>\n<\/div><\/div>\n\n\n\r\n<div class=\"eye-block eye_empty_space eye_empty_space--small pt-md-3 pb-md-3 pt-2 pb-2\" ><\/div>","protected":false},"excerpt":{"rendered":"","protected":false},"author":1,"featured_media":0,"parent":0,"menu_order":0,"comment_status":"closed","ping_status":"closed","template":"","meta":{"_acf_changed":false,"ghostkit_customizer_options":"","ghostkit_custom_css":"","ghostkit_custom_js_head":"","ghostkit_custom_js_foot":"","ghostkit_typography":"","footnotes":""},"class_list":["post-30173","page","type-page","status-publish","hentry"],"acf":[],"yoast_head":"<!-- This site is optimized with the Yoast SEO plugin v26.7 - https:\/\/yoast.com\/wordpress\/plugins\/seo\/ -->\n<title>Stiftung - De Miljoenenlijn<\/title>\n<meta name=\"robots\" content=\"index, follow, max-snippet:-1, max-image-preview:large, max-video-preview:-1\" \/>\n<link rel=\"canonical\" href=\"https:\/\/miljoenenlijn.nl\/de\/stiftung\/\" \/>\n<meta property=\"og:locale\" content=\"de_DE\" \/>\n<meta property=\"og:type\" content=\"article\" \/>\n<meta property=\"og:title\" content=\"Stiftung - De Miljoenenlijn\" \/>\n<meta property=\"og:url\" content=\"https:\/\/miljoenenlijn.nl\/de\/stiftung\/\" \/>\n<meta property=\"og:site_name\" content=\"De Miljoenenlijn\" \/>\n<meta property=\"article:publisher\" content=\"https:\/\/www.facebook.com\/miljoenenlijn\" \/>\n<meta property=\"article:modified_time\" content=\"2022-06-30T08:51:14+00:00\" \/>\n<meta name=\"twitter:card\" content=\"summary_large_image\" \/>\n<meta name=\"twitter:site\" content=\"@Miljoenenlijn\" \/>\n<meta name=\"twitter:label1\" content=\"Gesch\u00e4tzte Lesezeit\" \/>\n\t<meta name=\"twitter:data1\" content=\"1\u00a0Minute\" \/>\n<script type=\"application\/ld+json\" class=\"yoast-schema-graph\">{\"@context\":\"https:\/\/schema.org\",\"@graph\":[{\"@type\":\"WebPage\",\"@id\":\"https:\/\/miljoenenlijn.nl\/de\/stiftung\/\",\"url\":\"https:\/\/miljoenenlijn.nl\/de\/stiftung\/\",\"name\":\"Stiftung - De Miljoenenlijn\",\"isPartOf\":{\"@id\":\"https:\/\/miljoenenlijn.nl\/de\/#website\"},\"datePublished\":\"2022-06-08T15:17:33+00:00\",\"dateModified\":\"2022-06-30T08:51:14+00:00\",\"breadcrumb\":{\"@id\":\"https:\/\/miljoenenlijn.nl\/de\/stiftung\/#breadcrumb\"},\"inLanguage\":\"de\",\"potentialAction\":[{\"@type\":\"ReadAction\",\"target\":[\"https:\/\/miljoenenlijn.nl\/de\/stiftung\/\"]}]},{\"@type\":\"BreadcrumbList\",\"@id\":\"https:\/\/miljoenenlijn.nl\/de\/stiftung\/#breadcrumb\",\"itemListElement\":[{\"@type\":\"ListItem\",\"position\":1,\"name\":\"Home\",\"item\":\"https:\/\/miljoenenlijn.nl\/de\/\"},{\"@type\":\"ListItem\",\"position\":2,\"name\":\"Stiftung\"}]},{\"@type\":\"WebSite\",\"@id\":\"https:\/\/miljoenenlijn.nl\/de\/#website\",\"url\":\"https:\/\/miljoenenlijn.nl\/de\/\",\"name\":\"De Miljoenenlijn\",\"description\":\"E\u00e9n van de mooiste spoorlijnen van Nederland!\",\"publisher\":{\"@id\":\"https:\/\/miljoenenlijn.nl\/de\/#organization\"},\"potentialAction\":[{\"@type\":\"SearchAction\",\"target\":{\"@type\":\"EntryPoint\",\"urlTemplate\":\"https:\/\/miljoenenlijn.nl\/de\/?s={search_term_string}\"},\"query-input\":{\"@type\":\"PropertyValueSpecification\",\"valueRequired\":true,\"valueName\":\"search_term_string\"}}],\"inLanguage\":\"de\"},{\"@type\":\"Organization\",\"@id\":\"https:\/\/miljoenenlijn.nl\/de\/#organization\",\"name\":\"De Miljoenenlijn\",\"url\":\"https:\/\/miljoenenlijn.nl\/de\/\",\"logo\":{\"@type\":\"ImageObject\",\"inLanguage\":\"de\",\"@id\":\"https:\/\/miljoenenlijn.nl\/de\/#\/schema\/logo\/image\/\",\"url\":\"https:\/\/miljoenenlijn.nl\/wp-content\/uploads\/2022\/07\/logo-footer-2018.png\",\"contentUrl\":\"https:\/\/miljoenenlijn.nl\/wp-content\/uploads\/2022\/07\/logo-footer-2018.png\",\"width\":700,\"height\":593,\"caption\":\"De Miljoenenlijn\"},\"image\":{\"@id\":\"https:\/\/miljoenenlijn.nl\/de\/#\/schema\/logo\/image\/\"},\"sameAs\":[\"https:\/\/www.facebook.com\/miljoenenlijn\",\"https:\/\/x.com\/Miljoenenlijn\",\"https:\/\/www.instagram.com\/miljoenenlijn\/\",\"https:\/\/www.youtube.com\/user\/ZLSMMiljoenenlijn\"]}]}<\/script>\n<!-- \/ Yoast SEO plugin. -->","yoast_head_json":{"title":"Stiftung - De Miljoenenlijn","robots":{"index":"index","follow":"follow","max-snippet":"max-snippet:-1","max-image-preview":"max-image-preview:large","max-video-preview":"max-video-preview:-1"},"canonical":"https:\/\/miljoenenlijn.nl\/de\/stiftung\/","og_locale":"de_DE","og_type":"article","og_title":"Stiftung - De Miljoenenlijn","og_url":"https:\/\/miljoenenlijn.nl\/de\/stiftung\/","og_site_name":"De Miljoenenlijn","article_publisher":"https:\/\/www.facebook.com\/miljoenenlijn","article_modified_time":"2022-06-30T08:51:14+00:00","twitter_card":"summary_large_image","twitter_site":"@Miljoenenlijn","twitter_misc":{"Gesch\u00e4tzte Lesezeit":"1\u00a0Minute"},"schema":{"@context":"https:\/\/schema.org","@graph":[{"@type":"WebPage","@id":"https:\/\/miljoenenlijn.nl\/de\/stiftung\/","url":"https:\/\/miljoenenlijn.nl\/de\/stiftung\/","name":"Stiftung - De Miljoenenlijn","isPartOf":{"@id":"https:\/\/miljoenenlijn.nl\/de\/#website"},"datePublished":"2022-06-08T15:17:33+00:00","dateModified":"2022-06-30T08:51:14+00:00","breadcrumb":{"@id":"https:\/\/miljoenenlijn.nl\/de\/stiftung\/#breadcrumb"},"inLanguage":"de","potentialAction":[{"@type":"ReadAction","target":["https:\/\/miljoenenlijn.nl\/de\/stiftung\/"]}]},{"@type":"BreadcrumbList","@id":"https:\/\/miljoenenlijn.nl\/de\/stiftung\/#breadcrumb","itemListElement":[{"@type":"ListItem","position":1,"name":"Home","item":"https:\/\/miljoenenlijn.nl\/de\/"},{"@type":"ListItem","position":2,"name":"Stiftung"}]},{"@type":"WebSite","@id":"https:\/\/miljoenenlijn.nl\/de\/#website","url":"https:\/\/miljoenenlijn.nl\/de\/","name":"De Miljoenenlijn","description":"E\u00e9n van de mooiste spoorlijnen van Nederland!","publisher":{"@id":"https:\/\/miljoenenlijn.nl\/de\/#organization"},"potentialAction":[{"@type":"SearchAction","target":{"@type":"EntryPoint","urlTemplate":"https:\/\/miljoenenlijn.nl\/de\/?s={search_term_string}"},"query-input":{"@type":"PropertyValueSpecification","valueRequired":true,"valueName":"search_term_string"}}],"inLanguage":"de"},{"@type":"Organization","@id":"https:\/\/miljoenenlijn.nl\/de\/#organization","name":"De Miljoenenlijn","url":"https:\/\/miljoenenlijn.nl\/de\/","logo":{"@type":"ImageObject","inLanguage":"de","@id":"https:\/\/miljoenenlijn.nl\/de\/#\/schema\/logo\/image\/","url":"https:\/\/miljoenenlijn.nl\/wp-content\/uploads\/2022\/07\/logo-footer-2018.png","contentUrl":"https:\/\/miljoenenlijn.nl\/wp-content\/uploads\/2022\/07\/logo-footer-2018.png","width":700,"height":593,"caption":"De Miljoenenlijn"},"image":{"@id":"https:\/\/miljoenenlijn.nl\/de\/#\/schema\/logo\/image\/"},"sameAs":["https:\/\/www.facebook.com\/miljoenenlijn","https:\/\/x.com\/Miljoenenlijn","https:\/\/www.instagram.com\/miljoenenlijn\/","https:\/\/www.youtube.com\/user\/ZLSMMiljoenenlijn"]}]}},"_links":{"self":[{"href":"https:\/\/miljoenenlijn.nl\/de\/wp-json\/wp\/v2\/pages\/30173","targetHints":{"allow":["GET"]}}],"collection":[{"href":"https:\/\/miljoenenlijn.nl\/de\/wp-json\/wp\/v2\/pages"}],"about":[{"href":"https:\/\/miljoenenlijn.nl\/de\/wp-json\/wp\/v2\/types\/page"}],"author":[{"embeddable":true,"href":"https:\/\/miljoenenlijn.nl\/de\/wp-json\/wp\/v2\/users\/1"}],"replies":[{"embeddable":true,"href":"https:\/\/miljoenenlijn.nl\/de\/wp-json\/wp\/v2\/comments?post=30173"}],"version-history":[{"count":12,"href":"https:\/\/miljoenenlijn.nl\/de\/wp-json\/wp\/v2\/pages\/30173\/revisions"}],"predecessor-version":[{"id":30187,"href":"https:\/\/miljoenenlijn.nl\/de\/wp-json\/wp\/v2\/pages\/30173\/revisions\/30187"}],"wp:attachment":[{"href":"https:\/\/miljoenenlijn.nl\/de\/wp-json\/wp\/v2\/media?parent=30173"}],"curies":[{"name":"wp","href":"https:\/\/api.w.org\/{rel}","templated":true}]}}