{"id":30188,"date":"2022-06-08T17:22:54","date_gmt":"2022-06-08T15:22:54","guid":{"rendered":"https:\/\/miljoenenlijn.nl\/?page_id=30188"},"modified":"2022-06-30T11:20:56","modified_gmt":"2022-06-30T09:20:56","slug":"ehrenamt","status":"publish","type":"page","link":"https:\/\/miljoenenlijn.nl\/de\/stiftung\/ehrenamt\/","title":{"rendered":"Ehrenamt"},"content":{"rendered":"\n<div class=\"ghostkit-grid ghostkit-grid-gap-md\"><div class=\"ghostkit-grid-inner\">\n<div class=\"ghostkit-col ghostkit-col-lg-12 ghostkit-col-2 is-layout-flow wp-block-ghostkit-grid-column-is-layout-flow\"><div class=\"ghostkit-col-content\"><\/div><\/div>\n\n\n\n<div class=\"ghostkit-col ghostkit-col-lg-12 ghostkit-col-8\"><div class=\"ghostkit-col-content is-layout-flow wp-block-ghostkit-grid-column-is-layout-flow\">\n<h2 class=\"wp-block-heading\">\u00dcber die Liebe zum Limburger Eisenbahnerbe<\/h2>\n\n\n\n<p><strong>Um die Miljoenenlijn, die 1988 dank des Einsatzes von vier Enthusiasten f\u00fcr die Nachwelt erhalten wurde, am Laufen zu halten, sind mehr als 270 (!) stolze Freiwillige im Einsatz. Verschiedene Arbeitsgruppen k\u00fcmmern sich um die Instandhaltung von Gleisen, Br\u00fccken, Tunneln, Geb\u00e4uden und historischen Bahnanlagen. Dank ihrer Bem\u00fchungen wird das Limburger Eisenbahnerbe seit mehr als 30 Jahren in Bewegung gehalten.<\/strong><\/p>\n\n\n\n<p>Auf dem Gel\u00e4nde und entlang der Strecke sorgen Freiwillige daf\u00fcr, dass alles in Ordnung ist und sauber aussieht. In der Werkstatt werden die Dampf- und Diesellokomotiven und Waggons technisch gewartet und gegebenenfalls restauriert. Diese Arbeit kann ziemlich schwer sein und f\u00fchrt fast immer zu schmutzigen H\u00e4nden. Die Freiwilligen k\u00fcmmern sich nicht um den Schmutz. Denn was gibt es Sch\u00f6neres, als an einer alten Lokomotive zu arbeiten? Reines handwerkliches K\u00f6nnen und eine Portion Ausdauer sind auch hier der Schl\u00fcssel zum Erfolg. Nun, die Arbeit an einer Dampflokomotive ist nie wirklich abgeschlossen. Die Freiwilligen der Miljoenenlijn wissen das nur zu gut. Selbst wenn man eine Hand vor den Augen hat, sieht man noch zehn Jahre Arbeit vor sich&#8220;, ist eine h\u00e4ufig geh\u00f6rte Aussage. Und das k\u00f6nnte durchaus wahr sein!<\/p>\n\n\n\n<p>Auch im B\u00fcro am Bahnhof Simpelveld herrscht reges Treiben. Hier wird alles hinter den Kulissen organisiert, damit alles reibungslos abl\u00e4uft und die Reisenden die Sch\u00f6nheit der s\u00fcdlimburgischen H\u00fcgellandschaft genie\u00dfen k\u00f6nnen!<\/p>\n\n\n\r\n<div class=\"eye-block card bg--lightgray \">\r\n    \r\n    <div class=\"card__content\">\r\n        <p><strong>Stichting Zuid-Limburgse Stoomtrein Maatschappij<\/strong><\/p>\n<p>Alleingesellschafter der Betreibergesellschaft ZLSM Bedrijf BV<\/p>\n<p>RSIN: 8024.43.850<\/p>\n<p>Stationstraat 20<br \/>\n6369 VJ Simpelveld<\/p>\n<p>Handelskammer: 41077697<br \/>\nKontonummer: NL59 ABNA 0448 2200 08<\/p>\n    <\/div>\r\n<\/div>\n\n\n<h3 class=\"wp-block-heading\">Werden Sie unser neuer Kollege sein?<\/h3>\n\n\n\n<p>Sind Sie an einer ehrenamtlichen T\u00e4tigkeit in der Miljoenenlijn interessiert? Dann melden Sie sich jetzt f\u00fcr eine unserer Einf\u00fchrungsveranstaltungen an und f\u00fcllen Sie das untenstehende Formular aus:<\/p>\n\n\n\r\n<div class=\"eye-block bsbutton mb-3 d-flex justify-content-start\" >\r\n            <a class=\"btn btn-secondary\" href=\"https:\/\/miljoenenlijn.nl\/wp-content\/uploads\/2022\/06\/Aanmeldformulier-Vrijwilligers-Miljoenenlijn-2020.pdf\" target=\"\">Anmeldeformular f\u00fcr Ehrenamtliche<\/a>\r\n    <\/div>\n\n\n<p>Bitte senden Sie dieses Formular an <a href=\"mailto:vrijwilligers@miljoenenlijn.nl\">vrijwilligers@miljoenenlijn.nl<\/a>.<\/p>\n\n\n\n<p>Weitere Informationen \u00fcber ehrenamtliche Arbeit finden Sie auf den Websites&nbsp;<a href=\"https:\/\/www.wehelpen.nl\/\" target=\"_blank\" rel=\"noreferrer noopener\">We Helpen<\/a>&nbsp;und (speziell f\u00fcr die Gemeinde Simpelveld)&nbsp;<a href=\"https:\/\/www.durpswinkel.nl\/content\/vrijwilligerswerk\" target=\"_blank\" rel=\"noreferrer noopener\">D\u2019r Durpswinkel<\/a>.<\/p>\n\n\n\n<p>Sind Sie neugierig auf die Erfahrungen eines Ehrenamtlichen? Lesen Sie die Geschichten von Freiwilligen in\u00a0<a href=\"https:\/\/miljoenenlijn.nl\/vrijwilligers-aan-het-woord-1\/\">\u201cVrijwilligers aan het woord.\u201d<\/a><\/p>\n\n\n\r\n<div class=\"eye-block card bg--white \">\r\n            <div class=\"card__icon\">\r\n            <i class=\"fa-light fa-circle-info\"><\/i>\r\n        <\/div>\r\n    \r\n    <div class=\"card__content\">\r\n        <p>Offene Stellen <a href=\"https:\/\/miljoenenlijn.nl\/de\/stellenangebote\/\">ansehen<\/a><\/p>\n    <\/div>\r\n<\/div>\n\n\n<h3 class=\"wp-block-heading\">Vorstand der Stichting Zuid-Limburgse Stoomtrein Maatschappij (Stiftung S\u00fcdlimburger Dampfeisenbahngesellschaft)<\/h3>\n\n\n\n<p>Die Stichting Zuid-Limburgse Stoomtrein Maatschappij (ZLSM) wurde mit dem Ziel gegr\u00fcndet, das kulturelle Eisenbahnerbe Limburgs zu erhalten. Um dieses Ziel zu erreichen, betreibt sie einen regelm\u00e4\u00dfigen touristischen Zugverkehr mit Dampf- und historischen Diesellokomotiven zwischen Schin op Geul und Kerkrade sowie zwischen Simpelveld und Vetschau in Deutschland. Der Betrieb der Bahngesellschaft ist in der Betriebsgesellschaft ZLSM Bedrijf BV untergebracht. Die Stiftung ist 100%ige Aktion\u00e4rin dieser Betriebsgesellschaft.<\/p>\n\n\n\n<figure class=\"wp-block-table is-style-stripes\"><table class=\"has-fixed-layout\"><tbody><tr><td><strong>Vorsitzender<\/strong><\/td><td>Herr M.L.J. Schellekens<\/td><\/tr><tr><td><strong>Sekret\u00e4r<\/strong><\/td><td>Herr Mr. Drs. J.I.F. Kooijman<\/td><\/tr><tr><td><strong>Schatzmeister<\/strong><\/td><td>Herr H.H.L. Penders<\/td><\/tr><tr><td><strong>Vorstandsmitglied<\/strong><\/td><td>Herr M.J.A. Eurlings<\/td><\/tr><tr><td><strong>Vorstandsmitglied<\/strong><\/td><td>Herr F.M. van Setten<\/td><\/tr><\/tbody><\/table><\/figure>\n\n\n\r\n<div class=\"eye-block eye_empty_space eye_empty_space--small pt-md-3 pb-md-3 pt-2 pb-2\" ><\/div>\n\n\n<h4 class=\"wp-block-heading\"><strong>Entsch\u00e4digungsausschuss ZLSM-Stiftung<\/strong><\/h4>\n\n\n\n<p>Die Mitglieder des ZLSM-Vorstands erhalten f\u00fcr ihre T\u00e4tigkeit keine Verg\u00fctung. Alles geschieht auf freiwilliger Basis.<\/p>\n\n\n\n<h3 class=\"wp-block-heading\">Mehr Informationen \u00fcber<\/h3>\n\n\n\n<ul class=\"wp-block-list\"><li><a href=\"https:\/\/miljoenenlijn.nl\/wp-content\/uploads\/2022\/06\/ZLSM-Meerjarenplan-2018-2023.pdf\">Meerjarenplan 2018 \u2013 2023<\/a><\/li><li><a href=\"https:\/\/miljoenenlijn.nl\/wp-content\/uploads\/2022\/06\/Enkelvoudige-balans-2019.pdf\">Enkelvoudige balans 2019<\/a><\/li><li><a href=\"https:\/\/miljoenenlijn.nl\/wp-content\/uploads\/2022\/06\/Jaarrekening-2018.pdf\">Jaarrekening 2018<\/a><\/li><li><a href=\"https:\/\/miljoenenlijn.nl\/wp-content\/uploads\/2022\/06\/Enkelvoudige-balans-2018.pdf\">Enkelvoudige balans 2018<\/a><\/li><li><a href=\"https:\/\/miljoenenlijn.nl\/wp-content\/uploads\/2022\/06\/Beleidsplan-2018.pdf\">Beleidsplan 2018<\/a><\/li><li><a href=\"https:\/\/miljoenenlijn.nl\/wp-content\/uploads\/2022\/06\/Jaarrekening-2016-Stg-ZLSM-ANBI.pdf\">Jaarrekening 2016<\/a><\/li><li><a href=\"https:\/\/miljoenenlijn.nl\/wp-content\/uploads\/2022\/06\/Baten-en-lasten-2014-2015.pdf\">Jaarrekening 2015<\/a><\/li><\/ul>\n<\/div><\/div>\n\n\n\n<div class=\"ghostkit-col ghostkit-col-lg-12 ghostkit-col-2 is-layout-flow wp-block-ghostkit-grid-column-is-layout-flow\"><div class=\"ghostkit-col-content\"><\/div><\/div>\n<\/div><\/div>\n","protected":false},"excerpt":{"rendered":"","protected":false},"author":1,"featured_media":0,"parent":30173,"menu_order":0,"comment_status":"closed","ping_status":"closed","template":"","meta":{"_acf_changed":false,"ghostkit_customizer_options":"","ghostkit_custom_css":"","ghostkit_custom_js_head":"","ghostkit_custom_js_foot":"","ghostkit_typography":"","footnotes":""},"class_list":["post-30188","page","type-page","status-publish","hentry"],"acf":[],"yoast_head":"<!-- This site is optimized with the Yoast SEO plugin v26.7 - https:\/\/yoast.com\/wordpress\/plugins\/seo\/ -->\n<title>Ehrenamt - De Miljoenenlijn<\/title>\n<meta name=\"robots\" content=\"index, follow, max-snippet:-1, max-image-preview:large, max-video-preview:-1\" \/>\n<link rel=\"canonical\" href=\"https:\/\/miljoenenlijn.nl\/de\/stiftung\/ehrenamt\/\" \/>\n<meta property=\"og:locale\" content=\"de_DE\" \/>\n<meta property=\"og:type\" content=\"article\" \/>\n<meta property=\"og:title\" content=\"Ehrenamt - De Miljoenenlijn\" \/>\n<meta property=\"og:url\" content=\"https:\/\/miljoenenlijn.nl\/de\/stiftung\/ehrenamt\/\" \/>\n<meta property=\"og:site_name\" content=\"De Miljoenenlijn\" \/>\n<meta property=\"article:publisher\" content=\"https:\/\/www.facebook.com\/miljoenenlijn\" \/>\n<meta property=\"article:modified_time\" content=\"2022-06-30T09:20:56+00:00\" \/>\n<meta name=\"twitter:card\" content=\"summary_large_image\" \/>\n<meta name=\"twitter:site\" content=\"@Miljoenenlijn\" \/>\n<meta name=\"twitter:label1\" content=\"Gesch\u00e4tzte Lesezeit\" \/>\n\t<meta name=\"twitter:data1\" content=\"3\u00a0Minuten\" \/>\n<script type=\"application\/ld+json\" class=\"yoast-schema-graph\">{\"@context\":\"https:\/\/schema.org\",\"@graph\":[{\"@type\":\"WebPage\",\"@id\":\"https:\/\/miljoenenlijn.nl\/de\/stiftung\/ehrenamt\/\",\"url\":\"https:\/\/miljoenenlijn.nl\/de\/stiftung\/ehrenamt\/\",\"name\":\"Ehrenamt - De Miljoenenlijn\",\"isPartOf\":{\"@id\":\"https:\/\/miljoenenlijn.nl\/de\/#website\"},\"datePublished\":\"2022-06-08T15:22:54+00:00\",\"dateModified\":\"2022-06-30T09:20:56+00:00\",\"breadcrumb\":{\"@id\":\"https:\/\/miljoenenlijn.nl\/de\/stiftung\/ehrenamt\/#breadcrumb\"},\"inLanguage\":\"de\",\"potentialAction\":[{\"@type\":\"ReadAction\",\"target\":[\"https:\/\/miljoenenlijn.nl\/de\/stiftung\/ehrenamt\/\"]}]},{\"@type\":\"BreadcrumbList\",\"@id\":\"https:\/\/miljoenenlijn.nl\/de\/stiftung\/ehrenamt\/#breadcrumb\",\"itemListElement\":[{\"@type\":\"ListItem\",\"position\":1,\"name\":\"Home\",\"item\":\"https:\/\/miljoenenlijn.nl\/de\/\"},{\"@type\":\"ListItem\",\"position\":2,\"name\":\"Stiftung\",\"item\":\"https:\/\/miljoenenlijn.nl\/de\/stiftung\/\"},{\"@type\":\"ListItem\",\"position\":3,\"name\":\"Ehrenamt\"}]},{\"@type\":\"WebSite\",\"@id\":\"https:\/\/miljoenenlijn.nl\/de\/#website\",\"url\":\"https:\/\/miljoenenlijn.nl\/de\/\",\"name\":\"De Miljoenenlijn\",\"description\":\"E\u00e9n van de mooiste spoorlijnen van Nederland!\",\"publisher\":{\"@id\":\"https:\/\/miljoenenlijn.nl\/de\/#organization\"},\"potentialAction\":[{\"@type\":\"SearchAction\",\"target\":{\"@type\":\"EntryPoint\",\"urlTemplate\":\"https:\/\/miljoenenlijn.nl\/de\/?s={search_term_string}\"},\"query-input\":{\"@type\":\"PropertyValueSpecification\",\"valueRequired\":true,\"valueName\":\"search_term_string\"}}],\"inLanguage\":\"de\"},{\"@type\":\"Organization\",\"@id\":\"https:\/\/miljoenenlijn.nl\/de\/#organization\",\"name\":\"De Miljoenenlijn\",\"url\":\"https:\/\/miljoenenlijn.nl\/de\/\",\"logo\":{\"@type\":\"ImageObject\",\"inLanguage\":\"de\",\"@id\":\"https:\/\/miljoenenlijn.nl\/de\/#\/schema\/logo\/image\/\",\"url\":\"https:\/\/miljoenenlijn.nl\/wp-content\/uploads\/2022\/07\/logo-footer-2018.png\",\"contentUrl\":\"https:\/\/miljoenenlijn.nl\/wp-content\/uploads\/2022\/07\/logo-footer-2018.png\",\"width\":700,\"height\":593,\"caption\":\"De Miljoenenlijn\"},\"image\":{\"@id\":\"https:\/\/miljoenenlijn.nl\/de\/#\/schema\/logo\/image\/\"},\"sameAs\":[\"https:\/\/www.facebook.com\/miljoenenlijn\",\"https:\/\/x.com\/Miljoenenlijn\",\"https:\/\/www.instagram.com\/miljoenenlijn\/\",\"https:\/\/www.youtube.com\/user\/ZLSMMiljoenenlijn\"]}]}<\/script>\n<!-- \/ Yoast SEO plugin. -->","yoast_head_json":{"title":"Ehrenamt - De Miljoenenlijn","robots":{"index":"index","follow":"follow","max-snippet":"max-snippet:-1","max-image-preview":"max-image-preview:large","max-video-preview":"max-video-preview:-1"},"canonical":"https:\/\/miljoenenlijn.nl\/de\/stiftung\/ehrenamt\/","og_locale":"de_DE","og_type":"article","og_title":"Ehrenamt - De Miljoenenlijn","og_url":"https:\/\/miljoenenlijn.nl\/de\/stiftung\/ehrenamt\/","og_site_name":"De Miljoenenlijn","article_publisher":"https:\/\/www.facebook.com\/miljoenenlijn","article_modified_time":"2022-06-30T09:20:56+00:00","twitter_card":"summary_large_image","twitter_site":"@Miljoenenlijn","twitter_misc":{"Gesch\u00e4tzte Lesezeit":"3\u00a0Minuten"},"schema":{"@context":"https:\/\/schema.org","@graph":[{"@type":"WebPage","@id":"https:\/\/miljoenenlijn.nl\/de\/stiftung\/ehrenamt\/","url":"https:\/\/miljoenenlijn.nl\/de\/stiftung\/ehrenamt\/","name":"Ehrenamt - De Miljoenenlijn","isPartOf":{"@id":"https:\/\/miljoenenlijn.nl\/de\/#website"},"datePublished":"2022-06-08T15:22:54+00:00","dateModified":"2022-06-30T09:20:56+00:00","breadcrumb":{"@id":"https:\/\/miljoenenlijn.nl\/de\/stiftung\/ehrenamt\/#breadcrumb"},"inLanguage":"de","potentialAction":[{"@type":"ReadAction","target":["https:\/\/miljoenenlijn.nl\/de\/stiftung\/ehrenamt\/"]}]},{"@type":"BreadcrumbList","@id":"https:\/\/miljoenenlijn.nl\/de\/stiftung\/ehrenamt\/#breadcrumb","itemListElement":[{"@type":"ListItem","position":1,"name":"Home","item":"https:\/\/miljoenenlijn.nl\/de\/"},{"@type":"ListItem","position":2,"name":"Stiftung","item":"https:\/\/miljoenenlijn.nl\/de\/stiftung\/"},{"@type":"ListItem","position":3,"name":"Ehrenamt"}]},{"@type":"WebSite","@id":"https:\/\/miljoenenlijn.nl\/de\/#website","url":"https:\/\/miljoenenlijn.nl\/de\/","name":"De Miljoenenlijn","description":"E\u00e9n van de mooiste spoorlijnen van Nederland!","publisher":{"@id":"https:\/\/miljoenenlijn.nl\/de\/#organization"},"potentialAction":[{"@type":"SearchAction","target":{"@type":"EntryPoint","urlTemplate":"https:\/\/miljoenenlijn.nl\/de\/?s={search_term_string}"},"query-input":{"@type":"PropertyValueSpecification","valueRequired":true,"valueName":"search_term_string"}}],"inLanguage":"de"},{"@type":"Organization","@id":"https:\/\/miljoenenlijn.nl\/de\/#organization","name":"De Miljoenenlijn","url":"https:\/\/miljoenenlijn.nl\/de\/","logo":{"@type":"ImageObject","inLanguage":"de","@id":"https:\/\/miljoenenlijn.nl\/de\/#\/schema\/logo\/image\/","url":"https:\/\/miljoenenlijn.nl\/wp-content\/uploads\/2022\/07\/logo-footer-2018.png","contentUrl":"https:\/\/miljoenenlijn.nl\/wp-content\/uploads\/2022\/07\/logo-footer-2018.png","width":700,"height":593,"caption":"De Miljoenenlijn"},"image":{"@id":"https:\/\/miljoenenlijn.nl\/de\/#\/schema\/logo\/image\/"},"sameAs":["https:\/\/www.facebook.com\/miljoenenlijn","https:\/\/x.com\/Miljoenenlijn","https:\/\/www.instagram.com\/miljoenenlijn\/","https:\/\/www.youtube.com\/user\/ZLSMMiljoenenlijn"]}]}},"_links":{"self":[{"href":"https:\/\/miljoenenlijn.nl\/de\/wp-json\/wp\/v2\/pages\/30188","targetHints":{"allow":["GET"]}}],"collection":[{"href":"https:\/\/miljoenenlijn.nl\/de\/wp-json\/wp\/v2\/pages"}],"about":[{"href":"https:\/\/miljoenenlijn.nl\/de\/wp-json\/wp\/v2\/types\/page"}],"author":[{"embeddable":true,"href":"https:\/\/miljoenenlijn.nl\/de\/wp-json\/wp\/v2\/users\/1"}],"replies":[{"embeddable":true,"href":"https:\/\/miljoenenlijn.nl\/de\/wp-json\/wp\/v2\/comments?post=30188"}],"version-history":[{"count":10,"href":"https:\/\/miljoenenlijn.nl\/de\/wp-json\/wp\/v2\/pages\/30188\/revisions"}],"predecessor-version":[{"id":30200,"href":"https:\/\/miljoenenlijn.nl\/de\/wp-json\/wp\/v2\/pages\/30188\/revisions\/30200"}],"up":[{"embeddable":true,"href":"https:\/\/miljoenenlijn.nl\/de\/wp-json\/wp\/v2\/pages\/30173"}],"wp:attachment":[{"href":"https:\/\/miljoenenlijn.nl\/de\/wp-json\/wp\/v2\/media?parent=30188"}],"curies":[{"name":"wp","href":"https:\/\/api.w.org\/{rel}","templated":true}]}}