{"id":30221,"date":"2022-06-16T09:20:55","date_gmt":"2022-06-16T07:20:55","guid":{"rendered":"https:\/\/miljoenenlijn.nl\/?page_id=30221"},"modified":"2022-06-30T12:05:10","modified_gmt":"2022-06-30T10:05:10","slug":"bahnhof-simpelveld","status":"publish","type":"page","link":"https:\/\/miljoenenlijn.nl\/de\/praktische-information\/bahnhof-simpelveld\/","title":{"rendered":"Bahnhof Simpelveld"},"content":{"rendered":"\n<div class=\"ghostkit-grid ghostkit-grid-gap-md\"><div class=\"ghostkit-grid-inner\">\n<div class=\"ghostkit-col ghostkit-col-lg-12 ghostkit-col-2 is-layout-flow wp-block-ghostkit-grid-column-is-layout-flow\"><div class=\"ghostkit-col-content\"><\/div><\/div>\n\n\n\n<div class=\"ghostkit-col ghostkit-col-lg-12 ghostkit-col-8\"><div class=\"ghostkit-col-content is-layout-flow wp-block-ghostkit-grid-column-is-layout-flow\">\n<h2 class=\"wp-block-heading\">Bahnhof Simpelveld<\/h2>\n\n\n\n<p><strong>Vor rund 100 Jahren war der Grenzbahnhof Simpelveld das wirtschaftliche Zentrum an der Bahnstrecke von Aachen nach Maastricht. Hier wurden alle Reisenden von Zollbeamten kontrolliert. Reisende, denen es gelang, die Kontrollen zu umgehen, tauschten ihre Schmuggelware in einer der acht(!) Kneipen gegen\u00fcber dem Bahnhof.<\/strong><\/p>\n\n\n\n<p>Das alte Bahnhofsgeb\u00e4ude von 1908 ist heute noch zu sehen und bildet das pulsierende Herz der Zuid-Limburgse Stoomtrein Maatschappij. Auf dem Hof finden Sie unser gem\u00fctliches Bahnhofsrestaurant mit Terrasse, &#8218;t Winkel (den Laden) und unser kleines Museum.<\/p>\n\n\n\r\n<div class=\"eye-block eye_empty_space eye_empty_space--small pt-md-3 pb-md-3 pt-2 pb-2\" ><\/div>\n\n\n<h3 class=\"wp-block-heading\">Aktivit\u00e4ten in und um den Bahnhof Simpelveld<\/h3>\n<\/div><\/div>\n\n\n\n<div class=\"ghostkit-col ghostkit-col-lg-12 ghostkit-col-2 is-layout-flow wp-block-ghostkit-grid-column-is-layout-flow\"><div class=\"ghostkit-col-content\"><\/div><\/div>\n<\/div><\/div>\n\n\n\n<div class=\"eye-block photo_content_card d-flex align-items-stretch row bg--lightgray  \">\n                    <div class=\"col-md-4 photo_content_card__image\" style=\"background-image: url(https:\/\/miljoenenlijn.nl\/wp-content\/uploads\/2022\/05\/Bagagecontrole-2.jpeg);\">\n\n            <\/div>\n            <div class=\"col-md-8 photo_content_card__content\">\n                \n\n<h4 class=\"wp-block-heading\">Museum<\/h4>\n\n\n\n<p>In dem kleinen Museum, das im ehemaligen B\u00fcro des Bahnhofsvorstehers untergebracht ist, k\u00f6nnen Sie eine besondere Sammlung historischer Eisenbahngegenst\u00e4nde sehen. Diese Sammlung wurde von einigen Freiwilligen zusammengetragen und durch Spenden von Sammlern erg\u00e4nzt. Auffallend sind die vielen verschiedenen historischen Bahnhofsschilder und die umfangreiche Sammlung von Eisenbahnm\u00fctzen. Sie finden hier auch Attribute aus der Zeit, als der Bahnhof Simpelveld noch ein Bahnhof der niederl\u00e4ndischen Eisenbahn war. Schlie\u00dflich macht das Museum Sie mit der Geschichte der Millionenlinie, der Bahnlinie Aachen-Maastricht, der Limburger Stra\u00dfenbahngesellschaft und der Limburger Bergbaugeschichte bekannt.<\/p>\n\n\n    <\/div>\n\n\n\n<\/div>\n\n\n<div class=\"eye-block photo_content_card d-flex align-items-stretch row bg--lightgray  \">\n                    <div class=\"col-md-4 photo_content_card__image\" style=\"background-image: url(https:\/\/miljoenenlijn.nl\/wp-content\/uploads\/2021\/03\/Ketelklepkast_persleiding_zanddom-scaled-e1614796188849-750x400-1.jpeg);\">\n\n            <\/div>\n            <div class=\"col-md-8 photo_content_card__content\">\n                \n\n<h4 class=\"wp-block-heading\">Miljoenenlijn-Depot<\/h4>\n\n\n\n<p>In der Werkstatt des Miljoenenlijn-Depots wird t\u00e4glich an der Erhaltung des Eisenbahn-Erbes gearbeitet. Spezialisierte Freiwillige der Miljoenenlijn k\u00fcmmern sich um alle Lokomotiven und Waggons. Das Wissen und die Erhaltung des historischen Wertes sind hier von zentraler Bedeutung, egal ob es sich um Dampfz\u00fcge oder G\u00fcterwagen handelt. Auch andere Arbeitsgruppen wie die Arbeitsgruppe Gr\u00fcn (Natur- und Umweltpflege) oder die Arbeitsgruppe Signaltechnik (zust\u00e4ndig f\u00fcr alle Signale, Weichen und Bahn\u00fcberg\u00e4nge) nutzen die Werkstatt als Ausgangspunkt f\u00fcr ihre Arbeit.<\/p>\n\n\n\n<p>Neben der Werkstatt befindet sich die Wagenhalle, in der unsere Sammlung von Lokomotiven und Waggons ausgestellt ist.<br>Auf dem Miljoenenlijn-Depot finden wir schlie\u00dflich die Grube der ehemaligen Drehscheibe und den alten Wasserturm, der noch in Betrieb ist. Sowohl die Grube als auch der Turm sind Denkm\u00e4ler.<\/p>\n\n\n\n<p><em>Bitte beachten Sie: Aus Sicherheitsgr\u00fcnden ist der Besuch der Werkstatt und der Wagenhalle nicht ohne Begleitung m\u00f6glich und erfolgt auf eigene Gefahr. Im Falle von Spezialarbeiten kann die Werkstatt f\u00fcr Besucher geschlossen werden.<\/em><\/p>\n\n\n    <\/div>\n\n\n\n<\/div>\n\n\n<div class=\"eye-block photo_content_card d-flex align-items-stretch row bg--lightgray  \">\n                    <div class=\"col-md-4 photo_content_card__image\" style=\"background-image: url(https:\/\/miljoenenlijn.nl\/wp-content\/uploads\/2022\/06\/brasserie-1.jpeg);\">\n\n            <\/div>\n            <div class=\"col-md-8 photo_content_card__content\">\n                \n\n<h4 class=\"wp-block-heading\">Brasserie Perron 4<\/h4>\n\n\n\n<p>Die Miljoenenlijn befindet sich in der monumentalen Empfangshalle des Bahnhofs Simpelveld und bietet ihren G\u00e4sten ein einzigartiges Bahnhofsrestaurant mit k\u00f6stlicher burgundischer K\u00fcche. Genie\u00dfen Sie die herrliche Aussicht in der &#8222;Brasserie Perron 4&#8220;, wo an Fahrtagen der Dampfzug buchst\u00e4blich vor den Terrassent\u00fcren h\u00e4lt, und erleben Sie die Nostalgie der zwanziger Jahre des letzten Jahrhunderts.<\/p>\n\n\n\r\n<div class=\"eye-block bsbutton mb-3 d-flex justify-content-start\" >\r\n            <a class=\"btn btn-primary\" href=\"https:\/\/miljoenenlijn.nl\/de\/brasserie-perron-4\/\" target=\"\">Mehr \u00fcber die Brasserie Perron 4<\/a>\r\n    <\/div>\n\n    <\/div>\n\n\n\n<\/div>\n\n\n<div class=\"eye-block photo_content_card d-flex align-items-stretch row bg--lightgray  \">\n                    <div class=\"col-md-4 photo_content_card__image\" style=\"background-image: url(https:\/\/miljoenenlijn.nl\/wp-content\/uploads\/2022\/06\/Vacature-Winkeltje-site-768x482.webp);\">\n\n            <\/div>\n            <div class=\"col-md-8 photo_content_card__content\">\n                \n\n<h4 class=\"wp-block-heading\">Das L\u00e4dchen<\/h4>\n\n\n\n<p>Im Bahnhofsrestaurant finden Sie einen kleinen Souvenirladen. Hier gibt es eine gro\u00dfe Auswahl an Kleidung, Gadgets, (Eisenbahn-)B\u00fcchern, Landkarten und nat\u00fcrlich Spielzeug zu kaufen. Die Verk\u00e4uferin hilft Ihnen gerne bei der Auswahl des richtigen Geschenks. Mit Ihrem Einkauf im &#8218;t Winkeltje unterst\u00fctzen Sie auch die Stiftung ZLSM und tragen so zur Erhaltung unseres historischen Erbes bei.<\/p>\n\n\n    <\/div>\n\n\n\n<\/div>\n\n\n<div class=\"eye-block photo_content_card d-flex align-items-stretch row bg--lightgray  \">\n                    <div class=\"col-md-4 photo_content_card__image\" style=\"background-image: url(https:\/\/miljoenenlijn.nl\/wp-content\/uploads\/2022\/06\/header-rijdagen-750x400-1.jpeg);\">\n\n            <\/div>\n            <div class=\"col-md-8 photo_content_card__content\">\n                \n\n<h4 class=\"wp-block-heading\">Gef\u00fchrte Tour<\/h4>\n\n\n\n<p>Am Bahnhof Simpelveld ist es auch m\u00f6glich, eine F\u00fchrung \u00fcber den Bahnhofsvorplatz zu machen. Ein fachkundiger F\u00fchrer f\u00fchrt Sie durch die Geschichte von Simpelveld, des Bahnhofs und der Z\u00fcge der Miljoenenlijn und gibt technische Erkl\u00e4rungen zu allem, was f\u00fcr den Betrieb eines Zuges notwendig ist. W\u00e4hrend der etwa 45-min\u00fctigen Tour werden Sie auch das Stellwerk und die Werkstatt besichtigen. Nat\u00fcrlich gibt es reichlich Gelegenheit, Fragen zu stellen. Fragen Sie an der Kasse nach den M\u00f6glichkeiten!<\/p>\n\n\n    <\/div>\n\n\n\n<\/div>\n\n\n<div class=\"eye-block photo_content_card d-flex align-items-stretch row bg--lightgray  \">\n                    <div class=\"col-md-4 photo_content_card__image\" style=\"background-image: url(https:\/\/miljoenenlijn.nl\/wp-content\/uploads\/2017\/12\/ZLSM-Web-achtergrond-1024x614-750x400-1.jpeg);\">\n\n            <\/div>\n            <div class=\"col-md-8 photo_content_card__content\">\n                \n\n<h4 class=\"wp-block-heading\">Miniatur-Eisenbahn<\/h4>\n\n\n\n<p>Die Kinder (und oft auch ihre Eltern) werden begeistert sein. Auf dieser Modelleisenbahn unter freiem Himmel fahren die Z\u00fcge durch eine Miniaturlandschaft mit H\u00fcgeln, Br\u00fccken und Tunneln. Diese so genannte LGB-Eisenbahn befindet sich auf dem 1. Bahnsteig, gleich hinter dem Restaurant und dem Picknickplatz.<\/p>\n\n\n    <\/div>\n\n\n\n<\/div>\n\n\n<div class=\"eye-block photo_content_card d-flex align-items-stretch row bg--lightgray  \">\n                    <div class=\"col-md-4 photo_content_card__image\" style=\"background-image: url(https:\/\/miljoenenlijn.nl\/wp-content\/uploads\/2022\/06\/seinhuiswachter.jpeg);\">\n\n            <\/div>\n            <div class=\"col-md-8 photo_content_card__content\">\n                \n\n<h4 class=\"wp-block-heading\">Stellwerke<\/h4>\n\n\n\n<p>Der Stellwerker am Posten T im Bahnhof ist zusammen mit den Stellwerkern an den beiden Stellwerken f\u00fcr die Bedienung der verschiedenen Weichen, Signale und Bahn\u00fcberg\u00e4nge zust\u00e4ndig. Ohne die Anwesenheit des Stellwerksw\u00e4rters kann kein Zug abfahren oder ankommen.&nbsp;Der Bahnhof Simpelveld ist noch vollst\u00e4ndig durch das klassische (mechanische) Sicherheitssystem gesch\u00fctzt. Unsere ehrenamtlichen Mitarbeiter werden Ihnen gerne mehr dar\u00fcber erz\u00e4hlen und Ihnen zeigen, wie alle Hebel und Kn\u00f6pfe im Stellwerk funktionieren.<\/p>\n\n\n    <\/div>\n\n\n\n<\/div>\n\n\r\n<div class=\"eye-block eye_empty_space eye_empty_space--small pt-md-3 pb-md-3 pt-2 pb-2\" ><\/div>\n\n<section class=\"eye-block articleindex  alignfull\">\r\n\r\n\t\r\n        <div class=\"container\">\r\n            <div id=\"filterbar-row\" class=\"row\">\r\n                <div class=\"col-12\">\r\n                    <div class=\"articleindex-filterbar\">\r\n                        <ul class=\"nav nav-pills\" id=\"articleFilter\" role=\"group\">\r\n\t\t\t\t\t\t\t                                <li class=\"nav-item\" role=\"presentation\">\r\n                                    <a href=\"javascript:void(0)\" class=\"nav-link active\"\r\n                                       data-filter-article-value=\"station-simpelveld\" data-active-title-value=\"Bahnhof Simpelveld\">\r\n\t\t\t\t\t\t\t\t\t\t Bahnhof Simpelveld                                    <\/a>\r\n                                <\/li>\r\n\t\t\t\t\t\t\t\t                                <li class=\"nav-item\" role=\"presentation\">\r\n                                    <a href=\"javascript:void(0)\" class=\"nav-link \"\r\n                                       data-filter-article-value=\"locomotieven-treinstellen\" data-active-title-value=\"Locomotieven &amp; Treinstellen\">\r\n\t\t\t\t\t\t\t\t\t\t Locomotieven &amp; Treinstellen                                    <\/a>\r\n                                <\/li>\r\n\t\t\t\t\t\t\t\t                                <li class=\"nav-item\" role=\"presentation\">\r\n                                    <a href=\"javascript:void(0)\" class=\"nav-link \"\r\n                                       data-filter-article-value=\"goederenwagens\" data-active-title-value=\"Rijtuigen &amp; Goederenwagens\">\r\n\t\t\t\t\t\t\t\t\t\t Rijtuigen &amp; Goederenwagens                                    <\/a>\r\n                                <\/li>\r\n\t\t\t\t\t\t\t\t                        <\/ul>\r\n                    <\/div>\r\n                <\/div>\r\n            <\/div>\r\n\r\n            <h3 id=\"artikeltype-title\">\r\n                            <\/h3>\r\n\r\n            <div class=\"row article-row\" id=\"eye-article-results\" data-filter-article=\"station-simpelveld\" data-active-title=\"Station Simpelveld\"\r\n                 data-current-postamount=\"6\">\r\n            <\/div>\r\n        <\/div>\r\n\t\r\n<\/section>","protected":false},"excerpt":{"rendered":"","protected":false},"author":1,"featured_media":26802,"parent":29641,"menu_order":0,"comment_status":"closed","ping_status":"closed","template":"","meta":{"_acf_changed":false,"ghostkit_customizer_options":"","ghostkit_custom_css":"","ghostkit_custom_js_head":"","ghostkit_custom_js_foot":"","ghostkit_typography":"","footnotes":""},"class_list":["post-30221","page","type-page","status-publish","has-post-thumbnail","hentry"],"acf":[],"yoast_head":"<!-- This site is optimized with the Yoast SEO plugin v26.7 - https:\/\/yoast.com\/wordpress\/plugins\/seo\/ -->\n<title>Bahnhof Simpelveld - De Miljoenenlijn<\/title>\n<meta name=\"robots\" content=\"index, follow, max-snippet:-1, max-image-preview:large, max-video-preview:-1\" \/>\n<link rel=\"canonical\" href=\"https:\/\/miljoenenlijn.nl\/de\/praktische-information\/bahnhof-simpelveld\/\" \/>\n<meta property=\"og:locale\" content=\"de_DE\" \/>\n<meta property=\"og:type\" content=\"article\" \/>\n<meta property=\"og:title\" content=\"Bahnhof Simpelveld - De Miljoenenlijn\" \/>\n<meta property=\"og:url\" content=\"https:\/\/miljoenenlijn.nl\/de\/praktische-information\/bahnhof-simpelveld\/\" \/>\n<meta property=\"og:site_name\" content=\"De Miljoenenlijn\" \/>\n<meta property=\"article:publisher\" content=\"https:\/\/www.facebook.com\/miljoenenlijn\" \/>\n<meta property=\"article:modified_time\" content=\"2022-06-30T10:05:10+00:00\" \/>\n<meta property=\"og:image\" content=\"https:\/\/miljoenenlijn.nl\/wp-content\/uploads\/2022\/06\/Tekening-Station-Simpelveld-site-750x353-1.jpeg\" \/>\n\t<meta property=\"og:image:width\" content=\"750\" \/>\n\t<meta property=\"og:image:height\" content=\"353\" \/>\n\t<meta property=\"og:image:type\" content=\"image\/jpeg\" \/>\n<meta name=\"twitter:card\" content=\"summary_large_image\" \/>\n<meta name=\"twitter:site\" content=\"@Miljoenenlijn\" \/>\n<meta name=\"twitter:label1\" content=\"Gesch\u00e4tzte Lesezeit\" \/>\n\t<meta name=\"twitter:data1\" content=\"4\u00a0Minuten\" \/>\n<script type=\"application\/ld+json\" class=\"yoast-schema-graph\">{\"@context\":\"https:\/\/schema.org\",\"@graph\":[{\"@type\":\"WebPage\",\"@id\":\"https:\/\/miljoenenlijn.nl\/de\/praktische-information\/bahnhof-simpelveld\/\",\"url\":\"https:\/\/miljoenenlijn.nl\/de\/praktische-information\/bahnhof-simpelveld\/\",\"name\":\"Bahnhof Simpelveld - De Miljoenenlijn\",\"isPartOf\":{\"@id\":\"https:\/\/miljoenenlijn.nl\/de\/#website\"},\"primaryImageOfPage\":{\"@id\":\"https:\/\/miljoenenlijn.nl\/de\/praktische-information\/bahnhof-simpelveld\/#primaryimage\"},\"image\":{\"@id\":\"https:\/\/miljoenenlijn.nl\/de\/praktische-information\/bahnhof-simpelveld\/#primaryimage\"},\"thumbnailUrl\":\"https:\/\/miljoenenlijn.nl\/wp-content\/uploads\/2022\/06\/Tekening-Station-Simpelveld-site-750x353-1.jpeg\",\"datePublished\":\"2022-06-16T07:20:55+00:00\",\"dateModified\":\"2022-06-30T10:05:10+00:00\",\"breadcrumb\":{\"@id\":\"https:\/\/miljoenenlijn.nl\/de\/praktische-information\/bahnhof-simpelveld\/#breadcrumb\"},\"inLanguage\":\"de\",\"potentialAction\":[{\"@type\":\"ReadAction\",\"target\":[\"https:\/\/miljoenenlijn.nl\/de\/praktische-information\/bahnhof-simpelveld\/\"]}]},{\"@type\":\"ImageObject\",\"inLanguage\":\"de\",\"@id\":\"https:\/\/miljoenenlijn.nl\/de\/praktische-information\/bahnhof-simpelveld\/#primaryimage\",\"url\":\"https:\/\/miljoenenlijn.nl\/wp-content\/uploads\/2022\/06\/Tekening-Station-Simpelveld-site-750x353-1.jpeg\",\"contentUrl\":\"https:\/\/miljoenenlijn.nl\/wp-content\/uploads\/2022\/06\/Tekening-Station-Simpelveld-site-750x353-1.jpeg\",\"width\":750,\"height\":353},{\"@type\":\"BreadcrumbList\",\"@id\":\"https:\/\/miljoenenlijn.nl\/de\/praktische-information\/bahnhof-simpelveld\/#breadcrumb\",\"itemListElement\":[{\"@type\":\"ListItem\",\"position\":1,\"name\":\"Home\",\"item\":\"https:\/\/miljoenenlijn.nl\/de\/\"},{\"@type\":\"ListItem\",\"position\":2,\"name\":\"Praktische Information\",\"item\":\"https:\/\/miljoenenlijn.nl\/de\/praktische-information\/\"},{\"@type\":\"ListItem\",\"position\":3,\"name\":\"Bahnhof Simpelveld\"}]},{\"@type\":\"WebSite\",\"@id\":\"https:\/\/miljoenenlijn.nl\/de\/#website\",\"url\":\"https:\/\/miljoenenlijn.nl\/de\/\",\"name\":\"De Miljoenenlijn\",\"description\":\"E\u00e9n van de mooiste spoorlijnen van Nederland!\",\"publisher\":{\"@id\":\"https:\/\/miljoenenlijn.nl\/de\/#organization\"},\"potentialAction\":[{\"@type\":\"SearchAction\",\"target\":{\"@type\":\"EntryPoint\",\"urlTemplate\":\"https:\/\/miljoenenlijn.nl\/de\/?s={search_term_string}\"},\"query-input\":{\"@type\":\"PropertyValueSpecification\",\"valueRequired\":true,\"valueName\":\"search_term_string\"}}],\"inLanguage\":\"de\"},{\"@type\":\"Organization\",\"@id\":\"https:\/\/miljoenenlijn.nl\/de\/#organization\",\"name\":\"De Miljoenenlijn\",\"url\":\"https:\/\/miljoenenlijn.nl\/de\/\",\"logo\":{\"@type\":\"ImageObject\",\"inLanguage\":\"de\",\"@id\":\"https:\/\/miljoenenlijn.nl\/de\/#\/schema\/logo\/image\/\",\"url\":\"https:\/\/miljoenenlijn.nl\/wp-content\/uploads\/2022\/07\/logo-footer-2018.png\",\"contentUrl\":\"https:\/\/miljoenenlijn.nl\/wp-content\/uploads\/2022\/07\/logo-footer-2018.png\",\"width\":700,\"height\":593,\"caption\":\"De Miljoenenlijn\"},\"image\":{\"@id\":\"https:\/\/miljoenenlijn.nl\/de\/#\/schema\/logo\/image\/\"},\"sameAs\":[\"https:\/\/www.facebook.com\/miljoenenlijn\",\"https:\/\/x.com\/Miljoenenlijn\",\"https:\/\/www.instagram.com\/miljoenenlijn\/\",\"https:\/\/www.youtube.com\/user\/ZLSMMiljoenenlijn\"]}]}<\/script>\n<!-- \/ Yoast SEO plugin. -->","yoast_head_json":{"title":"Bahnhof Simpelveld - De Miljoenenlijn","robots":{"index":"index","follow":"follow","max-snippet":"max-snippet:-1","max-image-preview":"max-image-preview:large","max-video-preview":"max-video-preview:-1"},"canonical":"https:\/\/miljoenenlijn.nl\/de\/praktische-information\/bahnhof-simpelveld\/","og_locale":"de_DE","og_type":"article","og_title":"Bahnhof Simpelveld - De Miljoenenlijn","og_url":"https:\/\/miljoenenlijn.nl\/de\/praktische-information\/bahnhof-simpelveld\/","og_site_name":"De Miljoenenlijn","article_publisher":"https:\/\/www.facebook.com\/miljoenenlijn","article_modified_time":"2022-06-30T10:05:10+00:00","og_image":[{"width":750,"height":353,"url":"https:\/\/miljoenenlijn.nl\/wp-content\/uploads\/2022\/06\/Tekening-Station-Simpelveld-site-750x353-1.jpeg","type":"image\/jpeg"}],"twitter_card":"summary_large_image","twitter_site":"@Miljoenenlijn","twitter_misc":{"Gesch\u00e4tzte Lesezeit":"4\u00a0Minuten"},"schema":{"@context":"https:\/\/schema.org","@graph":[{"@type":"WebPage","@id":"https:\/\/miljoenenlijn.nl\/de\/praktische-information\/bahnhof-simpelveld\/","url":"https:\/\/miljoenenlijn.nl\/de\/praktische-information\/bahnhof-simpelveld\/","name":"Bahnhof Simpelveld - De Miljoenenlijn","isPartOf":{"@id":"https:\/\/miljoenenlijn.nl\/de\/#website"},"primaryImageOfPage":{"@id":"https:\/\/miljoenenlijn.nl\/de\/praktische-information\/bahnhof-simpelveld\/#primaryimage"},"image":{"@id":"https:\/\/miljoenenlijn.nl\/de\/praktische-information\/bahnhof-simpelveld\/#primaryimage"},"thumbnailUrl":"https:\/\/miljoenenlijn.nl\/wp-content\/uploads\/2022\/06\/Tekening-Station-Simpelveld-site-750x353-1.jpeg","datePublished":"2022-06-16T07:20:55+00:00","dateModified":"2022-06-30T10:05:10+00:00","breadcrumb":{"@id":"https:\/\/miljoenenlijn.nl\/de\/praktische-information\/bahnhof-simpelveld\/#breadcrumb"},"inLanguage":"de","potentialAction":[{"@type":"ReadAction","target":["https:\/\/miljoenenlijn.nl\/de\/praktische-information\/bahnhof-simpelveld\/"]}]},{"@type":"ImageObject","inLanguage":"de","@id":"https:\/\/miljoenenlijn.nl\/de\/praktische-information\/bahnhof-simpelveld\/#primaryimage","url":"https:\/\/miljoenenlijn.nl\/wp-content\/uploads\/2022\/06\/Tekening-Station-Simpelveld-site-750x353-1.jpeg","contentUrl":"https:\/\/miljoenenlijn.nl\/wp-content\/uploads\/2022\/06\/Tekening-Station-Simpelveld-site-750x353-1.jpeg","width":750,"height":353},{"@type":"BreadcrumbList","@id":"https:\/\/miljoenenlijn.nl\/de\/praktische-information\/bahnhof-simpelveld\/#breadcrumb","itemListElement":[{"@type":"ListItem","position":1,"name":"Home","item":"https:\/\/miljoenenlijn.nl\/de\/"},{"@type":"ListItem","position":2,"name":"Praktische Information","item":"https:\/\/miljoenenlijn.nl\/de\/praktische-information\/"},{"@type":"ListItem","position":3,"name":"Bahnhof Simpelveld"}]},{"@type":"WebSite","@id":"https:\/\/miljoenenlijn.nl\/de\/#website","url":"https:\/\/miljoenenlijn.nl\/de\/","name":"De Miljoenenlijn","description":"E\u00e9n van de mooiste spoorlijnen van Nederland!","publisher":{"@id":"https:\/\/miljoenenlijn.nl\/de\/#organization"},"potentialAction":[{"@type":"SearchAction","target":{"@type":"EntryPoint","urlTemplate":"https:\/\/miljoenenlijn.nl\/de\/?s={search_term_string}"},"query-input":{"@type":"PropertyValueSpecification","valueRequired":true,"valueName":"search_term_string"}}],"inLanguage":"de"},{"@type":"Organization","@id":"https:\/\/miljoenenlijn.nl\/de\/#organization","name":"De Miljoenenlijn","url":"https:\/\/miljoenenlijn.nl\/de\/","logo":{"@type":"ImageObject","inLanguage":"de","@id":"https:\/\/miljoenenlijn.nl\/de\/#\/schema\/logo\/image\/","url":"https:\/\/miljoenenlijn.nl\/wp-content\/uploads\/2022\/07\/logo-footer-2018.png","contentUrl":"https:\/\/miljoenenlijn.nl\/wp-content\/uploads\/2022\/07\/logo-footer-2018.png","width":700,"height":593,"caption":"De Miljoenenlijn"},"image":{"@id":"https:\/\/miljoenenlijn.nl\/de\/#\/schema\/logo\/image\/"},"sameAs":["https:\/\/www.facebook.com\/miljoenenlijn","https:\/\/x.com\/Miljoenenlijn","https:\/\/www.instagram.com\/miljoenenlijn\/","https:\/\/www.youtube.com\/user\/ZLSMMiljoenenlijn"]}]}},"_links":{"self":[{"href":"https:\/\/miljoenenlijn.nl\/de\/wp-json\/wp\/v2\/pages\/30221","targetHints":{"allow":["GET"]}}],"collection":[{"href":"https:\/\/miljoenenlijn.nl\/de\/wp-json\/wp\/v2\/pages"}],"about":[{"href":"https:\/\/miljoenenlijn.nl\/de\/wp-json\/wp\/v2\/types\/page"}],"author":[{"embeddable":true,"href":"https:\/\/miljoenenlijn.nl\/de\/wp-json\/wp\/v2\/users\/1"}],"replies":[{"embeddable":true,"href":"https:\/\/miljoenenlijn.nl\/de\/wp-json\/wp\/v2\/comments?post=30221"}],"version-history":[{"count":2,"href":"https:\/\/miljoenenlijn.nl\/de\/wp-json\/wp\/v2\/pages\/30221\/revisions"}],"predecessor-version":[{"id":30224,"href":"https:\/\/miljoenenlijn.nl\/de\/wp-json\/wp\/v2\/pages\/30221\/revisions\/30224"}],"up":[{"embeddable":true,"href":"https:\/\/miljoenenlijn.nl\/de\/wp-json\/wp\/v2\/pages\/29641"}],"wp:featuredmedia":[{"embeddable":true,"href":"https:\/\/miljoenenlijn.nl\/de\/wp-json\/wp\/v2\/media\/26802"}],"wp:attachment":[{"href":"https:\/\/miljoenenlijn.nl\/de\/wp-json\/wp\/v2\/media?parent=30221"}],"curies":[{"name":"wp","href":"https:\/\/api.w.org\/{rel}","templated":true}]}}